{"id":429,"date":"2021-09-24T09:52:21","date_gmt":"2021-09-24T09:52:21","guid":{"rendered":"https:\/\/novo.dec-kroatio.hr\/?post_type=product&#038;p=429"},"modified":"2021-09-24T09:55:04","modified_gmt":"2021-09-24T09:55:04","slug":"la-aventuroj-de-jombor-kaj-miki","status":"publish","type":"product","link":"https:\/\/novo.dec-kroatio.hr\/hr\/proizvod\/la-aventuroj-de-jombor-kaj-miki\/","title":{"rendered":"\u201cLa aventuroj de Jombor kaj Miki\u201d"},"content":{"rendered":"<p><img loading=\"lazy\" class=\"alignnone size-medium wp-image-422\" src=\"https:\/\/novo.dec-kroatio.hr\/wp-content\/uploads\/2021\/09\/Julian-Modest-La-aventuroj-de-Jombor-kaj-Miki-212x300.jpg\" alt=\"\" width=\"212\" height=\"300\" srcset=\"https:\/\/novo.dec-kroatio.hr\/wp-content\/uploads\/2021\/09\/Julian-Modest-La-aventuroj-de-Jombor-kaj-Miki-212x300.jpg 212w, https:\/\/novo.dec-kroatio.hr\/wp-content\/uploads\/2021\/09\/Julian-Modest-La-aventuroj-de-Jombor-kaj-Miki-724x1024.jpg 724w, https:\/\/novo.dec-kroatio.hr\/wp-content\/uploads\/2021\/09\/Julian-Modest-La-aventuroj-de-Jombor-kaj-Miki-768x1086.jpg 768w, https:\/\/novo.dec-kroatio.hr\/wp-content\/uploads\/2021\/09\/Julian-Modest-La-aventuroj-de-Jombor-kaj-Miki-1086x1536.jpg 1086w, https:\/\/novo.dec-kroatio.hr\/wp-content\/uploads\/2021\/09\/Julian-Modest-La-aventuroj-de-Jombor-kaj-Miki-1448x2048.jpg 1448w, https:\/\/novo.dec-kroatio.hr\/wp-content\/uploads\/2021\/09\/Julian-Modest-La-aventuroj-de-Jombor-kaj-Miki-8x12.jpg 8w, https:\/\/novo.dec-kroatio.hr\/wp-content\/uploads\/2021\/09\/Julian-Modest-La-aventuroj-de-Jombor-kaj-Miki-591x836.jpg 591w, https:\/\/novo.dec-kroatio.hr\/wp-content\/uploads\/2021\/09\/Julian-Modest-La-aventuroj-de-Jombor-kaj-Miki-scaled.jpg 1811w\" sizes=\"(max-width: 212px) 100vw, 212px\" \/><\/p>\n","protected":false},"excerpt":{"rendered":"<p>Knjiga \u201cLa aventuroj de Jombor kaj Miki\u201d (Pustolovine Jombora i Mikija), objavljena je pro\u0161le godine i progla\u0161ena Dje\u010djom knjigom godine na esperantu.<\/p>\n<p>Knjigu je izvorno na esperantu napisao Julian Modest (Georgi Mihalkov) iz Sofije (Bugarska), a likovno ju je opremila mlada hrvatska ilustratorica Ivana Pleskina.<\/p>\n","protected":false},"featured_media":422,"comment_status":"open","ping_status":"closed","template":"","meta":[],"_links":{"self":[{"href":"https:\/\/novo.dec-kroatio.hr\/hr\/wp-json\/wp\/v2\/product\/429"}],"collection":[{"href":"https:\/\/novo.dec-kroatio.hr\/hr\/wp-json\/wp\/v2\/product"}],"about":[{"href":"https:\/\/novo.dec-kroatio.hr\/hr\/wp-json\/wp\/v2\/types\/product"}],"replies":[{"embeddable":true,"href":"https:\/\/novo.dec-kroatio.hr\/hr\/wp-json\/wp\/v2\/comments?post=429"}],"wp:featuredmedia":[{"embeddable":true,"href":"https:\/\/novo.dec-kroatio.hr\/hr\/wp-json\/wp\/v2\/media\/422"}],"wp:attachment":[{"href":"https:\/\/novo.dec-kroatio.hr\/hr\/wp-json\/wp\/v2\/media?parent=429"}],"curies":[{"name":"wp","href":"https:\/\/api.w.org\/{rel}","templated":true}]}}