{"id":904,"date":"2023-01-14T12:00:58","date_gmt":"2023-01-14T12:00:58","guid":{"rendered":"https:\/\/novo.dec-kroatio.hr\/about\/"},"modified":"2023-02-10T20:58:21","modified_gmt":"2023-02-10T20:58:21","slug":"kongresni-izlet","status":"publish","type":"page","link":"https:\/\/novo.dec-kroatio.hr\/hr\/kongresni-izlet\/","title":{"rendered":"Kongresni izlet"},"content":{"rendered":"\n\n<h2>Kongresni izlet<\/h2>\n\n<p>Na kongresni izlet odlazimo autobusom u nedjelju, 2. srpnja.<\/p><br><p>Obilazimo SUHOPOLJE (razgled <a href=\"https:\/\/www.dvorac-jankovic.hr\/\"><strong style=\"color: rgb(31, 73, 125);\">dvorca Jankovi\u0107<\/strong><\/a>), VIROVITICU (razgled <a href=\"https:\/\/www.tz-virovitica.hr\/dvorac-pejacevic\/\"><span xmlns=\"http:\/\/www.w3.org\/1999\/xhtml\" style=\"color: rgb(31, 73, 125);\"><strong>dvorca Peja\u010devi\u0107<\/strong><\/span><\/a><strong><\/strong>) i GRABROVNICU (razgled <a href=\"http:\/\/www.preradovic.eu\/\"><span xmlns=\"http:\/\/www.w3.org\/1999\/xhtml\" style=\"color: rgb(31, 73, 125);\"><strong>rodne ku\u0107e Petra Preradovi\u0107a<\/strong><\/span><\/a><strong><\/strong>).<\/p><br><p>Cijena izleta: 35,00 eura po osobi<\/p><br><p>U cjenu je ura\u010dunat autobusni prijevoz, ulaznice za objekte koji se posje\u0107uju, vodi\u010di te zajedni\u010dki ru\u010dak.<\/p>\n\n\n","protected":false},"excerpt":{"rendered":"","protected":false},"author":1,"featured_media":0,"parent":0,"menu_order":0,"comment_status":"closed","ping_status":"closed","template":"","meta":[],"_links":{"self":[{"href":"https:\/\/novo.dec-kroatio.hr\/hr\/wp-json\/wp\/v2\/pages\/904"}],"collection":[{"href":"https:\/\/novo.dec-kroatio.hr\/hr\/wp-json\/wp\/v2\/pages"}],"about":[{"href":"https:\/\/novo.dec-kroatio.hr\/hr\/wp-json\/wp\/v2\/types\/page"}],"author":[{"embeddable":true,"href":"https:\/\/novo.dec-kroatio.hr\/hr\/wp-json\/wp\/v2\/users\/1"}],"replies":[{"embeddable":true,"href":"https:\/\/novo.dec-kroatio.hr\/hr\/wp-json\/wp\/v2\/comments?post=904"}],"version-history":[{"count":3,"href":"https:\/\/novo.dec-kroatio.hr\/hr\/wp-json\/wp\/v2\/pages\/904\/revisions"}],"predecessor-version":[{"id":907,"href":"https:\/\/novo.dec-kroatio.hr\/hr\/wp-json\/wp\/v2\/pages\/904\/revisions\/907"}],"wp:attachment":[{"href":"https:\/\/novo.dec-kroatio.hr\/hr\/wp-json\/wp\/v2\/media?parent=904"}],"curies":[{"name":"wp","href":"https:\/\/api.w.org\/{rel}","templated":true}]}}