{"id":884,"date":"2023-01-14T12:00:58","date_gmt":"2023-01-14T12:00:58","guid":{"rendered":"https:\/\/novo.dec-kroatio.hr\/about\/"},"modified":"2023-02-10T20:21:56","modified_gmt":"2023-02-10T20:21:56","slug":"smjestaj","status":"publish","type":"page","link":"https:\/\/novo.dec-kroatio.hr\/hr\/smjestaj\/","title":{"rendered":"Smje\u0161taj"},"content":{"rendered":"\n\n<h2>Smje\u0161taj<\/h2>\n\n<p>Smje\u0161taj sudionika kongresa organiziran je u:<\/p><p>1. Lova\u010dkom domu Peski u dvokrevetnim sobama (no\u0107enje bez doru\u010dka) s ura\u010dunatom turisti\u010dkom pristojbom po cijeni od 25,00 eura po osobi i po danu.<\/p><p>2. Hotelu Picok (****) u jednokrevetnim i dvokrevetnim sobama (no\u0107enje bez doru\u010dka) s ura\u010dunatom turisti\u010dkom pristojbom po cijeni od 50,00, odnosno 42,00 eura po osobi i po danu.<\/p><br><p>Smje\u0161taj mo\u017eete rezervirati <a href=\"https:\/\/novo.dec-kroatio.hr\/narudzbenica-za-smjestaj\"><strong style=\"color: rgb(31, 73, 125);\">mre\u017enom narud\u017ebenicom<\/strong><\/a> ili elektroni\u010dkom po\u0161tom na adresu organizatora: <strong>dec.kroatio@gmail.com<\/strong><\/p><br><p><strong>Narud\u017eba vrijedi nakon izvr\u0161ene uplate na ra\u010dun Dokumentacijskog esperantskog centra \u0110ur\u0111evac broj: HR0723400091111000952.<\/strong><\/p>\n\n\n\n\n\n\n\n\n","protected":false},"excerpt":{"rendered":"","protected":false},"author":1,"featured_media":0,"parent":0,"menu_order":0,"comment_status":"closed","ping_status":"closed","template":"","meta":[],"_links":{"self":[{"href":"https:\/\/novo.dec-kroatio.hr\/hr\/wp-json\/wp\/v2\/pages\/884"}],"collection":[{"href":"https:\/\/novo.dec-kroatio.hr\/hr\/wp-json\/wp\/v2\/pages"}],"about":[{"href":"https:\/\/novo.dec-kroatio.hr\/hr\/wp-json\/wp\/v2\/types\/page"}],"author":[{"embeddable":true,"href":"https:\/\/novo.dec-kroatio.hr\/hr\/wp-json\/wp\/v2\/users\/1"}],"replies":[{"embeddable":true,"href":"https:\/\/novo.dec-kroatio.hr\/hr\/wp-json\/wp\/v2\/comments?post=884"}],"version-history":[{"count":4,"href":"https:\/\/novo.dec-kroatio.hr\/hr\/wp-json\/wp\/v2\/pages\/884\/revisions"}],"predecessor-version":[{"id":897,"href":"https:\/\/novo.dec-kroatio.hr\/hr\/wp-json\/wp\/v2\/pages\/884\/revisions\/897"}],"wp:attachment":[{"href":"https:\/\/novo.dec-kroatio.hr\/hr\/wp-json\/wp\/v2\/media?parent=884"}],"curies":[{"name":"wp","href":"https:\/\/api.w.org\/{rel}","templated":true}]}}