{"id":777,"date":"2023-01-14T12:00:58","date_gmt":"2023-01-14T12:00:58","guid":{"rendered":"https:\/\/novo.dec-kroatio.hr\/about\/"},"modified":"2023-12-06T18:49:22","modified_gmt":"2023-12-06T18:49:22","slug":"kongres-hrvatskih-esperantista-2023","status":"publish","type":"page","link":"https:\/\/novo.dec-kroatio.hr\/hr\/kongres-hrvatskih-esperantista-2023\/","title":{"rendered":"Kongres hrvatskih esperantista &#8211; 2023"},"content":{"rendered":"\n\n\n<p>Tradicija kongresa hrvatskih esperantista datira od 1997. godine, kada je u Zagrebu odr\u017ean prvi takav skup. Slijedili su gradovi Vara\u017edin (1998.), Osijek (1999.), \u0110ur\u0111evac (2000.), Rijeka (2002.), Zagreb (2003.), Zabok (2005.), Velika Gorica (2010.), Bjelovar (2011.) i Koprivnica (2012.). Nakon 10. kongresa u Koprivnici do\u0161lo je do stanke duge 11 godina bez odr\u017eavanja kongresa. Premda je postojala \u017eelja da se tradicija odr\u017eavanja kongresa nastavi, oni se nisu odr\u017eavali uglavnom zbog nedostatka mjesnih organizatora. Godine 2022. Dokumentacijski esperantski centar ponovno je Hrvatskom savezu za esperanto uputio svoju kandidaturu za organizatora kongresa, temelje\u0107i svoju odluku na iskustvu koje su \u0111ur\u0111eva\u010dki esperantisti stekli tijekom organizacije dvaju ranijih kongresa: onoga u \u0110ur\u0111evcu 2000. i u Koprivnici 2012. godine.<\/p>\n<p>&nbsp;<\/p>\n<p>Prema odluci Hrvatskog saveza za esperanto, 11. kongres hrvatskih esperantista odr\u017eat \u0107e se u <a href=\"https:\/\/eo.wikipedia.org\/wiki\/%C4%90ur%C4%91evac\"><u><b> \u0110ur\u0111evcu<\/b><\/u><\/a>, o kome mo\u017eete vidjeti nekoliko fotografija u na\u0161oj <a href=\"https:\/\/novo.dec-kroatio.hr\/hr\/foto-djurdjevac\/\"><u><b>fotogaleriji<\/b><\/u><\/a>, ali ovaj skup \u017eeli postati ne\u0161to vi\u0161e od pukog nacionalog kongresa. Esperantisti vi\u0161e zemalja izrazili su \u017eelju odazvati se skupu, jer u Europi, a i ina\u010de u cijelom svijetu, nedostaje sli\u010dnih manjih priredbi. Slijedom toga, organizatori kongresa pozivaju ne samo hrvatske esperantiste, nego i istomi\u0161ljenike iz ostalih (posebice susjednih i bliskih) zemalja da se pridru\u017ee sudionicima ovoga skupa. Nazo\u010dnost esperantista barem iz Europske Unije i drugih europskih zemalja sada \u0107e biti lak\u0161a, jer je od 1. sije\u010dnja 2023. godine Hrvatska postala dijelom \u0161engenskog prostora, a od istoga datuma koristi i euro ako svoju valutu.&nbsp;<\/p>\n<p>&nbsp;<\/p>\n<p>Da bi organizatori \u0161to je mogu\u0107e prije bili sigurni o broju sudionika kongresa, pozivamo sve esperantiste da se prijave ve\u0107 u prvom periodu prijava, kada su <a href=\"https:\/\/novo.dec-kroatio.hr\/wp-content\/uploads\/2023\/01\/Kongresnine.pdf\" style=\"\"><u style=\"\"><b> kongresnine<\/b> <\/u> <\/a> najpovoljnije.&nbsp; Po mogu\u0107nosti koristite <a href=\"https:\/\/novo.dec-kroatio.hr\/pristupnica\/\" <b=\"\"><u><b>mre\u017enu pristupnicu<\/b><\/u> <\/a> , a ako vam je zgodnije, mo\u017eete koristiti i <a href=\"https:\/\/novo.dec-kroatio.hr\/wp-content\/uploads\/2023\/01\/alighilo_djurdjevac.pdf\"><u><b>printanu pristupnicu<\/b><\/u> <\/a>.&nbsp;<\/p>\n<p>&nbsp;<\/p>\n<p>Za sve kongresne potrebe i pitanja, obratite se organizatorima elektroni\u010dkom po\u0161tom: <b><u>dec.kroatio@gmail.com<\/u><\/b> ili nazovite kongresnog tajnika: <b>+385 98 248 574<\/b> (Josip Pleadin).<\/p>\n\n\n\n\n\n\n","protected":false},"excerpt":{"rendered":"","protected":false},"author":1,"featured_media":0,"parent":0,"menu_order":0,"comment_status":"closed","ping_status":"closed","template":"","meta":[],"_links":{"self":[{"href":"https:\/\/novo.dec-kroatio.hr\/hr\/wp-json\/wp\/v2\/pages\/777"}],"collection":[{"href":"https:\/\/novo.dec-kroatio.hr\/hr\/wp-json\/wp\/v2\/pages"}],"about":[{"href":"https:\/\/novo.dec-kroatio.hr\/hr\/wp-json\/wp\/v2\/types\/page"}],"author":[{"embeddable":true,"href":"https:\/\/novo.dec-kroatio.hr\/hr\/wp-json\/wp\/v2\/users\/1"}],"replies":[{"embeddable":true,"href":"https:\/\/novo.dec-kroatio.hr\/hr\/wp-json\/wp\/v2\/comments?post=777"}],"version-history":[{"count":12,"href":"https:\/\/novo.dec-kroatio.hr\/hr\/wp-json\/wp\/v2\/pages\/777\/revisions"}],"predecessor-version":[{"id":1137,"href":"https:\/\/novo.dec-kroatio.hr\/hr\/wp-json\/wp\/v2\/pages\/777\/revisions\/1137"}],"wp:attachment":[{"href":"https:\/\/novo.dec-kroatio.hr\/hr\/wp-json\/wp\/v2\/media?parent=777"}],"curies":[{"name":"wp","href":"https:\/\/api.w.org\/{rel}","templated":true}]}}