{"id":38,"date":"2021-04-03T12:12:58","date_gmt":"2021-04-03T12:12:58","guid":{"rendered":"https:\/\/novo.dec-kroatio.hr\/about\/"},"modified":"2022-01-24T08:06:34","modified_gmt":"2022-01-24T08:06:34","slug":"o-nama","status":"publish","type":"page","link":"https:\/\/novo.dec-kroatio.hr\/hr\/o-nama\/","title":{"rendered":"O nama"},"content":{"rendered":"\r\n\r\n\r\n\r\n\r\n<h2>O nama\u00a0<\/h2>\r\n\r\n\r\n\r\n<p>Dokumentacijski esperantski centar (DEC) iz \u0110ur\u0111evca je nacionalni esperantski arhiv<br \/>hrvatskih esperantista i jedna od najve\u0107ih esperantskih zbirki na podru\u010dju jugoisto\u010dne Europe.<br \/>Stvaranje arhiva zapo\u010delo je po\u010detkom 1980-tih godina kao privatne zbirke esperantskih materijala<br \/>Josipa Pleadina, a ozvani\u010deno osnivanjem udruge pod nazivom Dokumentacijski esperantski centar<br \/>(DEC) 13. lipnja 2010. godine.<\/p>\r\n<p>&nbsp;<\/p>\r\n<p>Kao prioritetni zadatak DEC-a, u \u010dlanku 8. <a href=\"http:\/\/novo.dec-kroatio.hr\/wp-content\/uploads\/2021\/04\/dokumenti-jp\/Statut_DEC-a.pdf\"><u><strong>Statuta<\/strong><\/u><\/a> navodi se \u201eudru\u017eivanja esperantista i<br \/>simpatizera esperanta na projektima prikupljanja, arhiviranja, \u010duvanja, za\u0161tite, vrednovanja,<br \/>dokumentiranja, obrade i kori\u0161tenja knjiga, \u010dasopisa, fotografija, dokumenata i ostale tiskane,<br \/>pisane, slikovne, filmske, zvu\u010dne i elektroni\u010dke gra\u0111e na i o me\u0111unarodnom jeziku esperantu,<br \/>spa\u0161avanja takve gra\u0111e od propadanja i nastojanja da se za\u0161titi od strane gradskih, regionalnih ili<br \/>dr\u017eavnih institucija kao nacionalno kulturno dobro\u201d.<\/p>\r\n<p>&nbsp;<\/p>\r\n<p>Rje\u0161enjem Uprave za za\u0161titu kulturne ba\u0161tine od 11. velja\u010de 2019. godine, KLASA: UP\/I-<br \/>612-08\/18-06\/0150, URBROJ: 532-04-01-03-02\/2-19-2, \u201etradicija esperanta u Hrvatskoj\u201d stekla je<br \/>svojstvo nematerijalnog kulturnog dobra te upisana u Registar kulturnih dobara Republike Hrvatske<br \/>&#8211; Listu za\u0161ti\u0107enih kulturnih dobara pod brojem Z &#8211; 7298. U predmetnom Rje\u0161enju Dokumentacijski<br \/>esperantski centar iz \u0110ur\u0111evca izrijekom se navodi kao jedan od nositelja navedenog kulturnog<br \/>dobra te je postao najzna\u010dajnijim \u010duvateljem esperantske arhivske gra\u0111e u Hrvatskoj, ali i gra\u0111e za<br \/>podru\u010dje biv\u0161e Jugoslavije.<\/p>\r\n<p>&nbsp;<\/p>\r\n<p>Arhivska zbirka DEC-a stoji na raspolaganju svim zainteresiranim osobama i institucijama.<br \/>O uvjetima kori\u0161tenja pogledajte <a href=\"https:\/\/novo.dec-kroatio.hr\/hr\/uvjeti-koristenja\/\"><u><strong>ovdje<\/strong><\/u><\/a>.<\/p>\r\n<p>&nbsp;<\/p>\r\n<p><strong>Sjedi\u0161te:<\/strong> Bana Jela\u010di\u0107a 138A, HR-48350 \u0110ur\u0111evac, Hrvatska<br \/>Posjeti mogu\u0107i od ponedjeljka do subote uz prethodnu najavu.<br \/><strong>Elektroni\u010dka adresa:<\/strong> dec.kroatio@gmail.com<br \/><strong>Telefon:<\/strong> +385 48 733 297<br \/><strong>Radni jezici:<\/strong> hrvatski i esperanto<br \/><strong>OIB:<\/strong> 05256180196<br \/><strong>Poslovni ra\u010dun:<\/strong> HR0723400091111000952<\/p>\r\n\r\n\r\n\r\n\r\n\r\n\r\n\r\n\r\n\r\n\r\n\r\n<p>&nbsp;<\/p>","protected":false},"excerpt":{"rendered":"<p>&nbsp;<\/p>\n","protected":false},"author":1,"featured_media":0,"parent":0,"menu_order":0,"comment_status":"closed","ping_status":"closed","template":"","meta":[],"_links":{"self":[{"href":"https:\/\/novo.dec-kroatio.hr\/hr\/wp-json\/wp\/v2\/pages\/38"}],"collection":[{"href":"https:\/\/novo.dec-kroatio.hr\/hr\/wp-json\/wp\/v2\/pages"}],"about":[{"href":"https:\/\/novo.dec-kroatio.hr\/hr\/wp-json\/wp\/v2\/types\/page"}],"author":[{"embeddable":true,"href":"https:\/\/novo.dec-kroatio.hr\/hr\/wp-json\/wp\/v2\/users\/1"}],"replies":[{"embeddable":true,"href":"https:\/\/novo.dec-kroatio.hr\/hr\/wp-json\/wp\/v2\/comments?post=38"}],"version-history":[{"count":22,"href":"https:\/\/novo.dec-kroatio.hr\/hr\/wp-json\/wp\/v2\/pages\/38\/revisions"}],"predecessor-version":[{"id":490,"href":"https:\/\/novo.dec-kroatio.hr\/hr\/wp-json\/wp\/v2\/pages\/38\/revisions\/490"}],"wp:attachment":[{"href":"https:\/\/novo.dec-kroatio.hr\/hr\/wp-json\/wp\/v2\/media?parent=38"}],"curies":[{"name":"wp","href":"https:\/\/api.w.org\/{rel}","templated":true}]}}