{"id":326,"date":"2021-04-03T12:12:58","date_gmt":"2021-04-03T12:12:58","guid":{"rendered":"https:\/\/novo.dec-kroatio.hr\/home\/"},"modified":"2022-02-08T16:37:47","modified_gmt":"2022-02-08T16:37:47","slug":"home_clone","status":"publish","type":"page","link":"https:\/\/novo.dec-kroatio.hr\/hr\/","title":{"rendered":"Po\u010detna"},"content":{"rendered":"\n\n\n\n{&#8220;title&#8221;:&#8221;&#8221;,&#8221;number&#8221;:&#8221;5&#8243;,&#8221;show_date&#8221;:&#8221;1&#8243;}\n\n\n\n\n\n\n\r\n<p>\u010cuvanje esperantskog naslje\u0111a za budu\u0107e generacije te izgradnja povoljnog dru\u0161tvenog okru\u017eenja i pozitivnog javnog mnijenja o esperantu u Hrvatskoj.<\/p>\r\n\n\n\n\r\n<p>Stalnim radom na o\u010duvanju arhivske gra\u0111e ste\u0107i poziciju vode\u0107eg esperantskog arhiva u ju\u017enoj i jugoisto\u010dnoj Europi te postati prepoznatljivim i po\u017eeljnim partnerom esperantskim arhivskim institucijama na globalnoj razini.<\/p>\r\n\n\n\n\r\n<p>\u201eTradicija esperanta u Hrvatskoj\u201d stekla je status nematerijalnog kulturnog dobra broj Z-7298 temeljem Rje\u0161enja Uprave za za\u0161titu kulturnih dobara od 11. velja\u010de 2019. godine, a Dokumentacijski esperantski centar jedan je od nositelja toga kulturnog dobra.<\/p>\r\n\n\n\n\n\n\n\n\n\n\r\n<h3>Nau\u010dite esperanto<\/h3>\r\n\n\r\n<p>Esperanto mo\u017eete nau\u010diti na grupnim te\u010dajevima u esperantskim dru\u0161tvima tesamostalnim u\u010denjem kod ku\u0107e ili putem interneta.\u00a0<\/p>\r\n<p>&nbsp;<\/p>\r\n<p><strong><u><a href=\"https:\/\/novo.dec-kroatio.hr\/hr\/trgovina\/\">Ud\u017ebenik<\/a><\/u><\/strong> esperanta za samostalno u\u010denje naru\u010dite u na\u0161oj knji\u017eari. Dokumentacijski esperantski centar povremeno organizira i grupne te\u010dajeve u svom prostoru, o \u010demu pratite informacije u rubrici \u201eNovosti\u201d. Na va\u0161 zahtjev, Dokumentacijski esperantski centar mo\u017ee organizirati i grupno u\u010denje esperanta u drugim gradovima u Hrvatskoj, gdje se stvori dovoljno velika grupa polaznika. Internetski te\u010daj za Hrvate po Zagreba\u010dkoj metodi mo\u017eete na\u0107i <strong><u><a href=\"https:\/\/learn.esperanto.com\/hr\/\">ovdje<\/a><\/u><\/strong>.\u00a0<\/p>\r\n<p>&nbsp;<\/p>\r\n<p>Uspje\u0161no u\u010denje esperanta preko nekog drugog jezika nudi portal <strong><u><a href=\"https:\/\/www.duolingo.com\">Duolingo<\/a><\/u><\/strong>.<\/p>\r\n\n\n\n\n\n\n\n\n\n\r\n<h4>Svjetski savez esperantista<\/h4>\r\n\n\n\n\r\n<h4>Hrvatski savez za esperanto<\/h4>\r\n\n\n\n\r\n<h4>Dru\u0161tvo esperantista Bjelovara<\/h4>\r\n\n\n\n","protected":false},"excerpt":{"rendered":"","protected":false},"author":1,"featured_media":0,"parent":0,"menu_order":0,"comment_status":"closed","ping_status":"closed","template":"","meta":[],"_links":{"self":[{"href":"https:\/\/novo.dec-kroatio.hr\/hr\/wp-json\/wp\/v2\/pages\/326"}],"collection":[{"href":"https:\/\/novo.dec-kroatio.hr\/hr\/wp-json\/wp\/v2\/pages"}],"about":[{"href":"https:\/\/novo.dec-kroatio.hr\/hr\/wp-json\/wp\/v2\/types\/page"}],"author":[{"embeddable":true,"href":"https:\/\/novo.dec-kroatio.hr\/hr\/wp-json\/wp\/v2\/users\/1"}],"replies":[{"embeddable":true,"href":"https:\/\/novo.dec-kroatio.hr\/hr\/wp-json\/wp\/v2\/comments?post=326"}],"version-history":[{"count":11,"href":"https:\/\/novo.dec-kroatio.hr\/hr\/wp-json\/wp\/v2\/pages\/326\/revisions"}],"predecessor-version":[{"id":492,"href":"https:\/\/novo.dec-kroatio.hr\/hr\/wp-json\/wp\/v2\/pages\/326\/revisions\/492"}],"wp:attachment":[{"href":"https:\/\/novo.dec-kroatio.hr\/hr\/wp-json\/wp\/v2\/media?parent=326"}],"curies":[{"name":"wp","href":"https:\/\/api.w.org\/{rel}","templated":true}]}}