{"id":252,"date":"2021-04-03T12:12:58","date_gmt":"2021-04-03T12:12:58","guid":{"rendered":"https:\/\/novo.dec-kroatio.hr\/about\/"},"modified":"2021-04-23T10:58:22","modified_gmt":"2021-04-23T10:58:22","slug":"podrzite-nas","status":"publish","type":"page","link":"https:\/\/novo.dec-kroatio.hr\/hr\/podrzite-nas\/","title":{"rendered":"Podr\u017eite nas"},"content":{"rendered":"\r\n\r\n\r\n\r\n\r\n<h2>Podr\u017eite nas\u00a0<\/h2>\r\n\r\n\r\n\r\n<p>Od listopada 2017. do rujna 2019. godine va\u0161im donacijama izgradili smo<br \/>sjedi\u0161te Dokumentacijskog esperantskog centra. U tijeku 2020. ugradili smo sustav<br \/>centralnog grijanja, a u 2021. godini namjeravamo na\u0161 Centar opremiti potrebnim<br \/>arhivskim ormarima za odgovaraju\u0107u pohranu gradiva. Ukoliko nam \u017eelite pomo\u0107i u<br \/>na\u0161im nastojanjima, va\u0161e donacije mo\u017eete uplatiti na na\u0161 vi\u0161evalutni poslovni ra\u010dun<br \/>kod Privredne banke Zagreb broj:<\/p>\r\n<p><strong>IBAN: HR0723400091111000952<\/strong><br \/><strong>BIC\/SWIFT: PBZGHR2X<\/strong><\/p>\r\n<p>&nbsp;<\/p>\r\n<p>Unaprijed hvala svim donatorima!<\/p>\r\n<p>&nbsp;<\/p>\r\n<p>&nbsp;<\/p>\r\n\r\n\r\n\r\n\r\n\r\n\r\n\r\n\r\n\r\n<p>&nbsp;<\/p>","protected":false},"excerpt":{"rendered":"<p>&nbsp;<\/p>\n","protected":false},"author":1,"featured_media":0,"parent":0,"menu_order":0,"comment_status":"closed","ping_status":"closed","template":"","meta":[],"_links":{"self":[{"href":"https:\/\/novo.dec-kroatio.hr\/hr\/wp-json\/wp\/v2\/pages\/252"}],"collection":[{"href":"https:\/\/novo.dec-kroatio.hr\/hr\/wp-json\/wp\/v2\/pages"}],"about":[{"href":"https:\/\/novo.dec-kroatio.hr\/hr\/wp-json\/wp\/v2\/types\/page"}],"author":[{"embeddable":true,"href":"https:\/\/novo.dec-kroatio.hr\/hr\/wp-json\/wp\/v2\/users\/1"}],"replies":[{"embeddable":true,"href":"https:\/\/novo.dec-kroatio.hr\/hr\/wp-json\/wp\/v2\/comments?post=252"}],"version-history":[{"count":4,"href":"https:\/\/novo.dec-kroatio.hr\/hr\/wp-json\/wp\/v2\/pages\/252\/revisions"}],"predecessor-version":[{"id":314,"href":"https:\/\/novo.dec-kroatio.hr\/hr\/wp-json\/wp\/v2\/pages\/252\/revisions\/314"}],"wp:attachment":[{"href":"https:\/\/novo.dec-kroatio.hr\/hr\/wp-json\/wp\/v2\/media?parent=252"}],"curies":[{"name":"wp","href":"https:\/\/api.w.org\/{rel}","templated":true}]}}