{"id":244,"date":"2021-04-03T12:12:58","date_gmt":"2021-04-03T12:12:58","guid":{"rendered":"https:\/\/novo.dec-kroatio.hr\/about\/"},"modified":"2021-04-27T08:56:37","modified_gmt":"2021-04-27T08:56:37","slug":"katalozi","status":"publish","type":"page","link":"https:\/\/novo.dec-kroatio.hr\/hr\/katalozi\/","title":{"rendered":"Katalozi"},"content":{"rendered":"\r\n\r\n\r\n\r\n\r\n<h2>Katalozi\u00a0<\/h2>\r\n\r\n\r\n\r\n<p>Dokumentacijski esperantski centar (DEC) je polivalentna zbirka, u kojoj se \u010duvaju raznovrsni predmeti esperantske kulture, od knjiga, \u010dasopisa, fotografija, tonskih i filmskih zapisa do razli\u010ditih svakodnevnih predmeta, ali i posebni dosjei o ljudima i doga\u0111ajima iz esperantske povijesti.<\/p>\r\n<p>&nbsp;<\/p>\r\n<p>Serija L sadr\u017ei knjige (libroj): L-0001.<\/p>\r\n<p>Serija G sadr\u017ei periodiku (gazetoj): G-0001.<\/p>\r\n<p>Serija O sadr\u017ei predmete (objektoj): O-0001.<\/p>\r\n<p>Serija F sadr\u017ei fotografije (fotoj): F-0001.<\/p>\r\n<p>Serija D sadr\u017ei dosjee (dosieroj): D-0001.<\/p>\r\n<p>Serija A sadr\u017ei novinske \u010dlanke (artikoloj): A-0001.<\/p>\r\n<p>Serija S sadr\u017ei tonske i filmske zapise (sona\u0135oj): S-0001.<\/p>\r\n<p>&nbsp;<\/p>\r\n<p>Postoje i razne podserije ili posebni dosjei (na primjer: filatelija, zbirke diploma itd.)<\/p>\r\n<p>&nbsp;<\/p>\r\n<p>Broj iza oznake serije ozna\u010dava katalo\u0161ki broj pod kojim je predmet evidentiran. Za svaku seriju postoji poseban katalog, koji se mo\u017ee koristiti u elektroni\u010dkom i papirnom obliku. Svi katalozi \u0107e nakon potpunog popisa gradiva biti na raspolaganju javnosti na na\u0161im internetskim stranicama.<\/p>\r\n<p>&nbsp;<\/p>\r\n<p>&nbsp;<\/p>\r\n\r\n\r\n\r\n\r\n\r\n\r\n\r\n\r\n\r\n<p>&nbsp;<\/p>","protected":false},"excerpt":{"rendered":"<p>&nbsp;<\/p>\n","protected":false},"author":1,"featured_media":0,"parent":0,"menu_order":0,"comment_status":"closed","ping_status":"closed","template":"","meta":[],"_links":{"self":[{"href":"https:\/\/novo.dec-kroatio.hr\/hr\/wp-json\/wp\/v2\/pages\/244"}],"collection":[{"href":"https:\/\/novo.dec-kroatio.hr\/hr\/wp-json\/wp\/v2\/pages"}],"about":[{"href":"https:\/\/novo.dec-kroatio.hr\/hr\/wp-json\/wp\/v2\/types\/page"}],"author":[{"embeddable":true,"href":"https:\/\/novo.dec-kroatio.hr\/hr\/wp-json\/wp\/v2\/users\/1"}],"replies":[{"embeddable":true,"href":"https:\/\/novo.dec-kroatio.hr\/hr\/wp-json\/wp\/v2\/comments?post=244"}],"version-history":[{"count":4,"href":"https:\/\/novo.dec-kroatio.hr\/hr\/wp-json\/wp\/v2\/pages\/244\/revisions"}],"predecessor-version":[{"id":324,"href":"https:\/\/novo.dec-kroatio.hr\/hr\/wp-json\/wp\/v2\/pages\/244\/revisions\/324"}],"wp:attachment":[{"href":"https:\/\/novo.dec-kroatio.hr\/hr\/wp-json\/wp\/v2\/media?parent=244"}],"curies":[{"name":"wp","href":"https:\/\/api.w.org\/{rel}","templated":true}]}}