{"id":225,"date":"2021-04-03T12:12:58","date_gmt":"2021-04-03T12:12:58","guid":{"rendered":"https:\/\/novo.dec-kroatio.hr\/about\/"},"modified":"2021-04-09T08:14:11","modified_gmt":"2021-04-09T08:14:11","slug":"uvjeti-koristenja","status":"publish","type":"page","link":"https:\/\/novo.dec-kroatio.hr\/hr\/uvjeti-koristenja\/","title":{"rendered":"Uvjeti kori\u0161tenja"},"content":{"rendered":"\r\n\r\n\r\n\r\n\r\n<h2>Uvjeti kori\u0161tenja\u00a0<\/h2>\r\n\r\n\r\n\r\n<p>1. Arhivsko gradivo DEC-a mo\u017ee koristiti svaka osoba ili institucija iz Hrvatske i inozemstva.<\/p>\r\n<p>&nbsp;<\/p>\r\n<p>2. Svaki korisnik po\u010detkom kori\u0161tenja pla\u0107a godi\u0161nju korisni\u010dku naknadu u iznosu od 100,00 kuna ili 15,00 eura.\u00a0<\/p>\r\n<p>&nbsp;<\/p>\r\n<p>3. Zahtjev za kori\u0161tenje gradiva korisnik DEC-u dostavlja elektroni\u010dkom po\u0161tom ili popunjenim <span style=\"text-decoration: underline;\"><strong><a href=\"http:\/\/novo.dec-kroatio.hr\/wp-content\/uploads\/2021\/04\/dokumenti-jp\/Zahtjev-Peto.pdf\">obrascem<\/a><\/strong><\/span>.<\/p>\r\n<p>&nbsp;<\/p>\r\n<p>4. Gradivo se koristi isklju\u010divo u sjedi\u0161tu DEC-a (\u0110ur\u0111evac, Bana Jela\u010di\u0107a 138 A).<\/p>\r\n<p>&nbsp;<\/p>\r\n<p>5. Posu\u0111ivanje gradiva iz arhivskog fonda dozvoljeno je samo u iznimnim slu\u010dajevima, o \u010demu odlu\u010duje Upravni odbor DEC-a.\u00a0<\/p>\r\n<p>&nbsp;<\/p>\r\n<p>6. Izvan sjedi\u0161ta DEC-a mo\u017ee se koristiti jedino gradivo iz posudbenog fonda, u kome se nalaze duplikati ili kopirani primjerci.<\/p>\r\n<p>&nbsp;<\/p>\r\n<p>7. Prilikom posu\u0111ivanja gradiva iz posudbenog fonda, korisnik upla\u0107uje garantni polog, koji mu se vra\u0107a prilikom povrata posu\u0111enog gradiva.\u00a0<\/p>\r\n<p>&nbsp;<\/p>\r\n<p>8. Korisnik mo\u017ee kupiti duplikate knjiga i periodike, kojima DEC raspola\u017ee.<\/p>\r\n<p>&nbsp;<\/p>\r\n<p>9. Uz pla\u0107anje tro\u0161kova korisnik mo\u017ee zatra\u017eiti da odre\u0111eno gradivo u njegovo ime istra\u017ei arhivar DEC-a.<\/p>\r\n<p>&nbsp;<\/p>\r\n<p>10. DEC zadr\u017eava pravo odbiti zahtjev za pretra\u017eivanje i javno kori\u0161tenje gradiva koje se smatra povjerljivim te za koje postoji odluka ili dogovor kojim se kori\u0161tenje takvoga gradiva ograni\u010dava.\u00a0<\/p>\r\n<p>&nbsp;<\/p>\r\n<p>11. Korisnik je u pisanim, tiskanim i elektroni\u010dkim tekstovima, nastalim kori\u0161tenjem gradiva DEC-a, du\u017ean navesti izvor, a DEC-u dostaviti primjerak originalnog izdanja, kopiju ili link na objavljeni tekst.<\/p>\r\n<p>&nbsp;<\/p>\r\n<p>12. Za vi\u0161ednevno istra\u017eivnje u sjedi\u0161tu DEC-a, DEC mo\u017ee korisniku organizirati no\u0107enje.<\/p>\r\n<p>&nbsp;<\/p>\r\n<p>13. Ako korisnik ne ispo\u0161tuje uvjete kori\u0161tenja, bit \u0107e mu onemogu\u0107eno daljnje kori\u0161tenje gradiva.<\/p>\r\n<p>&nbsp;<\/p>\r\n<p>14. O slu\u010dajevima kori\u0161tenja gradiva koji nisu opisani\u00a0 ovim uvjetima, odlu\u010duje Upravni odbor DEC-a.<\/p>\r\n<p>&nbsp;<\/p>\r\n\r\n\r\n\r\n\r\n\r\n\r\n\r\n\r\n\r\n<p>&nbsp;<\/p>","protected":false},"excerpt":{"rendered":"<p>&nbsp;<\/p>\n","protected":false},"author":1,"featured_media":0,"parent":0,"menu_order":0,"comment_status":"closed","ping_status":"closed","template":"","meta":[],"_links":{"self":[{"href":"https:\/\/novo.dec-kroatio.hr\/hr\/wp-json\/wp\/v2\/pages\/225"}],"collection":[{"href":"https:\/\/novo.dec-kroatio.hr\/hr\/wp-json\/wp\/v2\/pages"}],"about":[{"href":"https:\/\/novo.dec-kroatio.hr\/hr\/wp-json\/wp\/v2\/types\/page"}],"author":[{"embeddable":true,"href":"https:\/\/novo.dec-kroatio.hr\/hr\/wp-json\/wp\/v2\/users\/1"}],"replies":[{"embeddable":true,"href":"https:\/\/novo.dec-kroatio.hr\/hr\/wp-json\/wp\/v2\/comments?post=225"}],"version-history":[{"count":4,"href":"https:\/\/novo.dec-kroatio.hr\/hr\/wp-json\/wp\/v2\/pages\/225\/revisions"}],"predecessor-version":[{"id":232,"href":"https:\/\/novo.dec-kroatio.hr\/hr\/wp-json\/wp\/v2\/pages\/225\/revisions\/232"}],"wp:attachment":[{"href":"https:\/\/novo.dec-kroatio.hr\/hr\/wp-json\/wp\/v2\/media?parent=225"}],"curies":[{"name":"wp","href":"https:\/\/api.w.org\/{rel}","templated":true}]}}