{"id":2025,"date":"2024-12-06T12:00:58","date_gmt":"2024-12-06T12:00:58","guid":{"rendered":"https:\/\/novo.dec-kroatio.hr\/about\/"},"modified":"2024-12-07T18:14:20","modified_gmt":"2024-12-07T18:14:20","slug":"kongresni-izlet-sb-jankovac","status":"publish","type":"page","link":"https:\/\/novo.dec-kroatio.hr\/hr\/kongresni-izlet-sb-jankovac\/","title":{"rendered":"Kongresni izlet"},"content":{"rendered":"\n\n<h2>Kongresni izlet<\/h2>\n\n<p><span style=\"white-space: normal;\"><span style=\"white-space:pre\">\t<\/span>Cjelodnevni kongresni izlet \u0107e biti organiziran u nedjelju, 18. svibnja 2025. godine i vodi nas u Park prirode Jankovac: <a href=\"https:\/\/www.pp-papuk.hr\/park-suma-jankovac\/\"><strong xmlns=\"http:\/\/www.w3.org\/1999\/xhtml\">https:\/\/www.pp-papuk.hr\/park-suma-jankovac\/<\/strong><\/a><strong><\/strong><\/span><\/p><span style=\"white-space: normal;\"><br><\/span><p><span style=\"white-space: normal;\"><span style=\"white-space:pre\">\t<\/span>Park prirode Jankovac nalazi se na Papuku. To je planinska dolina na 475 metara nadmorske visine, koja odi\u0161e ugodnom svje\u017einom i ljepotom te je jedno&nbsp; od najpopularnijih izleti\u0161ta planinara i ljubitelja prirode u Hrvatskoj. Zbog svojih prirodnih osobitosti, Jankovac je 1955. godine progla\u0161en za\u0161ti\u0107enom park \u0161umom. Do Jankovca, koji je od Slavonskog Broda udaljen 260 kilometara, putovat \u0107emo autobusom, a vo\u017enja traje oko dva i pol sata.&nbsp;<\/span><\/p><span style=\"white-space: normal;\"><br><\/span><p><span style=\"white-space: normal;\"><span style=\"white-space:pre\">\t<\/span>Cijena izleta od 45 eura uklju\u010duje prijevoz, vodi\u010da, ru\u010dak u Planinarskom domu na Jankovcu i ulaznicu u Park prirode. Vi\u0161e podataka o izletu mo\u0107i \u0107ete pro\u010ditati u Kongresnoj knjizi.<\/span><\/p>\n\n\n\n","protected":false},"excerpt":{"rendered":"","protected":false},"author":1,"featured_media":0,"parent":0,"menu_order":0,"comment_status":"closed","ping_status":"closed","template":"","meta":[],"_links":{"self":[{"href":"https:\/\/novo.dec-kroatio.hr\/hr\/wp-json\/wp\/v2\/pages\/2025"}],"collection":[{"href":"https:\/\/novo.dec-kroatio.hr\/hr\/wp-json\/wp\/v2\/pages"}],"about":[{"href":"https:\/\/novo.dec-kroatio.hr\/hr\/wp-json\/wp\/v2\/types\/page"}],"author":[{"embeddable":true,"href":"https:\/\/novo.dec-kroatio.hr\/hr\/wp-json\/wp\/v2\/users\/1"}],"replies":[{"embeddable":true,"href":"https:\/\/novo.dec-kroatio.hr\/hr\/wp-json\/wp\/v2\/comments?post=2025"}],"version-history":[{"count":3,"href":"https:\/\/novo.dec-kroatio.hr\/hr\/wp-json\/wp\/v2\/pages\/2025\/revisions"}],"predecessor-version":[{"id":2029,"href":"https:\/\/novo.dec-kroatio.hr\/hr\/wp-json\/wp\/v2\/pages\/2025\/revisions\/2029"}],"wp:attachment":[{"href":"https:\/\/novo.dec-kroatio.hr\/hr\/wp-json\/wp\/v2\/media?parent=2025"}],"curies":[{"name":"wp","href":"https:\/\/api.w.org\/{rel}","templated":true}]}}