{"id":1975,"date":"2024-12-06T12:00:58","date_gmt":"2024-12-06T12:00:58","guid":{"rendered":"https:\/\/novo.dec-kroatio.hr\/about\/"},"modified":"2024-12-07T18:07:31","modified_gmt":"2024-12-07T18:07:31","slug":"smjestaj-i-prehrana-slavonski-brod-2025","status":"publish","type":"page","link":"https:\/\/novo.dec-kroatio.hr\/hr\/smjestaj-i-prehrana-slavonski-brod-2025\/","title":{"rendered":"Smje\u0161taj i prehrana"},"content":{"rendered":"\n\n\r\n<h2><b>Smje\u0161taj i prehrana<\/b><\/h2>\r\n\n<p style=\"text-align: justify;\"><span style=\"white-space: normal;\"><span style=\"white-space:pre\">\t<\/span>Za sudionike kongresa odlu\u010dili smo rezervirati smje\u0161taj u <a href=\"https:\/\/www.hostelmalipariz.hr\/hr\/\"><strong xmlns=\"http:\/\/www.w3.org\/1999\/xhtml\" style=\"color: rgb(31, 73, 125);\">Hostelu Mali Pariz<\/strong><\/a><strong><\/strong> (Eugena Kumi\u010di\u0107a 32), koji se nalazi izvan centra grada i zahtijeva pje\u0161a\u010denje od 30 minuta. Po kvaliteti svojih soba spada u kategoriju hotela s tri zvjezdice te nudi povoljniju cijenu smje\u0161taja od ve\u0107ine hotela u sredi\u0161tu grada, koji su obi\u010dno s \u010detiri zvjezdice (Central, Savus, Garten). Budu\u0107i da u Slavonskom Brodu nema javnog prijevoza, obi\u010dno se koriste taksiji. Sve taksi-kompanije imaju istu cijenu od 4 eura za jednu gradsku vo\u017enu pa se preporu\u010duje da sudionici kongresa taksije koriste grupno (3-4 osobe), jer se time posti\u017ee cijena prijevoza po osobi uobi\u010dajena za javni prijevoz (1,00-1,50 eura).<\/span><\/p><br><p style=\"text-align: center; \"><strong style=\"font-size: 18px;\">CIJENE SMJE\u0160TAJA u Hostelu Mali Pariz:<\/strong><\/p><br><p><span style=\"white-space: normal;\"><span style=\"white-space:pre\">\t<\/span>1-krevetna soba: 60 eura po osobi i po danu<\/span><\/p><p><span style=\"white-space: normal;\"><span style=\"white-space:pre\">\t<\/span>2-krevetna soba: 40 eura po osobi i po danu<\/span><\/p><p><span style=\"white-space: normal;\"><span style=\"white-space:pre\">\t<\/span>3-krevetna soba: 30 eura po osobi i po danu<\/span><\/p><br><p><span style=\"white-space: normal;\"><span style=\"white-space:pre\">\t<\/span>U ponu\u0111enu cijenu uklju\u010dena je boravi\u0161na pristojba, ali nisu uklju\u010deni obroci.&nbsp;<\/span><\/p><span style=\"white-space: normal;\"><br><\/span><p><span style=\"white-space: normal;\"><span style=\"white-space:pre\">\t<\/span>Ako \u017eelite stanovati u Hostalu Mali Pariz, molimo vas da odmah naru\u010dite smje\u0161taj u odre\u0111enoj kategoriji, jer je broj kreveta ograni\u010den. Obavezno se prijavite te rezervirajte i platite smje\u0161taj prije 31. prosinca 2024. godine. Nakon toga datuma smje\u0161taj \u0107e se na istom mjestu mo\u0107i naru\u010diti jedino ako preostane slobodnih kreveta.<\/span><\/p><span style=\"white-space: normal;\"><br><\/span><p style=\"text-align: center; \"><span style=\"white-space: normal;\"><span style=\"white-space:pre\">\t<\/span>Molimo da popunite <a href=\"https:\/\/novo.dec-kroatio.hr\/pristupnica-slavonski-brod\/\"><strong xmlns=\"http:\/\/www.w3.org\/1999\/xhtml\">kongresnu pristupnicu<\/strong><\/a><strong><\/strong> i <a href=\"https:\/\/novo.dec-kroatio.hr\/narudzbenica-za-smjestaj-2025\/\"><strong xmlns=\"http:\/\/www.w3.org\/1999\/xhtml\">narud\u017ebenicu za smje\u0161taj<\/strong><\/a><strong><\/strong>.<\/span><\/p><span style=\"font-weight: 700;\"><br><\/span><p style=\"text-align: center; \"><span style=\"white-space: normal;\"><strong>Nakon njihovog slanja, molimo da iznos ukupnih tro\u0161kova uplatite na poslovni ra\u010dun Dokumentacijskog esperantskog centra: HR0723400091111000952, jer \u0107e va\u0161 prijava i narud\u017eba va\u017eiti tek nakon primljene uplate.<\/strong><\/span><\/p><p><span style=\"white-space: normal;\"><strong><br><p style=\"text-align: center;\"><strong style=\"font-size: 18px; background-color: transparent;\">PREHRANA<\/strong><\/p><\/strong><\/span><\/p><p style=\"text-align: center;\"><strong><\/strong><\/p><br><p><span style=\"white-space: normal;\"><span style=\"white-space:pre\">\t<\/span>Organizator kongresa ne\u0107e organizirati prehranu za sudionike kongresa, osim ako to nije unaprijed najavljeno (kao na primjer ve\u010deru tijekom Ve\u010deri upoznavanja ili ru\u010dak tijekom kongresnog izleta). Prehranu svaki sudionik mo\u017ee posebno naru\u010diti u Hostelu Mali Pariz po dolasku, a po cijenama od 8,00 eura za doru\u010dak i 14,00 eura za ru\u010dak ili ve\u010deru. Zbog udaljenosti izme\u0111u Hostela i mjesta odr\u017eavanja kongresa, preporu\u010dljivo je ispitati mogu\u0107nosti prehrane u sredi\u0161tu grada, gdje rade brojni tradicionalni restorani, restorani brze prehrane ili kiosci za prodaju hrane.<\/span><\/p><span style=\"white-space: normal;\"><br><\/span><p><span style=\"white-space: normal;\"><span style=\"white-space:pre\">\t<\/span>Vi\u0161e informacija o taksijima i restoranima, kongresni organizator \u0107e staviti na raspolaganje sudionicima kongresa putem kongresne knjige.<\/span><\/p>\n\n\n","protected":false},"excerpt":{"rendered":"","protected":false},"author":1,"featured_media":0,"parent":0,"menu_order":0,"comment_status":"closed","ping_status":"closed","template":"","meta":[],"_links":{"self":[{"href":"https:\/\/novo.dec-kroatio.hr\/hr\/wp-json\/wp\/v2\/pages\/1975"}],"collection":[{"href":"https:\/\/novo.dec-kroatio.hr\/hr\/wp-json\/wp\/v2\/pages"}],"about":[{"href":"https:\/\/novo.dec-kroatio.hr\/hr\/wp-json\/wp\/v2\/types\/page"}],"author":[{"embeddable":true,"href":"https:\/\/novo.dec-kroatio.hr\/hr\/wp-json\/wp\/v2\/users\/1"}],"replies":[{"embeddable":true,"href":"https:\/\/novo.dec-kroatio.hr\/hr\/wp-json\/wp\/v2\/comments?post=1975"}],"version-history":[{"count":3,"href":"https:\/\/novo.dec-kroatio.hr\/hr\/wp-json\/wp\/v2\/pages\/1975\/revisions"}],"predecessor-version":[{"id":2024,"href":"https:\/\/novo.dec-kroatio.hr\/hr\/wp-json\/wp\/v2\/pages\/1975\/revisions\/2024"}],"wp:attachment":[{"href":"https:\/\/novo.dec-kroatio.hr\/hr\/wp-json\/wp\/v2\/media?parent=1975"}],"curies":[{"name":"wp","href":"https:\/\/api.w.org\/{rel}","templated":true}]}}