{"id":1923,"date":"2024-10-01T07:04:58","date_gmt":"2024-10-01T07:04:58","guid":{"rendered":"https:\/\/novo.dec-kroatio.hr\/about\/"},"modified":"2024-10-01T13:32:14","modified_gmt":"2024-10-01T13:32:14","slug":"o-jadranskom-ljetovanju-prvic-2025","status":"publish","type":"page","link":"https:\/\/novo.dec-kroatio.hr\/hr\/o-jadranskom-ljetovanju-prvic-2025\/","title":{"rendered":"O jadranskom ljetovanju"},"content":{"rendered":"\n\n<h2><b>O Jadranskom ljetovanju<\/b><\/h2>\n<p><a href=\"mailto:dec.kroatio@gmail.com\" target=\"mailto:dec.kroatio@gmail.com\" rel=\"noopener\"><\/a><\/p><p style=\"text-align: center;\"><strong>DRUGO JADRANSKO LJETOVANJE<\/strong><\/p><br><p><span><span>\t<\/span>Prvo Jadransko ljetovanje odr\u017eano je u Prvi\u0107 Luci (Hrvatska) 2013. godine. Bio je to malen sedmodnevni me\u0111unarodni skup s tridesetak sudionika, koji je organizirao Dokumentacijski esperantski centar. Esperantisti su se u Prvi\u0107 Luku vratili 2024. godine tijekom 12. kongresa hrvatskih esperantista. Boravak u Prvi\u0107 Luci&nbsp; jako se dopao sudionicima pa je Dokumentacijski esperantski centar odlu\u010dio i 2025. godine organizirati esperantsko ljetovanje na istom mjestu.<\/span><\/p><p><span><span>\t<\/span>Najavljujemo odr\u017eavanje 2. Jadranskog ljetovanja od 21. do 28. lipnja 2025. godine u Odmarali\u0161tu Po\u017eega u Prvi\u0107 Luci. Molimo vas da uzmete u obzir da je broj raspolo\u017eivih mjesta ograni\u010den (rezervirali smo samo 50 mjesta u dvokrevetnim i trokreventim sobama!) pa molimo zainteresirane da se najkasnije do kraj 2024. godine prijave i rezerviraju smje\u0161taj! Do istoga datuma mo\u017ee se naru\u010diti i smje\u0161taj u jednokrevetnim sobama! Narud\u017ebe nakon ovog datum primat \u0107e se isklju\u010divo ukoliko u Odmarali\u0161tu preostane slobodnih mjesta!<\/span><\/p><p><strong><br><\/strong><\/p><p style=\"text-align: center; \"><strong>NASELJE<\/strong><\/p><p><span><span>\t<\/span>Prvi\u0107 Luka je maleno i mirno selo s pribli\u017eno 400 stanovnika. Smje\u0161teno je na otoku Prvi\u0107u u \u0161ibenskom arhipelagu u Dalmaciji, vrlo blizu nekada\u0161njem Esperantskom kampu u Primo\u0161tenu. To je mjesto za nesmetani odmor, koje jo\u0161 uvijek nije preplavljeno masovnim turizmom. Na otoku je zabranjen automobilski promet, a more je kristalno \u010disto. Vrlo blizu smje\u0161teni su Nacionani parkovi Kornati i Krka, kamo je mogu\u0107e oti\u0107i na izlete.<\/span><\/p><p><strong><br><\/strong><\/p><p style=\"text-align: center; \"><strong>ODMARALI\u0160TE<\/strong><\/p><p><span><span>\t<\/span>Odmarali\u0161te je u stvarnosti hostel u posjedu Grada Po\u017eege. Ipak, esperantisti ga smatraju povoljnim mjestom za svoje susrete zbog smje\u0161taja i prihvatljivih cijena. Hostel se nalazi na samoj obali mora. Raspola\u017ee dvokrevetnim, trokrevetnim i \u010detverokreventim sobama koje su skromno opremljene, ali ipak ugodne za boravak. Svaka soba ima vlastitu kupaonicu, WC i hladnjak. Objekt nije klimatiziran, ali tijekom lipnja, kada se odr\u017eava na\u0161 skup, jo\u0161 uvijek nije previ\u0161e vru\u0107e, a more je ve\u0107 dovoljno toplo za kupanje. Nekoliko fotografija naselja i Odmarali\u0161ta mo\u017eete vidjeti <a href=\"https:\/\/novo.dec-kroatio.hr\/fotografije-prvic-jadransko-ljetovanje-2025\"><strong xmlns=\"http:\/\/www.w3.org\/1999\/xhtml\">ovdje<\/strong><\/a><strong><\/strong>.<\/span><\/p><span><br><\/span><span>\t<\/span><p style=\"text-align: center; \"><strong>RESTORAN<\/strong><\/p><p><span>\t<\/span>Odmarali\u0161te ima vlastiti restoran koji poslu\u017euje samo unaprijed planirane obroke. Nije mogu\u0107e konzumiranje jela po narud\u017ebi, niti veganskih ili vegetarijanskih obroka. Cijena boravka uklju\u010duje polupansion, odnosno doru\u010dak i ru\u010dak, dok se za ve\u010dere sudionici moraju samostalno pobrinuti. Mogu\u0107e je donijeti vlastitu hranu ili je kupiti u mjesnoj trgovini. Uzmite u obzir da oto\u010dne cijene ponekad mogu biti dosta visoke!&nbsp; <strong><a href=\"https:\/\/novo.dec-kroatio.hr\/fotografije-prvic-jadransko-ljetovanje-2025\">Tipi\u010dni ru\u010dak koji se poslu\u017euje u Odmarali\u0161tu<\/a><\/strong>.<\/p><br><p style=\"text-align: center; \"><strong>PRIJAVA<\/strong><\/p><p><span>\t<\/span>Prijavite se popunjavanjem <a href=\"https:\/\/novo.dec-kroatio.hr\/pristupnica-drugo-jadransko-ljetovanje\"><strong xmlns=\"http:\/\/www.w3.org\/1999\/xhtml\">mre\u017ene prijavnice<\/strong><\/a><strong><\/strong>, ili se javite organizatoru. U obzir se uzimaju samo prijave uz istovremenu uplatu kotizacije i predujma za smje\u0161taj i prehranu u iznosu od 100 eura po osobi. Uplate se vr\u0161e na poslovni ra\u010dun organizatora: HR0723400091111000952 (Dokumentacijski esperantski centar). Va\u017ee\u0107i cjenik smje\u0161taja i prehrane bit \u0107e poznat tek po\u010detkom sije\u010dnja 2025. Cijene \u0107e biti neznatno ve\u0107e od onih koje su va\u017eile u 2024. godini, ali vam jam\u010dimo da \u0107ete na malo mjesta na Jadranu mo\u0107i ljetovati po takvim cijenama! Dalmacija spada u red najugodnijih mjesta za ljetni odmor u Europi! Zbog toga iskoristite priliku za ljetovanje u esperantskom okru\u017eenju na Jadranu! Kako biste stekli dojam o tro\u0161kovima, <a href=\"https:\/\/novo.dec-kroatio.hr\/wp-content\/uploads\/2024\/10\/prezoj_2024.pdf\"><strong xmlns=\"http:\/\/www.w3.org\/1999\/xhtml\">ovdje<\/strong><\/a><strong> <\/strong>mo\u017eete vidjeti kongresne cijene iz 2024. godine!<\/p><span><br><\/span><p><span><strong><span>\t<\/span>Kotizacije su neprenosive na druge osobe! Uplate za smje\u0161aj i prehranu se ne vra\u0107aju, ali se do 30. o\u017eujka 2025. godine mogu ustupiti drugoj osobi temeljem pisane suglasnosti uplatitelja.&nbsp;<\/strong><\/span><\/p><br><p><strong>KONTAKTI ORGANIZATORA:<\/strong><\/p><p><strong>Po\u0161tanska adresa: DEC, Bana Jela\u010di\u0107a 138A, HR-48350 \u0110ur\u0111evac, Hrvatska<\/strong><\/p><p><strong>E-mail: <a href=\"mailto:dec.kroatio@gmail.com\">dec.kroatio@gmail.com<\/a><\/strong><\/p><p><strong>Telefon: <a href=\"tel:+38598248574\">+385 98 248 574<\/a><\/strong><\/p>\n\n\n","protected":false},"excerpt":{"rendered":"","protected":false},"author":1,"featured_media":0,"parent":0,"menu_order":0,"comment_status":"closed","ping_status":"closed","template":"","meta":[],"_links":{"self":[{"href":"https:\/\/novo.dec-kroatio.hr\/hr\/wp-json\/wp\/v2\/pages\/1923"}],"collection":[{"href":"https:\/\/novo.dec-kroatio.hr\/hr\/wp-json\/wp\/v2\/pages"}],"about":[{"href":"https:\/\/novo.dec-kroatio.hr\/hr\/wp-json\/wp\/v2\/types\/page"}],"author":[{"embeddable":true,"href":"https:\/\/novo.dec-kroatio.hr\/hr\/wp-json\/wp\/v2\/users\/1"}],"replies":[{"embeddable":true,"href":"https:\/\/novo.dec-kroatio.hr\/hr\/wp-json\/wp\/v2\/comments?post=1923"}],"version-history":[{"count":5,"href":"https:\/\/novo.dec-kroatio.hr\/hr\/wp-json\/wp\/v2\/pages\/1923\/revisions"}],"predecessor-version":[{"id":1933,"href":"https:\/\/novo.dec-kroatio.hr\/hr\/wp-json\/wp\/v2\/pages\/1923\/revisions\/1933"}],"wp:attachment":[{"href":"https:\/\/novo.dec-kroatio.hr\/hr\/wp-json\/wp\/v2\/media?parent=1923"}],"curies":[{"name":"wp","href":"https:\/\/api.w.org\/{rel}","templated":true}]}}