{"id":1342,"date":"2024-06-03T12:00:58","date_gmt":"2024-06-03T12:00:58","guid":{"rendered":"https:\/\/novo.dec-kroatio.hr\/about\/"},"modified":"2025-01-24T18:19:08","modified_gmt":"2025-01-24T18:19:08","slug":"europski-horizonti-za-rast","status":"publish","type":"page","link":"https:\/\/novo.dec-kroatio.hr\/hr\/europski-horizonti-za-rast\/","title":{"rendered":"Europski horizonti za rast"},"content":{"rendered":"\n\n<h2>Erasmus+ projekt: Europski horizonti za rast<\/h2>\n<p><span style=\"white-space: normal;\"><span style=\"white-space:pre\">\t<\/span>Agencija za mobilnost i programe Europske Unije (AMPEU) iz Zagreba, 17. svibnja 2023. godine obavijestila je Dokumentacijski esperantski centar iz \u0110ur\u0111evca o rezultatima natje\u010daja za programe Erasmus+ za 2023. godinu u kategoriji Klju\u010dna aktivnost 1 u podru\u010dju obrazovanja odraslih, prema kojima je projekt Dokumentacijskog esperantskog centra broj 2023-1-HR01-KA122-ADU-000141190 pod nazivom \u201eEurpski horizonti za rast\u201d prihva\u0107en te mu je dodijeljen iznos od 13.145,00 eura.<\/span><\/p><span style=\"white-space: normal;\"><br><\/span><p><span style=\"white-space: normal;\"><span style=\"white-space:pre\">\t<\/span>U toku projekta realizirat \u0107e se 7 mobilnosti u inozemstvu za po jednog sudionika iz DEC-a te pozivni seminar inozemnog stru\u010dnjaka u Hrvatskoj. Cilj projekta je osna\u017eivanje i usavr\u0161avanje vje\u0161tina DEC-ovog \u010dlanstva i osoblja kako bi se potaknuo njihov osobni razvoj, obogatile me\u0111unarodne veze, izvr\u0161ilo umre\u017eavanje sudionika te podigla kvaliteta volonterskih aktivnosti.<\/span><\/p><br><p><span style=\"white-space: normal;\"><span style=\"white-space:pre\">\t<\/span>U srpnju i kolovozu 2023. godine, u okviru ovog projekta, Grozdana Grubi\u0161i\u0107-Popovi\u0107 je sudjelovala na seminaru <strong><a href=\"https:\/\/novo.dec-kroatio.hr\/wp-content\/uploads\/2024\/06\/enmigrado_kunfluo_de_homaj_valoroj.pdf\">\u201eMigracije, zajedni\u010dki tok ljudskih vrijednosti\u201d<\/a><\/strong>, posve\u0107enom suo\u010davanju s izazovima povezanima s migracijskim tokovima, integracijom i uklju\u010divanjem migranata u Europu. Seminar je odr\u017ean na Tehnolo\u0161kom sveu\u010dili\u0161tu u Torinu (Italija) tijekom 108. Svjetskog esperantskog kongresa, od 29. srpnja do 5. kolovoza. Obra\u0111ene su teme podr\u0161ke migrantima, klimatske promjene, ratovi i bijeda kao rezultati migrantske krize, nu\u017enost migracija, kartografija me\u0111unarodnih migracija, migracije i integracije, iskustva migranata iz DR Kongo, migracije \u017didova, uloga esperanta u pomo\u0107i migrantima itd.<\/span><\/p><br><p><span style=\"white-space: normal;\"><span style=\"white-space:pre\">\t<\/span>Od 11. do 12. listopada 2023. Josip Pleadin je sudjelovao u radu <a href=\"https:\/\/novo.dec-kroatio.hr\/wp-content\/uploads\/2024\/06\/programo-de-la-internacia-seminario-pri-sociaj-retoj-kaj-homa-konduto.pdf\"><strong xmlns=\"http:\/\/www.w3.org\/1999\/xhtml\">\u201eMe\u0111unarodnog seminara o dru\u0161tvenim mre\u017eama i ljudskom pona\u0161anju\u201d<\/strong><\/a><strong><\/strong>, koji je odr\u017ean na Filolo\u0161kom fakultetu Sveu\u010dili\u0161ta u Sevilli (\u0160panjolska). Seminar je organizirala znanstvena udruga Civiencia tijekom 81. kongresa \u0161panjolskih esperantista, a obra\u0111eno je petnaestak znanstvenih tema, uglavnom povezanih s nastavom jezika, utjecajem dru\u0161tvenih mre\u017ea, virtualnim nastavnim zajednicama, potencijalima ChatGPT-a, realnostima umjetne inteligencije itd. <a href=\"https:\/\/novo.dec-kroatio.hr\/europski-horizonti-za-rast-foto\/\"><strong xmlns=\"http:\/\/www.w3.org\/1999\/xhtml\">Fotografije.<\/strong><\/a><strong><\/strong><\/span><\/p><br><p><strong><a href=\"https:\/\/bitoteko.esperanto.es\/xmlui\/handle\/11013\/7192\">https:\/\/bitoteko.esperanto.es\/xmlui\/handle\/11013\/7192<\/a><\/strong><\/p><p><strong><a href=\"https:\/\/bitoteko.esperanto.es\/xmlui\/handle\/11013\/7190\">https:\/\/bitoteko.esperanto.es\/xmlui\/handle\/11013\/7190<\/a><\/strong><\/p><p><strong><a href=\"https:\/\/bitoteko.esperanto.es\/xmlui\/handle\/11013\/7195\">https:\/\/bitoteko.esperanto.es\/xmlui\/handle\/11013\/7195<\/a><\/strong><\/p><p><strong><a href=\"https:\/\/bitoteko.esperanto.es\/xmlui\/handle\/11013\/7193\">https:\/\/bitoteko.esperanto.es\/xmlui\/handle\/11013\/7193<\/a><\/strong><\/p><p><strong><a href=\"https:\/\/bitoteko.esperanto.es\/xmlui\/handle\/11013\/7196\">https:\/\/bitoteko.esperanto.es\/xmlui\/handle\/11013\/7196<\/a><\/strong><\/p><p><strong><a href=\"https:\/\/bitoteko.esperanto.es\/xmlui\/handle\/11013\/7189\">https:\/\/bitoteko.esperanto.es\/xmlui\/handle\/11013\/7189<\/a><\/strong><\/p><p><strong><a href=\"https:\/\/bitoteko.esperanto.es\/xmlui\/handle\/11013\/7187\">https:\/\/bitoteko.esperanto.es\/xmlui\/handle\/11013\/7187<\/a><\/strong><\/p><p><strong><a href=\"https:\/\/bitoteko.esperanto.es\/xmlui\/handle\/11013\/7197\">https:\/\/bitoteko.esperanto.es\/xmlui\/handle\/11013\/7197<\/a><\/strong><\/p><p><strong><a href=\"https:\/\/bitoteko.esperanto.es\/xmlui\/handle\/11013\/7183\">https:\/\/bitoteko.esperanto.es\/xmlui\/handle\/11013\/7183<\/a><\/strong><\/p><p><strong><a href=\"https:\/\/bitoteko.esperanto.es\/xmlui\/handle\/11013\/7191\">https:\/\/bitoteko.esperanto.es\/xmlui\/handle\/11013\/7191<\/a><\/strong><\/p><p><strong><a href=\"https:\/\/bitoteko.esperanto.es\/xmlui\/handle\/11013\/7184\">https:\/\/bitoteko.esperanto.es\/xmlui\/handle\/11013\/7184<\/a><\/strong><\/p><p><strong><a href=\"https:\/\/bitoteko.esperanto.es\/xmlui\/handle\/11013\/7188\">https:\/\/bitoteko.esperanto.es\/xmlui\/handle\/11013\/7188<\/a><\/strong><\/p><p><strong><a href=\"https:\/\/bitoteko.esperanto.es\/xmlui\/handle\/11013\/7185\">https:\/\/bitoteko.esperanto.es\/xmlui\/handle\/11013\/7185<\/a><\/strong><\/p><p><strong><a href=\"https:\/\/bitoteko.esperanto.es\/xmlui\/handle\/11013\/7194\">https:\/\/bitoteko.esperanto.es\/xmlui\/handle\/11013\/7194<\/a><\/strong><\/p><p><a href=\"https:\/\/bitoteko.esperanto.es\/xmlui\/handle\/11013\/7186\"><strong>https:\/\/bitoteko.esperanto.es\/xmlui\/handle\/11013\/7186<\/strong><\/a><\/p><br><p><span style=\"font-size: 12px; white-space: pre;\">\t<\/span>Na tre\u0107oj mobilnosti u okviru projekta sudjelovao je Roberto Maglica, koji je\nod 6. do 14. srpnja 2024. godine boravio na me\u0111unarodnom seminaru \u201cMaratona\nkursaro\u201d (Maratonski te\u010dajevi) u francuskom dvorcu Gr\u00e9sillon u podru\u010dju rijeke\nLoire. Cilj seminara bio je leksi\u010dko oboga\u0107ivanje s osobitim naglaskom na\nme\u0111ukulturalnoj komunikaciji i kompetenciji. Seminar je vodila sveu\u010dili\u0161na\nprofesorica Ilona Koutny, voditeljica postdiplomskog interlingvisti\u010dkog studija na\nSveu\u010dili\u0161tu Adam Mickiewicz u Poznanu (Poljska). Organizacija partner bila nam je\nMaison Culturelle de l\u2019esp\u00e9ranto iz grada Baug\u00e9 en Anjou.&nbsp;<\/p><br><p><span style=\"font-size: 12px; white-space: pre;\">\t<\/span>\u010cetvrta mobilnost bila je odr\u017eana tijekom 90. talijanskog esperantskog\nkongresa u mjestu Montecatini Terme, na kojoj se raspravljalo o temi \u201cEsperanto za\njezi\u010dnu i me\u0111ukulturalnu kompetenciju\u201d, a predavali su sveu\u010dili\u0161ni profesori Ducan\nCharters s Koled\u017ea Pricipia u Illinoisu te Ilona Koutny sa Sveu\u010dili\u0161ta Adam\nMickiewicz iz Poznana. Na\u0161 sudionik bila je Mila Be\u010dka, a seminar je trajao od 24.\ndo 31. kolovoza 2024.&nbsp;<\/p><br><p><span style=\"font-size: 12px; white-space: pre;\">\t<\/span>Peta mobilnost odr\u017eana je pod nazivom \u201cMe\u0111ukulturalno i inkluzivno\u201d u \u0160koli\nza slijepe i slabovidne Veljko Ramadanovi\u0107 u Zemunu (Srbija). Radilo se o\nme\u0111unarodnom seminaru o me\u0111ukulturalnoj kompetenciji i kori\u0161tenju esperanta u\nnjenom posredovanju te obrazovanju nastavnika esperanta. Seminar je trajao 30\nnastavnih sati i odr\u017eavao se tijekom \u0161est dana, od 17. do 24. kolovoza 2024. Na\u0161a\nsudionica bila je Nata\u0161a Dorosuli\u0107, a ste\u010dene kompetencije posebno se odnose na rad\nsa slijepima i slabovidnima.&nbsp;<\/p><br><p><span style=\"font-size: 12px; white-space: pre;\">\t<\/span>Na \u0161estoj mobilnosti, koja je odr\u017eana tijekom 82. \u0161panjolskog esperantskog\nkongresa u gradi\u0107u Cheste pored Valencije u \u0160panjolskoj, sudjelovao je Zdravko\nSele\u0161. Radilo se o me\u0111unarodnom seminaru o me\u0111ukulturalnoj kompetenciji, a oko\n25 predavanja, radionica i ateljea odr\u017eano je u Universidad Laboral de Cheste od 5.\ndo 8. listopada 2024. Predava\u010di su bili iz raznih dr\u017eava (SAD-a, Italije, \u0160panjolske).&nbsp;<\/p><br><p>&nbsp; &nbsp; &nbsp;Sedma mobilnost je bila KEST (Konferencija o primjeni esperanta u znanosti i\ntehnici) u slova\u010dkom gradu \u017dilini, na kojoj je od 7. do 10. listopada 2024. sudjelovala\nMarija Jerkovi\u0107, koja je stjecala vje\u0161tine u prakti\u010dnoj upotrebi umjetne inteligencije, misonih ma\u0161ina i virtualne stvarnosti. Konkretno, radilo se o tome kako svrhovito\nkoristiti umjetnu inteligenciju, aplikaciju Copilot i virtualnu stvarnost kao na\u0161u\nsvakodnevicu.&nbsp;<\/p><br><p><span style=\"font-size: 12px; white-space: pre;\">\t<\/span>Zadnja mobilnost, odnosno pozivanje inozemnog stru\u010dnjaka, odr\u017eana je u\n\u0110ur\u0111evcu od 21. do 24. studenoga 2024. Radilo se o zavr\u0161noj mobilnosti za sve\nsudionike sedam ranijih mobilnosti te za suradnike iz Dru\u0161tva esperantista Bjelovara i\nUdruge predava\u010da esperanta iz Zagreba, radi diseminacije rezultata projekta. Pozvani\nstru\u010dnjak bio je L\u00e1szl\u00f3 Szilv\u00e1si iz Budimpe\u0161te (Ma\u0111arska), koji je sa sudionicima\nradio na temu umjetne inteligencije, dru\u0161tvenih mre\u017ea, dru\u0161tvenih igara i njihove\nupotrebi u procesu obrazovanja. Dodatno predavanje odr\u017eao je Zdravko Sele\u0161, koji je\nprezentirao probleme i izazove u klasi\u010dnom obrazovanju i na\u010din njihovog rje\u0161avanja\nupotrebom digitalnih tehnologija.<\/p>\n\n\n\n\n\n","protected":false},"excerpt":{"rendered":"","protected":false},"author":1,"featured_media":0,"parent":0,"menu_order":0,"comment_status":"closed","ping_status":"closed","template":"","meta":[],"_links":{"self":[{"href":"https:\/\/novo.dec-kroatio.hr\/hr\/wp-json\/wp\/v2\/pages\/1342"}],"collection":[{"href":"https:\/\/novo.dec-kroatio.hr\/hr\/wp-json\/wp\/v2\/pages"}],"about":[{"href":"https:\/\/novo.dec-kroatio.hr\/hr\/wp-json\/wp\/v2\/types\/page"}],"author":[{"embeddable":true,"href":"https:\/\/novo.dec-kroatio.hr\/hr\/wp-json\/wp\/v2\/users\/1"}],"replies":[{"embeddable":true,"href":"https:\/\/novo.dec-kroatio.hr\/hr\/wp-json\/wp\/v2\/comments?post=1342"}],"version-history":[{"count":12,"href":"https:\/\/novo.dec-kroatio.hr\/hr\/wp-json\/wp\/v2\/pages\/1342\/revisions"}],"predecessor-version":[{"id":2048,"href":"https:\/\/novo.dec-kroatio.hr\/hr\/wp-json\/wp\/v2\/pages\/1342\/revisions\/2048"}],"wp:attachment":[{"href":"https:\/\/novo.dec-kroatio.hr\/hr\/wp-json\/wp\/v2\/media?parent=1342"}],"curies":[{"name":"wp","href":"https:\/\/api.w.org\/{rel}","templated":true}]}}