{"id":1316,"date":"2024-06-03T12:00:58","date_gmt":"2024-06-03T12:00:58","guid":{"rendered":"https:\/\/novo.dec-kroatio.hr\/about\/"},"modified":"2024-07-03T07:12:23","modified_gmt":"2024-07-03T07:12:23","slug":"registar-esperantista-u-hrvatskoj","status":"publish","type":"page","link":"https:\/\/novo.dec-kroatio.hr\/hr\/registar-esperantista-u-hrvatskoj\/","title":{"rendered":"Registar esperantista u Hrvatskoj"},"content":{"rendered":"\n\n<h2>REGISTAR ESPERANTISTA U HRVATSKOJ<\/h2>\n<p>1. Registar esperantista u Hrvatskoj vodi Dokumentacijski esperantski centar u \u0110ur\u0111evcu temeljem odluke Hrvatskog saveza za esperanto kao krovne organizacije hrvatskih esperantista od 2023. godine.<\/p><br><p>2. Upis u Registar je dobrovoljan i individualan. U Registar se upisuju isklju\u010divao hrvatski esperantisti, bez obzira \u017eive li u Hrvatskoj ili u inozemstvu. Upis se vr\u0161i on-line&nbsp; ili putem&nbsp; obrasca koji se \u0161alje na adresu: DEC, Bana Jela\u010di\u0107a 138, 48350 \u0110ur\u0111evac ili skeniran na: dec.kroatio@gmail.com<\/p><br><p>3. Registar slu\u017ei isklju\u010divo kao izvor statisti\u010dkih podataka i za druge se svrhe ne\u0107e koristiti.<\/p><br><p>4. U Registar se&nbsp; unose i osobni podaci koji ne\u0107e biti javno dostupni, ali \u0107e se \u010duvati kod Dokumentacijskog esperantskog centra. To se odnosi na podatke o imenima, adresama, telefonskim brojevima, elektroni\u010dkim adresama, datumima i mjestima ro\u0111enja i sl. Podaci koji \u0107e biti javno dostupni, u obrascu prijave ozna\u010deni su oznakom (*).<\/p><br><p>5. Pravo upisa u Registar imaju ne samo \u010dlanovi esperantskih dru\u0161tava, nego i pojedinci koji nisu u \u010dlanstvu bilo koje organizacije i ne djeluju u esperantskom pokretu, ali znaju i koriste esperanto u svom privatnom \u017eivotu i radu.<\/p><br><p>6. Zbog dobrovoljnog upisa, u Registar ne\u0107e biti upisani svi hrvatski esperantisti, nego samo oni koji osobno izvr\u0161e ili zatra\u017ee upis pa statisti\u010dki podaci ne\u0107e prikazivati stvarno stanje broja i sastava hrvatskih esperantista.&nbsp;<\/p><br><p>7. Svaki upisani esperantist u svakom trenutku mo\u017ee zatra\u017eiti ispis ili promjenu osobnih podataka. Ispis se vr\u0161i temeljem istoga obrasca koji slu\u017ei za upis. Brisanje vr\u0161i Dokumentacijski esperantski centar isklju\u010divo temeljem dokaza o smrti. Promjenu podataka unosi DEC temeljem osobnog zahtjeva za promjenu.<\/p><br><p>8. Upis se vr\u0161i na rok od pet godina (1. sije\u010dnja 2024. &#8211; 31. prosinca 2029.), nakon \u010dega \u0107e svaki upisni subjekt primiti poziv da svoj upis obnovi.<\/p><br><p>9. Podaci za javnu objavu aktualiziraju se nakon svake promjene u registru. Takvi podaci su u obrascu za upis ozna\u010dni sa (*). Iz statisti\u010dkih podataka vidljiv je: 1) ukupan broj esperantita u Hrvatskoj te hrvatskih esperantista u inozemstvu, 2) popis gradova u kojima \u017eive esperantisti s podatkom o broju esperantista u svakom od upisanih gradova, 3) broj upisanih i ispisanih esperantista za svaku kalendarsku godinu, 4) prosje\u010dna starost za sve ispitanike, 5) obrazovanje u postocima te 6) broj upisanih prema godinama od kada su esperantisti.<\/p><br><p>&nbsp; &nbsp; &nbsp; &nbsp;GDPR: Svaki upisani subjekt unosom svojih podataka DEC-u daje privolu za obradu podataka isklju\u010divo za statisti\u010dke svrhe na rok od pet godina. Osoba zadu\u017eena za GDPR: Josip Pleadin (josip.pleadin@gmail.com).<\/p>\n\n<h2>OBRAZAC ZA PROMJENE U REGISTRU<\/h2><h2>(UPIS\/ISPIS\/BRISANJE\/PROMJENA PODATAKA)<\/h2>\n<div class=\"wpcf7 no-js\" id=\"wpcf7-f1315-o1\" lang=\"hr\" dir=\"ltr\">\n<div class=\"screen-reader-response\"><p role=\"status\" aria-live=\"polite\" aria-atomic=\"true\"><\/p> <ul><\/ul><\/div>\n<form action=\"\/hr\/wp-json\/wp\/v2\/pages\/1316#wpcf7-f1315-o1\" method=\"post\" class=\"wpcf7-form init\" aria-label=\"Kontakt obrazac\" novalidate=\"novalidate\" data-status=\"init\">\n<div style=\"display: none;\">\n<input type=\"hidden\" name=\"_wpcf7\" value=\"1315\" \/>\n<input type=\"hidden\" name=\"_wpcf7_version\" value=\"5.7.2\" \/>\n<input type=\"hidden\" name=\"_wpcf7_locale\" value=\"hr\" \/>\n<input type=\"hidden\" name=\"_wpcf7_unit_tag\" value=\"wpcf7-f1315-o1\" \/>\n<input type=\"hidden\" name=\"_wpcf7_container_post\" value=\"0\" \/>\n<input type=\"hidden\" name=\"_wpcf7_posted_data_hash\" value=\"\" \/>\n<\/div>\n<p><label> *Vrsta promjene u registru (npr. Upis, Ispis, Brisanje, Promjena): <\/label><br \/>\n<span class=\"wpcf7-form-control-wrap\" data-name=\"promjena\"><input size=\"40\" class=\"wpcf7-form-control wpcf7-text wpcf7-validates-as-required\" aria-required=\"true\" aria-invalid=\"false\" value=\"\" type=\"text\" name=\"promjena\" \/><\/span><br \/>\n<br \/>\n<label> Prezime:<\/label><br \/>\n<span class=\"wpcf7-form-control-wrap\" data-name=\"prezime\"><input size=\"40\" class=\"wpcf7-form-control wpcf7-text wpcf7-validates-as-required\" aria-required=\"true\" aria-invalid=\"false\" value=\"\" type=\"text\" name=\"prezime\" \/><\/span><br \/>\n<br \/>\n<label> Ime:<\/label><br \/>\n<span class=\"wpcf7-form-control-wrap\" data-name=\"ime\"><input size=\"40\" class=\"wpcf7-form-control wpcf7-text wpcf7-validates-as-required\" aria-required=\"true\" aria-invalid=\"false\" value=\"\" type=\"text\" name=\"ime\" \/><\/span><br \/>\n<br \/>\n<label> *Godina ro\u0111enja:<\/label><br \/>\n<span class=\"wpcf7-form-control-wrap\" data-name=\"godina-rodjenja\"><input class=\"wpcf7-form-control wpcf7-number wpcf7-validates-as-required wpcf7-validates-as-number\" min=\"1900\" max=\"2024\" aria-required=\"true\" aria-invalid=\"false\" value=\"\" type=\"number\" name=\"godina-rodjenja\" \/><\/span><br \/>\n<br \/>\n<label> Adresa stanovanja:<\/label><br \/>\n<span class=\"wpcf7-form-control-wrap\" data-name=\"adresa-stanovanja\"><input size=\"40\" class=\"wpcf7-form-control wpcf7-text wpcf7-validates-as-required\" aria-required=\"true\" aria-invalid=\"false\" value=\"\" type=\"text\" name=\"adresa-stanovanja\" \/><\/span><br \/>\n<br \/>\n<label> *Grad:<\/label><br \/>\n<span class=\"wpcf7-form-control-wrap\" data-name=\"grad-stanovanja\"><input size=\"40\" class=\"wpcf7-form-control wpcf7-text wpcf7-validates-as-required\" aria-required=\"true\" aria-invalid=\"false\" value=\"\" type=\"text\" name=\"grad-stanovanja\" \/><\/span><br \/>\n<br \/>\n<label> *Zemlja:<\/label><br \/>\n<span class=\"wpcf7-form-control-wrap\" data-name=\"zemlja-stanovanja\"><input size=\"40\" class=\"wpcf7-form-control wpcf7-text wpcf7-validates-as-required\" aria-required=\"true\" aria-invalid=\"false\" value=\"\" type=\"text\" name=\"zemlja-stanovanja\" \/><\/span><br \/>\n<br \/>\n<label> Telefon:<\/label><br \/>\n<span class=\"wpcf7-form-control-wrap\" data-name=\"telefon-broj\"><input size=\"40\" class=\"wpcf7-form-control wpcf7-text wpcf7-validates-as-required\" aria-required=\"true\" aria-invalid=\"false\" value=\"\" type=\"text\" name=\"telefon-broj\" \/><\/span><br \/>\n<br \/>\n<label> E-mail:<\/label><br \/>\n<span class=\"wpcf7-form-control-wrap\" data-name=\"email-adresa\"><input size=\"40\" class=\"wpcf7-form-control wpcf7-text wpcf7-validates-as-required\" aria-required=\"true\" aria-invalid=\"false\" value=\"\" type=\"text\" name=\"email-adresa\" \/><\/span><br \/>\n<br \/>\n<label> *Obrazovanje (npr. NSS, SSS, V\u0160S, VSS): <\/label><br \/>\n<span class=\"wpcf7-form-control-wrap\" data-name=\"obrazovanje\"><input size=\"40\" class=\"wpcf7-form-control wpcf7-text wpcf7-validates-as-required\" aria-required=\"true\" aria-invalid=\"false\" value=\"\" type=\"text\" name=\"obrazovanje\" \/><\/span><br \/>\n<br \/>\n<label> *Esperantist od godine:<\/label><br \/>\n<span class=\"wpcf7-form-control-wrap\" data-name=\"esperantist-od\"><input size=\"40\" class=\"wpcf7-form-control wpcf7-text wpcf7-validates-as-required\" aria-required=\"true\" aria-invalid=\"false\" value=\"\" type=\"text\" name=\"esperantist-od\" \/><\/span><br \/>\n<br \/>\n<input class=\"wpcf7-form-control has-spinner wpcf7-submit\" type=\"submit\" value=\"Po\u0161alji\" \/>\n<\/p><div class=\"wpcf7-response-output\" aria-hidden=\"true\"><\/div><\/form><\/div>\n\n\n","protected":false},"excerpt":{"rendered":"","protected":false},"author":1,"featured_media":0,"parent":0,"menu_order":0,"comment_status":"closed","ping_status":"closed","template":"","meta":[],"_links":{"self":[{"href":"https:\/\/novo.dec-kroatio.hr\/hr\/wp-json\/wp\/v2\/pages\/1316"}],"collection":[{"href":"https:\/\/novo.dec-kroatio.hr\/hr\/wp-json\/wp\/v2\/pages"}],"about":[{"href":"https:\/\/novo.dec-kroatio.hr\/hr\/wp-json\/wp\/v2\/types\/page"}],"author":[{"embeddable":true,"href":"https:\/\/novo.dec-kroatio.hr\/hr\/wp-json\/wp\/v2\/users\/1"}],"replies":[{"embeddable":true,"href":"https:\/\/novo.dec-kroatio.hr\/hr\/wp-json\/wp\/v2\/comments?post=1316"}],"version-history":[{"count":7,"href":"https:\/\/novo.dec-kroatio.hr\/hr\/wp-json\/wp\/v2\/pages\/1316\/revisions"}],"predecessor-version":[{"id":1689,"href":"https:\/\/novo.dec-kroatio.hr\/hr\/wp-json\/wp\/v2\/pages\/1316\/revisions\/1689"}],"wp:attachment":[{"href":"https:\/\/novo.dec-kroatio.hr\/hr\/wp-json\/wp\/v2\/media?parent=1316"}],"curies":[{"name":"wp","href":"https:\/\/api.w.org\/{rel}","templated":true}]}}