{"id":1303,"date":"2024-03-24T08:40:58","date_gmt":"2024-03-24T08:40:58","guid":{"rendered":"https:\/\/novo.dec-kroatio.hr\/about\/"},"modified":"2024-05-13T05:46:22","modified_gmt":"2024-05-13T05:46:22","slug":"kongresni-izleti-2024","status":"publish","type":"page","link":"https:\/\/novo.dec-kroatio.hr\/hr\/kongresni-izleti-2024\/","title":{"rendered":"Kongresni izleti"},"content":{"rendered":"\n\n<h2>Kongresni izleti<\/h2>\n<p><b>Kongres hrvatskih esperantista, Prvi\u0107 Luka (Otok Prvi\u0107) 21.06 &#8211; 28.06.2024.<\/b><\/p>\n<p class=\"BasicParagraph\">Dragi sudionici kongresa, molimo vas da najkasnije do 20. svibnja izberete izlete i platite garantni iznos od 50% cijene izleta koji vas zanimaju. Ostatak uplate izvr\u0161it \u0107ete kod kongresnog blagajnika na licu mjesta. Narud\u017ebe uputite na: dec.kroatio@gmail.com a uplate izvr\u0161ite na bankovni ra\u010dun Dokumentacijskog esprantskog centra br. HR0723400091111000952.<\/p><br><p class=\"BasicParagraph\"><strong>E1 \u2013 NACIONALNI PARK KORNATI (23. lipnja); Cijena: 100,00 EUR<\/strong><\/p><p class=\"BasicParagraph\">Molimo vas da uzmete u obzir da su Kornati za\u0161ti\u0107eno oto\u010dje, a izlet se ve\u0107im dijelom sastoji od vi\u0161esatne plovidbe brodom i od u\u017eivanja u oto\u010dnim i morskim pejza\u017eima, bez izlaska na obalu. Usidrit \u0107emo se u nekoj uvali radi kupanja i sun\u010danja, ali ne\u0107emo mo\u0107i pristati uz obalu! Izlet je pogodan za dobre pliva\u010de ili za one koji su u stanju na\u0107i zanimljive aktivnosti na brodu, jer je more duboko, bez pli\u0107aka i pla\u017ea! Nacionalni park Kornati sastoji se od 89 otoka, oto\u010di\u0107a i hridi. Progla\u0161en je nacionalnim parkom 1980. godine. Cjelokupna povr\u0161ina parka obuhva\u0107a 220 kvadratnih kilometara, od \u010dega je samo jedna \u010detvrtina kopna, dok su ostalo morski ekosustavi. Ovaj izlet je neobi\u010dan i nezaboravan do\u017eivljaj.<\/p><p class=\"BasicParagraph\">Cijena uklju\u010duje plovidbu brodom, ulaznice i ru\u010dak na brodu.<\/p><br><p class=\"BasicParagraph\"><strong>E2 &#8211; NACIONALNI PARK KRKA (22. lipnja); Cijena: 95,00 EUR<\/strong><\/p><p class=\"BasicParagraph\">Nacionalni park Krka dobio je ime prema istoimenoj rijeci. Smje\u0161ten je u srednjoj Dalmaciji, nekoliko kilometara sjeveroisto\u010dno od grada \u0160ibenika. Park obuhva\u0107a podru\u010dje rijeke Krke i ima povr\u0161inu od 109 kvadratnih kilometara, od kojih je jedna \u010detvrtina vodenih povr\u0161ina. Na\u0161 izlet nas vodi brodom na Skradinski buk, najljep\u0161e mjesto u parku s impozantnim slapovim i kaskadama. Odatle \u0107emo pje\u0161ice obi\u0107i znamenitosti parka.<\/p><p class=\"BasicParagraph\">Cijena uklju\u010duje vo\u017enju brodom, ulaznice i ru\u010dak na brodu.<\/p><br><p class=\"BasicParagraph\"><strong>E3 \u2013 \u0160IBENSKO OTO\u010cJE (Zlarin, Kaprije, Obonjan, 25. lipnja); Cijena: 75,00 EUR<\/strong><\/p><p class=\"BasicParagraph\">Radi se o vrlo zanimljivom brodskom izletu kroz otoke \u0161ibenskog arhipelaga. Koje \u0107emo otoke uistinu posjetiti, zavisi od vremenskih uvjeta tijekom dana predvi\u0111enog za izlet. Cijena uklju\u010duje i ru\u010dak na brodu ili u nekoj uvali.<\/p><br><p class=\"BasicParagraph\"><strong>E4 &#8211; PRIMO\u0160TEN (28. lipnja); Cijena: Besplatno za putnike u zajedni\u010dkom kongresnom autobusu, a za ostale: 10,00 EUR.<\/strong><\/p><p class=\"BasicParagraph\">Cilj ovoga izleta je gradi\u0107 Primo\u0161ten, smje\u0161ten \u010detrdesetak kilometara od \u0160ibenika. Me\u0111u esperantistima je bio vrlo popularan i poznat zbog Esperantskog kampa, osnovanog 1961. godine. Tijekom na\u0161eg izleta prisjetit \u0107emo se povijesnih \u010dinjenica. Izlet \u0107e se odvijati autobusom, dok \u0107emo sam grad posjetiti pje\u0161ice.<\/p><p class=\"BasicParagraph\">Cijena uklju\u010duje samo autobusni prijevoz!<\/p><br><br><p class=\"BasicParagraph\">Predvi\u0111eni ru\u010dkovi su obavezni dio izleta, uklju\u010deni u cijenu. Za sve brodske izlete mo\u017eete ponijeti i dodatno vlastito jelo i pi\u0107e, a i na samom brodu se mogu kupiti razne vrste napitaka.<\/p><br><p class=\"BasicParagraph\">Sve su cijene izra\u010dunate na bazi najmanje 30 putnika. Svi brodovi koje \u0107emo koristiti rezervirani su samo za esperantsku grupu. Kako bismo mogli garantirati izlete, molimo vas da odmah rezervirate va\u0161e mjesto za izabrani izlet. Organizator zadr\u017eava pravo otkazati izlet za koji se prijavi manje od 30 putnika. U tom slu\u010daju svi putnici \u0107e dobiti povrat cjelokupnog upla\u0107enog iznosa. Ako putnik odustane od izleta, svoje mjesto mo\u017ee ustupiti drugoj osobi, ali ne mo\u017ee dobiti povrat novca.<\/p>\n\n\n","protected":false},"excerpt":{"rendered":"","protected":false},"author":1,"featured_media":0,"parent":0,"menu_order":0,"comment_status":"closed","ping_status":"closed","template":"","meta":[],"_links":{"self":[{"href":"https:\/\/novo.dec-kroatio.hr\/hr\/wp-json\/wp\/v2\/pages\/1303"}],"collection":[{"href":"https:\/\/novo.dec-kroatio.hr\/hr\/wp-json\/wp\/v2\/pages"}],"about":[{"href":"https:\/\/novo.dec-kroatio.hr\/hr\/wp-json\/wp\/v2\/types\/page"}],"author":[{"embeddable":true,"href":"https:\/\/novo.dec-kroatio.hr\/hr\/wp-json\/wp\/v2\/users\/1"}],"replies":[{"embeddable":true,"href":"https:\/\/novo.dec-kroatio.hr\/hr\/wp-json\/wp\/v2\/comments?post=1303"}],"version-history":[{"count":2,"href":"https:\/\/novo.dec-kroatio.hr\/hr\/wp-json\/wp\/v2\/pages\/1303\/revisions"}],"predecessor-version":[{"id":1305,"href":"https:\/\/novo.dec-kroatio.hr\/hr\/wp-json\/wp\/v2\/pages\/1303\/revisions\/1305"}],"wp:attachment":[{"href":"https:\/\/novo.dec-kroatio.hr\/hr\/wp-json\/wp\/v2\/media?parent=1303"}],"curies":[{"name":"wp","href":"https:\/\/api.w.org\/{rel}","templated":true}]}}