{"id":1212,"date":"2023-01-14T12:00:58","date_gmt":"2023-01-14T12:00:58","guid":{"rendered":"https:\/\/novo.dec-kroatio.hr\/about\/"},"modified":"2023-12-28T16:01:05","modified_gmt":"2023-12-28T16:01:05","slug":"smjestaj-i-prehrana-kongres-prvic","status":"publish","type":"page","link":"https:\/\/novo.dec-kroatio.hr\/hr\/smjestaj-i-prehrana-kongres-prvic\/","title":{"rendered":"Smje\u0161taj i prehrana"},"content":{"rendered":"\n\n\r\n<h2><b>Smje\u0161taj i prehrana<\/b><\/h2>\r\n\n<p>&nbsp;<\/p>\n<p>Smje\u0161taj i prehrana sudionika kongresa organizirani su u Odmarali\u0161tu Po\u017eega d.o.o (<a href=\"https:\/\/odmaraliste-prvic.com.hr\"><strong><u>https:\/\/odmaraliste-prvic.com.hr<\/u><\/strong><\/a>). Radi se hostelskom tipu smje\u0161taja u jednokrevetnim, dvokrevetnim i vi\u0161ekrevetnim sobama. Jednokrevetne i dvokrevetne sobe imaju kupaonicu i WC, a ve\u0107ina i hladnjak, ali sobe nisu klimatizirane. Vi\u0161ekrevetne sobe koriste zajedni\u010dku kupaonicu na katu.<\/p>\n<p>&nbsp;<\/p>\n<p>Prehrana je organizirana u hostelskom restoranu u prizemlju, gdje radi i kafi\u0107. Cjenik, koji obuhva\u0107a smje\u0161taj i prehranu na bazi polupansiona (doru\u010dak i ru\u010dak) mo\u017eete vidjeti <a href=\"https:\/\/novo.dec-kroatio.hr\/wp-content\/uploads\/2023\/12\/smjestaj-loghado.pdf\"><strong><u>ovdje<\/u><\/strong><\/a>. Napominjemo da je prehrana predvi\u0111ena jelovnikom objekta koji nije promjenljiv i ne pru\u017ea specifi\u010dne usluge (vegetarijanci, vegani, jela po narud\u017ebi).&nbsp;<\/p>\n<p>Broj mjesta u hostelu je ograni\u010den pa je potrebno rezervaciju smje\u0161taja i prehrane izvr\u0161iti \u0161to je mogu\u0107e ranije, a najkasnije do 31. o\u017eujka 2024. godine. Nakon toga datuma narud\u017ebe \u0107e se primati isklju\u010divo ako je ostalo slobodnih mjesta, ali \u0107e cijena biti znatno uve\u0107ana. Rezervacija je va\u017ee\u0107a isklju\u010divo uz uplatu cjelokupnog iznosa. Uplatu je mogu\u0107e izvr\u0161iti i u najvi\u0161e tri obroka, s time da se prvi dio plati do 31. sije\u010dnja, drugi dio do 28. velja\u010de, a tre\u0107i do 31. o\u017eujka 2024. godine. U slu\u010daju obro\u010dnog pla\u0107anja primjenjuje se cijena iz drugog perioda narud\u017ebe (do 31. o\u017eujka 2024.).&nbsp;<\/p>\n<p>&nbsp;<\/p>\n<p>Smje\u0161taj mo\u017eete rezervirati <strong><u><a href=\"https:\/\/novo.dec-kroatio.hr\/hr\/narudzbenica-za-smjestaj-2024\/\">mre\u017enom narud\u017ebenicom<\/a><\/u><\/strong> ili elektroni\u010dkom po\u0161tom na adresu organizatora: <strong><u><a href=\"mailto:dec.kroatio@gmail.com\">dec.kroatio@gmail.com<\/a><\/u><\/strong> isklju\u010divo nakon ili zajedno s uplatom kongresnine. Nije mogu\u0107e platiti smje\u0161taj i prehranu, ako nije upla\u0107ena kongresnina, odnosno ako niste dobili kongresni broj.<\/p>\n<p>&nbsp;<\/p>\n<p>Uplate&nbsp; se vr\u0161e na ra\u010dun Dokumentacijskog esperantskog centra \u0110ur\u0111evac broj:&nbsp;<\/p>\n<p>HR0723400091111000952.<\/p>\n<p>&nbsp;<\/p>\n<p>VA\u017dNA NAPOMENA: Ukoliko prijavljena osoba odustane od sudjelovanja na kongresu ili od kori\u0161tenja upla\u0107enih usluga, nema pravo na povrat upla\u0107enih iznosa.<\/p>\n\n\n\n\n\n\n\n\n\n\n\n\n\n\n\n\n\n\n\n\n\n\n\n\n\n\n","protected":false},"excerpt":{"rendered":"","protected":false},"author":1,"featured_media":0,"parent":0,"menu_order":0,"comment_status":"closed","ping_status":"closed","template":"","meta":[],"_links":{"self":[{"href":"https:\/\/novo.dec-kroatio.hr\/hr\/wp-json\/wp\/v2\/pages\/1212"}],"collection":[{"href":"https:\/\/novo.dec-kroatio.hr\/hr\/wp-json\/wp\/v2\/pages"}],"about":[{"href":"https:\/\/novo.dec-kroatio.hr\/hr\/wp-json\/wp\/v2\/types\/page"}],"author":[{"embeddable":true,"href":"https:\/\/novo.dec-kroatio.hr\/hr\/wp-json\/wp\/v2\/users\/1"}],"replies":[{"embeddable":true,"href":"https:\/\/novo.dec-kroatio.hr\/hr\/wp-json\/wp\/v2\/comments?post=1212"}],"version-history":[{"count":8,"href":"https:\/\/novo.dec-kroatio.hr\/hr\/wp-json\/wp\/v2\/pages\/1212\/revisions"}],"predecessor-version":[{"id":1258,"href":"https:\/\/novo.dec-kroatio.hr\/hr\/wp-json\/wp\/v2\/pages\/1212\/revisions\/1258"}],"wp:attachment":[{"href":"https:\/\/novo.dec-kroatio.hr\/hr\/wp-json\/wp\/v2\/media?parent=1212"}],"curies":[{"name":"wp","href":"https:\/\/api.w.org\/{rel}","templated":true}]}}