{"id":1162,"date":"2023-01-14T12:00:58","date_gmt":"2023-01-14T12:00:58","guid":{"rendered":"https:\/\/novo.dec-kroatio.hr\/about\/"},"modified":"2023-12-06T20:23:55","modified_gmt":"2023-12-06T20:23:55","slug":"otok-prvic","status":"publish","type":"page","link":"https:\/\/novo.dec-kroatio.hr\/hr\/otok-prvic\/","title":{"rendered":"Otok Prvi\u0107"},"content":{"rendered":"\n\n<h2>Otok Prvi\u0107<\/h2>\n<p><span><span>\t<\/span>Prvi\u0107 je otok u \u0161ibenskom oto\u010dju, u blizini Vodica. Povr\u0161ina otoka je 2,41 km\u00b2, a broj stanovnikaotoka je 453 (od 2001.). Du\u017eina obale je 10,6 km, a koeficijent razvedenosti obale je 1,93. Najvi\u0161i vrh na otoku je Vitkovi\u0107 (79 m). Na otoku postoje dva tipi\u010dna dalmatinska ribarska naselja: Prvi\u0107 Luka i \u0160epurine, a me\u0111usobno su povezana jedan kilometar dugom cestom. \u0160epurine se nalaze na zapadnom dijelu otoka, a Prvi\u0107 Luka smje\u0161tena je na jugoisto\u010dnom dijelu otoka.&nbsp;<\/span><\/p><br><p><span><span>\t<\/span>Otok je naseljen jo\u0161 u anti\u010dko doba pa su tako ispod crkve Gospinog Poro\u0111enja prona\u0111eni anti\u010dki i kasnoanti\u010dki materijalni ostaci (keramika, grobovi u amforama, ranokr\u0161\u0107anski kapitel), a u blizini crkve rimska tegula (krovna opeka) iz 1. st. nove ere.&nbsp;<\/span><\/p><br><p><span><span>\t<\/span>Otok Prvi\u0107 je prirodni nastavak otoka Zlarina, \u0161to dokazuju brojni podmorski pli\u0107aci, greben Ra\u017eenik i oto\u010di\u0107 Lupac. Otok le\u017ei jednu nauti\u010dku milju jugoisto\u010dno od grada Vodica. Zanimljivo je \u0161to taj otok nije gra\u0111en od vapnenca kao ostali otoci, ve\u0107 od krednih dolomita.<\/span><\/p><br><p><span><span>\t<\/span>\u017divopisne uvale i uvalice privla\u010de kupa\u010de koji u ljepoti prirode tra\u017ee usamljenost i mir. Oba naselja na otoku za\u0161ti\u0107ena su od Ministarstva kulture Republike Hrvatske kao nacionalna kulturna ba\u0161tina. Otok je poznat i pod nazivom Faustov otok \u2013 otok Fausta Vran\u010di\u0107a, znanstvenika, povjesni\u010dara, jezikoslovaca, filozofa, matemati\u010dara i fizi\u010dara, koji je \u017eivio u 17. stolje\u0107u. Rodio se u \u0160ibeniku, a na otoku je proveo svoje djetinjstvo. Umro je u Veneciji, a po svojoj \u017eelji je pokopan na otoku u crkvi Sv. Marije od Milosti u Prvi\u0107 Luci.&nbsp;<\/span><\/p><br><p><span><span>\t<\/span>Od srednjeg vijeka otok je slu\u017eio boravku \u0161ibenskih plemi\u0107kih obitelji koje su se na Prvi\u0107 sklanjale od kuge, kako 1487. godine ka\u017ee poznati \u0160iben\u010danin Juraj \u0160i\u017egori\u0107 u djelu \u201eO smje\u0161taju Ilirije i gradu \u0160ibeniku\u201d. \u0160ibenski plemi\u0107i uzimli su u zakup od op\u0107ine zemlje na Prvi\u0107u i davali ih na obradu te\u017eacima \u0161to je iniciralo ve\u0107e naseljavanje otoka (\u0161to povijesno mo\u017eemo pratiti od kraja 14. stolje\u0107a). Najva\u017eniji val stanovni\u0161tva do\u0161ao je na otok od 15. stolje\u0107a vezano uz veliku tursku opasnost kada se na otok seli stanovni\u0161tvo velikog srednjovjekovnog naselja na Srimi i osniva Prvi\u0107 \u0160epurinu. U Prvi\u0107 Luku franjevci tre\u0107oredci glagolja\u0161i dolaze 1461. godine i osnivaju samostan s crkvom Gospe od Milosti. Spominje se i benediktinski samostan u jednoj ispravi iz 1267. godine, ali on nije materijalno potvr\u0111en.&nbsp;<\/span><\/p><br><p><span><span>\t<\/span>Ime Prvi\u0107 najvjerojatnije potje\u010de od \u010dinjenice \u0161to je naseljeni otok najbli\u017ei kopnu, odnosno prvi. Pu\u010danstvo se bavilo ribolovom, maslinarstvom,vinogradarstvom i pomorstvom, sve do prve polovice 20. stolje\u0107a, kada ih se ve\u0107ina iselila. Dvadesetih godina pro\u0161log stolje\u0107a, Prvi\u0107 je bio najgu\u0161\u0107e naseljeni hrvatski otok, s oko 1.300 stanovnika\/km\u00b2. On je i danas jedini iz kategorije malih otoka (manjih od 15 km\u00b2) koji ima dva naselja.<\/span><\/p>&nbsp;<p><span><span>\t<\/span>U Drugom svjetskom ratu stanovnici otoka Prvi\u0107a organizirano su se uklju\u010dili u antifa\u0161isti\u010dku borbu. Me\u0111u njima je bilo i vi\u0161e esperantista. Mnogi su stanovnici poginuli, a o njihovu herojstvu danas svjedo\u010de brojni partizanski spomenici u oba mjesta otoka Prvi\u0107a.&nbsp;<\/span><\/p><br><p><span><span>\t<\/span>U mjestu \u0160epurine nalaze se dvije crkve. Manja crkvica, izgra\u0111ena u srednjem vijeku, posve\u0107ena je svetoj Jeleni Kri\u017earici, majci cara KonstantinaVelikog. Nova, ve\u0107a crkva, potje\u010de s konca 19. stolje\u0107a i posve\u0107ena je Uznesenju Bla\u017eene Djevice Marije. U \u0160epurinama se nalazi i barokni ljetnikovac znamenitih plemi\u0107a Antuna i Fausta Vran\u010di\u0107a, koji je danas u vlasni\u0161tvu plemi\u0107ke obitelji Dragani\u0107. U Prvi\u0107 Luci se nalazi crkva Gospe od Milosti gdje je na vlastiti zahtjev pokopan Faust Vran\u010di\u0107.&nbsp;<\/span><\/p><br><p><span><span>\t<\/span>Svake godine u oba se mjesta na otoku odr\u017eavaju razne kulturne manifestacije, glazbeni koncerti, likovne izlo\u017ebe te sportska natjecanja. Stanovni\u0161tvo se uglavnom bavi uzgojem maslina, vinove loze, ribolovom te ponajvi\u0161e turizmom. U mjestu \u0160epurine aktivna je i poljoprivredna zadruga s vlastitom uljarom za preradu maslina, dok je u Prvi\u0107 Luci aktivna poljoprivredno-turisti\u010dka zadruga \u201eFaust Vran\u010di\u0107\u201d, koja je otvorila Memorijalni centar Faust Vran\u010di\u0107 s vanjskim amfiteatrom kao ljetnom pozornicom, polivalentnom dvoranom, suvenirnicom te izumima Fausta Vran\u010di\u0107a u prirodnim veli\u010dinama.&nbsp;<\/span><\/p><br><p><span><span>\t<\/span>Iako turizam predstavlja glavnu gospodarsku granu na otoku, ve\u0107ina smje\u0161tajnih kapaciteta odnosi se na privatni smje\u0161taj u apartmanima, jer na otoku radi samo jedan hotel, otvoren 2004. g., u Prvi\u0107 Luci. Na otoku postoji i vi\u0161e restorana, picerija te kafi\u0107a. U ljetnim mjesecima \u010deste su priredbe tradicionalnog klapskog pjevanja. Poznate pu\u010dke fe\u0161te su 2. kolovoza u Prvi\u0107 Luci (Gospe od An\u0111ela) te 16. kolovoza u \u0160epurini (sveti Roko).<\/span><\/p><br><p><span><span>\t<\/span>Na Youtubeu pogledajte filmove o otoku, na primjer:<\/span><\/p><p><a href=\"https:\/\/www.youtube.com\/watch?v=8baDElk3y_k&amp;t=26s\"><span><\/span><\/a><\/p><p xmlns=\"http:\/\/www.w3.org\/1999\/xhtml\"><a href=\"https:\/\/www.youtube.com\/watch?v=8baDElk3y_k&amp;t=26s\"><strong><u>youtube.com\/watch?v=8baDElk3y_k&amp;t=26s<\/u><\/strong><\/a><\/p><p><\/p><p><strong><\/strong><\/p><p><a href=\"https:\/\/www.youtube.com\/watch?v=effRIPgwq_Y\"><strong><u>youtube.com\/watch?v=effRIPgwq_Y<\/u><\/strong><\/a><\/p><p><a href=\"https:\/\/www.youtube.com\/watch?v=Jel-5c9ZgWM\"><strong><u>youtube.com\/watch?v=Jel-5c9ZgWM<\/u><\/strong><\/a><\/p>\n\n\n\n","protected":false},"excerpt":{"rendered":"","protected":false},"author":1,"featured_media":0,"parent":0,"menu_order":0,"comment_status":"closed","ping_status":"closed","template":"","meta":[],"_links":{"self":[{"href":"https:\/\/novo.dec-kroatio.hr\/hr\/wp-json\/wp\/v2\/pages\/1162"}],"collection":[{"href":"https:\/\/novo.dec-kroatio.hr\/hr\/wp-json\/wp\/v2\/pages"}],"about":[{"href":"https:\/\/novo.dec-kroatio.hr\/hr\/wp-json\/wp\/v2\/types\/page"}],"author":[{"embeddable":true,"href":"https:\/\/novo.dec-kroatio.hr\/hr\/wp-json\/wp\/v2\/users\/1"}],"replies":[{"embeddable":true,"href":"https:\/\/novo.dec-kroatio.hr\/hr\/wp-json\/wp\/v2\/comments?post=1162"}],"version-history":[{"count":6,"href":"https:\/\/novo.dec-kroatio.hr\/hr\/wp-json\/wp\/v2\/pages\/1162\/revisions"}],"predecessor-version":[{"id":1169,"href":"https:\/\/novo.dec-kroatio.hr\/hr\/wp-json\/wp\/v2\/pages\/1162\/revisions\/1169"}],"wp:attachment":[{"href":"https:\/\/novo.dec-kroatio.hr\/hr\/wp-json\/wp\/v2\/media?parent=1162"}],"curies":[{"name":"wp","href":"https:\/\/api.w.org\/{rel}","templated":true}]}}