{"id":892,"date":"2023-01-14T12:00:58","date_gmt":"2023-01-14T12:00:58","guid":{"rendered":"https:\/\/novo.dec-kroatio.hr\/about\/"},"modified":"2023-02-10T20:10:09","modified_gmt":"2023-02-10T20:10:09","slug":"narudzbenica-za-smjestaj","status":"publish","type":"page","link":"https:\/\/novo.dec-kroatio.hr\/eo\/narudzbenica-za-smjestaj\/","title":{"rendered":"Narud\u017ebenica za smje\u0161taj"},"content":{"rendered":"<h2>Narud\u017ebenica za smje\u0161taj<\/h2>\n<div class=\"wpcf7 no-js\" id=\"wpcf7-f891-o1\" lang=\"hr\" dir=\"ltr\">\n<div class=\"screen-reader-response\"><p role=\"status\" aria-live=\"polite\" aria-atomic=\"true\"><\/p> <ul><\/ul><\/div>\n<form action=\"\/eo\/wp-json\/wp\/v2\/pages\/892#wpcf7-f891-o1\" method=\"post\" class=\"wpcf7-form init\" aria-label=\"Kontakt obrazac\" enctype=\"multipart\/form-data\" novalidate=\"novalidate\" data-status=\"init\" data-trp-original-action=\"\/eo\/wp-json\/wp\/v2\/pages\/892#wpcf7-f891-o1\">\n<div style=\"display: none;\">\n<input type=\"hidden\" name=\"_wpcf7\" value=\"891\" \/>\n<input type=\"hidden\" name=\"_wpcf7_version\" value=\"5.7.2\" \/>\n<input type=\"hidden\" name=\"_wpcf7_locale\" value=\"hr\" \/>\n<input type=\"hidden\" name=\"_wpcf7_unit_tag\" value=\"wpcf7-f891-o1\" \/>\n<input type=\"hidden\" name=\"_wpcf7_container_post\" value=\"0\" \/>\n<input type=\"hidden\" name=\"_wpcf7_posted_data_hash\" value=\"\" \/>\n<\/div>\n<p><label> Kongresano (nomo kaj familia nomo) \/ Sudionik kongresa (ime i prezime): <\/label><br \/>\n<span class=\"wpcf7-form-control-wrap\" data-name=\"sudionik-kongresa\"><input size=\"40\" class=\"wpcf7-form-control wpcf7-text wpcf7-validates-as-required\" aria-required=\"true\" aria-invalid=\"false\" value=\"\" type=\"text\" name=\"sudionik-kongresa\" \/><\/span><br \/>\n<br \/>\n<label> Mi mendas lo\u011dadon \/ Naru\u010dujem smje\u0161taj:<\/label><br \/>\n<span class=\"wpcf7-form-control-wrap\" data-name=\"menu-184\"><select class=\"wpcf7-form-control wpcf7-select wpcf7-validates-as-required\" aria-required=\"true\" aria-invalid=\"false\" name=\"menu-184\"><option value=\"1. u Lova\u010dkom domu Peski u dvokrevetnoj sobi(25,00 eura po osobi i po danu)\">1. u Lova\u010dkom domu Peski u dvokrevetnoj sobi(25,00 eura po osobi i po danu)<\/option><option value=\"2.U Hotelu Picok u jednokrevetnoj sobi (50,00 eura po osobi i po danu)\">2.U Hotelu Picok u jednokrevetnoj sobi (50,00 eura po osobi i po danu)<\/option><option value=\"3.U Hotelu Picok u dvokreventoj sobi (42,00 eura po osobi i po danu)\">3.U Hotelu Picok u dvokreventoj sobi (42,00 eura po osobi i po danu)<\/option><\/select><\/span><br \/>\n<br \/>\n<label> Datum dolaska:<\/label><br \/>\n<span class=\"wpcf7-form-control-wrap\" data-name=\"date-358\"><input class=\"wpcf7-form-control wpcf7-date wpcf7-validates-as-required wpcf7-validates-as-date\" aria-required=\"true\" aria-invalid=\"false\" value=\"\" type=\"date\" name=\"date-358\" \/><\/span><br \/>\n<br \/>\n<label> Datum odlaska:<\/label><br \/>\n<span class=\"wpcf7-form-control-wrap\" data-name=\"date-359\"><input class=\"wpcf7-form-control wpcf7-date wpcf7-validates-as-required wpcf7-validates-as-date\" aria-required=\"true\" aria-invalid=\"false\" value=\"\" type=\"date\" name=\"date-359\" \/><\/span><br \/>\n<br \/>\n<label> Mi pagas sume \/ pla\u0107am ukupno:<\/label><br \/>\n<span class=\"wpcf7-form-control-wrap\" data-name=\"text-505\"><input size=\"40\" class=\"wpcf7-form-control wpcf7-text wpcf7-validates-as-required\" aria-required=\"true\" aria-invalid=\"false\" value=\"\" type=\"text\" name=\"text-505\" \/><\/span><br \/>\n<br \/>\n<label> na ra\u010dun Dokumentacijskog esperantskog centra \u0110ur\u0111evac<br \/>\nHR0723400091111000952 (Privredna banka Zagreb)<br \/>\n<br \/>\nal konto de Dokumenta Esperanto-Centro \u0110ur\u0111evac<br \/>\nHR0723400091111000952 (Privredna banka Zagreb) <\/label><br \/>\n<br \/>\n<label> Noto \/ Napomena:<\/label><br \/>\n<span class=\"wpcf7-form-control-wrap\" data-name=\"napomene\"><textarea cols=\"40\" rows=\"10\" class=\"wpcf7-form-control wpcf7-textarea\" aria-invalid=\"false\" name=\"napomene\"><\/textarea><\/span><br \/>\n<br \/>\n<label> Dosiero \/ Datoteka<br \/>\n<span class=\"wpcf7-form-control-wrap\" data-name=\"dosiero\"><input size=\"40\" class=\"wpcf7-form-control wpcf7-file\" accept=\"audio\/*,video\/*,image\/*\" aria-invalid=\"false\" type=\"file\" name=\"dosiero\" \/><\/span> <\/label><br \/>\n<input class=\"wpcf7-form-control has-spinner wpcf7-submit\" type=\"submit\" value=\"Sendi\" \/>\n<\/p><div class=\"wpcf7-response-output\" aria-hidden=\"true\"><\/div><input type=\"hidden\" name=\"trp-form-language\" value=\"eo\"\/><\/form><\/div>","protected":false},"excerpt":{"rendered":"","protected":false},"author":1,"featured_media":0,"parent":0,"menu_order":0,"comment_status":"closed","ping_status":"closed","template":"","meta":[],"_links":{"self":[{"href":"https:\/\/novo.dec-kroatio.hr\/eo\/wp-json\/wp\/v2\/pages\/892"}],"collection":[{"href":"https:\/\/novo.dec-kroatio.hr\/eo\/wp-json\/wp\/v2\/pages"}],"about":[{"href":"https:\/\/novo.dec-kroatio.hr\/eo\/wp-json\/wp\/v2\/types\/page"}],"author":[{"embeddable":true,"href":"https:\/\/novo.dec-kroatio.hr\/eo\/wp-json\/wp\/v2\/users\/1"}],"replies":[{"embeddable":true,"href":"https:\/\/novo.dec-kroatio.hr\/eo\/wp-json\/wp\/v2\/comments?post=892"}],"version-history":[{"count":2,"href":"https:\/\/novo.dec-kroatio.hr\/eo\/wp-json\/wp\/v2\/pages\/892\/revisions"}],"predecessor-version":[{"id":894,"href":"https:\/\/novo.dec-kroatio.hr\/eo\/wp-json\/wp\/v2\/pages\/892\/revisions\/894"}],"wp:attachment":[{"href":"https:\/\/novo.dec-kroatio.hr\/eo\/wp-json\/wp\/v2\/media?parent=892"}],"curies":[{"name":"wp","href":"https:\/\/api.w.org\/{rel}","templated":true}]}}