{"id":884,"date":"2023-01-14T12:00:58","date_gmt":"2023-01-14T12:00:58","guid":{"rendered":"https:\/\/novo.dec-kroatio.hr\/about\/"},"modified":"2023-02-10T20:21:56","modified_gmt":"2023-02-10T20:21:56","slug":"smjestaj","status":"publish","type":"page","link":"https:\/\/novo.dec-kroatio.hr\/eo\/smjestaj\/","title":{"rendered":"Lo\u011dado"},"content":{"rendered":"<h2>Lo\u011dado<\/h2>\n\n<p>Lo\u011dado de kongresanoj estas organizita en:<\/p><p>1. \u0108asista domo Peski en dulitaj \u0109ambroj (tranokto sen matenman\u011do) kun\ninkluzivita turisma imposto je prezo de 25,00 e\u016droj por \u0109iu persono kaj \u0109iu\ntago.<\/p><p>2. Hotel Picok (****) en unu- kaj dulitaj \u0109ambroj (tranokto sen matenman\u011do)\nkun inkluzivita turisma imposto je prezo de 50,00, respektive 42,00 e\u016droj por\n\u0109iu persono kaj \u0109iu tago.<\/p><br><p>La lo\u011dadon vi povas rezervi per <a href=\"https:\/\/novo.dec-kroatio.hr\/eo\/narudzbenica-za-smjestaj\/\"><strong style=\"color: rgb(31, 73, 125);\">reta mendilo<\/strong><\/a> a\u016d per elektronika po\u015dto \u0109e: <strong>dec.kroatio@gmail.com<\/strong><\/p><br><p><strong>La mendo validas nur post pagitaj lo\u011dkostoj al la bankkonto de\nDokumentacijski esperantski centar \u0110ur\u0111evac n-ro:\nHR0723400091111000952.<\/strong><\/p>","protected":false},"excerpt":{"rendered":"","protected":false},"author":1,"featured_media":0,"parent":0,"menu_order":0,"comment_status":"closed","ping_status":"closed","template":"","meta":[],"_links":{"self":[{"href":"https:\/\/novo.dec-kroatio.hr\/eo\/wp-json\/wp\/v2\/pages\/884"}],"collection":[{"href":"https:\/\/novo.dec-kroatio.hr\/eo\/wp-json\/wp\/v2\/pages"}],"about":[{"href":"https:\/\/novo.dec-kroatio.hr\/eo\/wp-json\/wp\/v2\/types\/page"}],"author":[{"embeddable":true,"href":"https:\/\/novo.dec-kroatio.hr\/eo\/wp-json\/wp\/v2\/users\/1"}],"replies":[{"embeddable":true,"href":"https:\/\/novo.dec-kroatio.hr\/eo\/wp-json\/wp\/v2\/comments?post=884"}],"version-history":[{"count":4,"href":"https:\/\/novo.dec-kroatio.hr\/eo\/wp-json\/wp\/v2\/pages\/884\/revisions"}],"predecessor-version":[{"id":897,"href":"https:\/\/novo.dec-kroatio.hr\/eo\/wp-json\/wp\/v2\/pages\/884\/revisions\/897"}],"wp:attachment":[{"href":"https:\/\/novo.dec-kroatio.hr\/eo\/wp-json\/wp\/v2\/media?parent=884"}],"curies":[{"name":"wp","href":"https:\/\/api.w.org\/{rel}","templated":true}]}}