{"id":812,"date":"2023-01-14T12:00:58","date_gmt":"2023-01-14T12:00:58","guid":{"rendered":"https:\/\/novo.dec-kroatio.hr\/about\/"},"modified":"2023-01-14T21:16:13","modified_gmt":"2023-01-14T21:16:13","slug":"pristupnica","status":"publish","type":"page","link":"https:\/\/novo.dec-kroatio.hr\/eo\/pristupnica\/","title":{"rendered":"Ali\u011dilo"},"content":{"rendered":"<h2>Ali\u011dilo \/ Pristupnica&nbsp;<\/h2>\n\r\n<div class=\"wpcf7 no-js\" id=\"wpcf7-f811-o1\" lang=\"hr\" dir=\"ltr\">\n<div class=\"screen-reader-response\"><p role=\"status\" aria-live=\"polite\" aria-atomic=\"true\"><\/p> <ul><\/ul><\/div>\n<form action=\"\/eo\/wp-json\/wp\/v2\/pages\/812#wpcf7-f811-o1\" method=\"post\" class=\"wpcf7-form init\" aria-label=\"Kontakt obrazac\" enctype=\"multipart\/form-data\" novalidate=\"novalidate\" data-status=\"init\" data-trp-original-action=\"\/eo\/wp-json\/wp\/v2\/pages\/812#wpcf7-f811-o1\">\n<div style=\"display: none;\">\n<input type=\"hidden\" name=\"_wpcf7\" value=\"811\" \/>\n<input type=\"hidden\" name=\"_wpcf7_version\" value=\"5.7.2\" \/>\n<input type=\"hidden\" name=\"_wpcf7_locale\" value=\"hr\" \/>\n<input type=\"hidden\" name=\"_wpcf7_unit_tag\" value=\"wpcf7-f811-o1\" \/>\n<input type=\"hidden\" name=\"_wpcf7_container_post\" value=\"0\" \/>\n<input type=\"hidden\" name=\"_wpcf7_posted_data_hash\" value=\"\" \/>\n<\/div>\n<p><label> Familia nomo \/ Prezime: <\/label><br \/>\n<span class=\"wpcf7-form-control-wrap\" data-name=\"prezime\"><input size=\"40\" class=\"wpcf7-form-control wpcf7-text wpcf7-validates-as-required\" aria-required=\"true\" aria-invalid=\"false\" value=\"\" type=\"text\" name=\"prezime\" \/><\/span><br \/>\n<br \/>\n<label> Persona nomo \/ Ime: <\/label><br \/>\n<span class=\"wpcf7-form-control-wrap\" data-name=\"ime\"><input size=\"40\" class=\"wpcf7-form-control wpcf7-text wpcf7-validates-as-required\" aria-required=\"true\" aria-invalid=\"false\" value=\"\" type=\"text\" name=\"ime\" \/><\/span><br \/>\n<br \/>\n<label> Po\u015dtkodo kaj urbo \/ Po\u0161tanski broj i grad: <\/label><br \/>\n<span class=\"wpcf7-form-control-wrap\" data-name=\"posta-grad\"><input size=\"40\" class=\"wpcf7-form-control wpcf7-text wpcf7-validates-as-required\" aria-required=\"true\" aria-invalid=\"false\" value=\"\" type=\"text\" name=\"posta-grad\" \/><\/span><br \/>\n<br \/>\n<label> Strato kaj domnumero \/ Ulica i broj: <\/label><br \/>\n<span class=\"wpcf7-form-control-wrap\" data-name=\"ulica-broj\"><input size=\"40\" class=\"wpcf7-form-control wpcf7-text wpcf7-validates-as-required\" aria-required=\"true\" aria-invalid=\"false\" value=\"\" type=\"text\" name=\"ulica-broj\" \/><\/span><br \/>\n<br \/>\n<label> Naski\u011ddato \/ Datum ro\u0111enja: <\/label><br \/>\n<span class=\"wpcf7-form-control-wrap\" data-name=\"datum-rodjenja\"><input size=\"40\" class=\"wpcf7-form-control wpcf7-text wpcf7-validates-as-required\" aria-required=\"true\" aria-invalid=\"false\" value=\"\" type=\"text\" name=\"datum-rodjenja\" \/><\/span><br \/>\n<br \/>\n<label> (Po\u015d)telefono \/ Telefon-Mobitel: <\/label><br \/>\n<span class=\"wpcf7-form-control-wrap\" data-name=\"telefon-mobitel\"><input size=\"40\" class=\"wpcf7-form-control wpcf7-text wpcf7-validates-as-required\" aria-required=\"true\" aria-invalid=\"false\" value=\"\" type=\"text\" name=\"telefon-mobitel\" \/><\/span><br \/>\n<br \/>\n<label> Retadreso \/ Elektroni\u010dka adresa:<\/label><br \/>\n<span class=\"wpcf7-form-control-wrap\" data-name=\"email\"><input size=\"40\" class=\"wpcf7-form-control wpcf7-text wpcf7-email wpcf7-validates-as-required wpcf7-validates-as-email\" aria-required=\"true\" aria-invalid=\"false\" value=\"\" type=\"email\" name=\"email\" \/><\/span><br \/>\n<br \/>\n<label> Mi ali\u011das en la kategorio \/ Prijavljujem se u kategoriji:<\/label><br \/>\n<span class=\"wpcf7-form-control-wrap\" data-name=\"menu-810\"><select class=\"wpcf7-form-control wpcf7-select wpcf7-validates-as-required\" aria-required=\"true\" aria-invalid=\"false\" multiple=\"multiple\" name=\"menu-810[]\"><option value=\"Plenkreskulo \/ Punoljetna osoba\">Plenkreskulo \/ Punoljetna osoba<\/option><option value=\"Kunulo \/ Bra\u010dni ili \u017eivotni drug\">Kunulo \/ Bra\u010dni ili \u017eivotni drug<\/option><option value=\"Junulo \/ Omladinac\">Junulo \/ Omladinac<\/option><option value=\"Handikapulo \/ Invalid\">Handikapulo \/ Invalid<\/option><option value=\"Akompananto de handikapulo \/ Pratitelj invalidne osobe\">Akompananto de handikapulo \/ Pratitelj invalidne osobe<\/option><\/select><\/span><br \/>\n<br \/>\n<label> Mi pagas la kotizon de \/ Pla\u0107am kotizaciju od e\u016droj \/ eura:<\/label><br \/>\n<span class=\"wpcf7-form-control-wrap\" data-name=\"iznos-kotizacije\"><input size=\"40\" class=\"wpcf7-form-control wpcf7-text wpcf7-validates-as-required\" aria-required=\"true\" aria-invalid=\"false\" value=\"\" type=\"text\" name=\"iznos-kotizacije\" \/><\/span><br \/>\n<br \/>\n<label> Mi pagas donacon al la kongresa kaso \/ Pla\u0107am donaciju kongresnoj kasi e\u016droj \/ eura:<\/label><br \/>\n<span class=\"wpcf7-form-control-wrap\" data-name=\"iznos-donacije-kong-kasi\"><input size=\"40\" class=\"wpcf7-form-control wpcf7-text wpcf7-validates-as-required\" aria-required=\"true\" aria-invalid=\"false\" value=\"\" type=\"text\" name=\"iznos-donacije-kong-kasi\" \/><\/span><br \/>\n<br \/>\n<label> SUME \/ UKUPNO: e\u016droj \/ eura:<\/label><br \/>\n<span class=\"wpcf7-form-control-wrap\" data-name=\"iznos-ukupno\"><input size=\"40\" class=\"wpcf7-form-control wpcf7-text wpcf7-validates-as-required\" aria-required=\"true\" aria-invalid=\"false\" value=\"\" type=\"text\" name=\"iznos-ukupno\" \/><\/span><br \/>\n<br \/>\n<label> na ra\u010dun Dokumentacijskog esperantskog centra \u0110ur\u0111evac<br \/>\nHR0723400091111000952 (Privredna banka Zagreb)<br \/>\n<br \/>\nal konto de Dokumenta Esperanto-Centro \u0110ur\u0111evac<br \/>\nHR0723400091111000952 (Privredna banka Zagreb) <\/label><br \/>\n<br \/>\n<label> <b>Per sendo de la ali\u011dilo mi permesas publikigon de mia nomo kaj devenlando<br \/>\nen la reta listo de ali\u011dintoj kaj en la Kongresa libro.<br \/>\nSlanjem pristupnice dopu\u0161tam da se moje ime i dr\u017eava prebivanja objave u mre\u017enom popisu sudionika kongresa i u Kongresnoj knjizi.<\/b><\/label><br \/>\n<br \/>\n<label> Ali\u011ddato \/ Datum prijave:<\/label><br \/>\n<span class=\"wpcf7-form-control-wrap\" data-name=\"date-875\"><input class=\"wpcf7-form-control wpcf7-date wpcf7-validates-as-required wpcf7-validates-as-date\" min=\"2023-01-14\" aria-required=\"true\" aria-invalid=\"false\" value=\"\" type=\"date\" name=\"date-875\" \/><\/span><br \/>\n<br \/>\n<label> Noto \/ Napomena:<\/label><br \/>\n<span class=\"wpcf7-form-control-wrap\" data-name=\"napomene\"><textarea cols=\"40\" rows=\"10\" class=\"wpcf7-form-control wpcf7-textarea\" aria-invalid=\"false\" name=\"napomene\"><\/textarea><\/span><br \/>\n<br \/>\n<label> Dosiero \/ Datoteka<br \/>\n<span class=\"wpcf7-form-control-wrap\" data-name=\"dosiero\"><input size=\"40\" class=\"wpcf7-form-control wpcf7-file\" accept=\"audio\/*,video\/*,image\/*\" aria-invalid=\"false\" type=\"file\" name=\"dosiero\" \/><\/span> <\/label><br \/>\n<input class=\"wpcf7-form-control has-spinner wpcf7-submit\" type=\"submit\" value=\"Sendi\" \/>\n<\/p><div class=\"wpcf7-response-output\" aria-hidden=\"true\"><\/div><input type=\"hidden\" name=\"trp-form-language\" value=\"eo\"\/><\/form><\/div>","protected":false},"excerpt":{"rendered":"","protected":false},"author":1,"featured_media":0,"parent":0,"menu_order":0,"comment_status":"closed","ping_status":"closed","template":"","meta":[],"_links":{"self":[{"href":"https:\/\/novo.dec-kroatio.hr\/eo\/wp-json\/wp\/v2\/pages\/812"}],"collection":[{"href":"https:\/\/novo.dec-kroatio.hr\/eo\/wp-json\/wp\/v2\/pages"}],"about":[{"href":"https:\/\/novo.dec-kroatio.hr\/eo\/wp-json\/wp\/v2\/types\/page"}],"author":[{"embeddable":true,"href":"https:\/\/novo.dec-kroatio.hr\/eo\/wp-json\/wp\/v2\/users\/1"}],"replies":[{"embeddable":true,"href":"https:\/\/novo.dec-kroatio.hr\/eo\/wp-json\/wp\/v2\/comments?post=812"}],"version-history":[{"count":4,"href":"https:\/\/novo.dec-kroatio.hr\/eo\/wp-json\/wp\/v2\/pages\/812\/revisions"}],"predecessor-version":[{"id":818,"href":"https:\/\/novo.dec-kroatio.hr\/eo\/wp-json\/wp\/v2\/pages\/812\/revisions\/818"}],"wp:attachment":[{"href":"https:\/\/novo.dec-kroatio.hr\/eo\/wp-json\/wp\/v2\/media?parent=812"}],"curies":[{"name":"wp","href":"https:\/\/api.w.org\/{rel}","templated":true}]}}