{"id":793,"date":"2023-01-14T12:00:29","date_gmt":"2023-01-14T12:00:29","guid":{"rendered":"https:\/\/novo.dec-kroatio.hr\/?page_id=93"},"modified":"2023-02-10T21:31:31","modified_gmt":"2023-02-10T21:31:31","slug":"foto-djurdjevac","status":"publish","type":"page","link":"https:\/\/novo.dec-kroatio.hr\/eo\/foto-djurdjevac\/","title":{"rendered":"Fotografije- \u0110ur\u0111evac"},"content":{"rendered":"<h2>\u0110ur\u0111evac<\/h2>\n\n\n\n\n<p><span style=\"background-color: transparent; font-size: 12px;\"><!-- PhotoBlocks for WordPress v1.2.3 free --><style> #photoblocks-8 {width: 100%;} #photoblocks-8 .pb-block {border-color: #333333;} #photoblocks-8 .pb-title {color: #ffffff;font-size: 20px;} #photoblocks-8 .pb-description {color: rgba(255, 255, 255, 0.7);font-size: 14px;} #photoblocks-8 .pb-block.pb-type-text .pb-overlay {} #photoblocks-8 .pb-block.pb-type-text .pb-title, #photoblocks-8 .pb-block.pb-type-text .pb-description {} #photoblocks-8 .pb-block.pb-type-text .pb-title {} #photoblocks-8 .pb-block.pb-type-text .pb-description {} #photoblocks-8 .pb-overlay {background: rgba(0, 0, 0, 0.75);} #photoblocks-8.pb-lift.show-empty-overlay .pb-block.pb-type-image:hover, #photoblocks-8.pb-lift .pb-block.pb-type-image.with-text:hover { box-shadow: rgba(0, 0, 0, 0.75) 0 0 20px; } #photoblocks-8 .pb-block { } #photoblocks-8 .pb-block .pb-social button {color: #ffffff;font-size: 14px;} #photoblocks-8 .pb-blocks .pb-type-image {max-width: calc( 100% - 10px )} <\/style><div class=\"photoblocks-gallery pb-blur pb-lift pb-effect-fade\" data-anim=\"fade\" id=\"photoblocks-8\"> <div class=\"pb-blocks\"> <div class=\"pb-block pb-landscape pb-width pb-type-image\" style=\"\" data-colspan=\"1\" data-rowspan=\"1\" data-col=\"0\" data-row=\"0\" data-valign=\"center\" data-halign=\"center\" data-type=\"image\" data-ratio=\"1.3333333333333\"> <img class=\"pb-image skip-lazy\" src=\"data:image\/png;base64,iVBORw0KGgoAAAANSUhEUgAAAAEAAAABCAYAAAAfFcSJAAAADUlEQVR42mNkYPhfDwAChwGA60e6kgAAAABJRU5ErkJggg==\" data-pb-source=\"https:\/\/novo.dec-kroatio.hr\/wp-content\/uploads\/2023\/01\/20210802_155641-Medium.jpg\" alt=\"\"> <noscript><img src=\"https:\/\/novo.dec-kroatio.hr\/wp-content\/uploads\/2023\/01\/20210802_155641-Medium.jpg\" alt=\"\"><\/noscript> <a class=\"pb-link\" data-magnific=\"gallery-8\" data-caption=\"\" rel=\"\" target=\"\" href=\"https:\/\/novo.dec-kroatio.hr\/eo\/wp-content\/plugins\/photoblocks-grid-gallery\/includes\/..\/public\/pbm.php\/?zc=4&max=1600&src=https:\/\/novo.dec-kroatio.hr\/wp-content\/uploads\/2023\/01\/20210802_155641-Medium.jpg\"> <\/a> <\/div> <div class=\"pb-block pb-landscape pb-width pb-type-image\" style=\"\" data-colspan=\"1\" data-rowspan=\"1\" data-col=\"1\" data-row=\"0\" data-valign=\"center\" data-halign=\"center\" data-type=\"image\" data-ratio=\"1.3333333333333\"> <img class=\"pb-image skip-lazy\" src=\"data:image\/png;base64,iVBORw0KGgoAAAANSUhEUgAAAAEAAAABCAYAAAAfFcSJAAAADUlEQVR42mNkYPhfDwAChwGA60e6kgAAAABJRU5ErkJggg==\" data-pb-source=\"https:\/\/novo.dec-kroatio.hr\/wp-content\/uploads\/2023\/01\/20210802_154229-Medium.jpg\" alt=\"\"> <noscript><img src=\"https:\/\/novo.dec-kroatio.hr\/wp-content\/uploads\/2023\/01\/20210802_154229-Medium.jpg\" alt=\"\"><\/noscript> <a class=\"pb-link\" data-magnific=\"gallery-8\" data-caption=\"\" rel=\"\" target=\"\" href=\"https:\/\/novo.dec-kroatio.hr\/eo\/wp-content\/plugins\/photoblocks-grid-gallery\/includes\/..\/public\/pbm.php\/?zc=4&max=1600&src=https:\/\/novo.dec-kroatio.hr\/wp-content\/uploads\/2023\/01\/20210802_154229-Medium.jpg\"> <\/a> <\/div> <div class=\"pb-block pb-landscape pb-width pb-type-image\" style=\"\" data-colspan=\"1\" data-rowspan=\"1\" data-col=\"2\" data-row=\"0\" data-valign=\"center\" data-halign=\"center\" data-type=\"image\" data-ratio=\"1.3333333333333\"> <img class=\"pb-image skip-lazy\" src=\"data:image\/png;base64,iVBORw0KGgoAAAANSUhEUgAAAAEAAAABCAYAAAAfFcSJAAAADUlEQVR42mNkYPhfDwAChwGA60e6kgAAAABJRU5ErkJggg==\" data-pb-source=\"https:\/\/novo.dec-kroatio.hr\/wp-content\/uploads\/2023\/01\/20210802_154628-Medium.jpg\" alt=\"\"> <noscript><img src=\"https:\/\/novo.dec-kroatio.hr\/wp-content\/uploads\/2023\/01\/20210802_154628-Medium.jpg\" alt=\"\"><\/noscript> <a class=\"pb-link\" data-magnific=\"gallery-8\" data-caption=\"\" rel=\"\" target=\"\" href=\"https:\/\/novo.dec-kroatio.hr\/eo\/wp-content\/plugins\/photoblocks-grid-gallery\/includes\/..\/public\/pbm.php\/?zc=4&max=1600&src=https:\/\/novo.dec-kroatio.hr\/wp-content\/uploads\/2023\/01\/20210802_154628-Medium.jpg\"> <\/a> <\/div> <div class=\"pb-block pb-landscape pb-width pb-type-image\" style=\"\" data-colspan=\"1\" data-rowspan=\"1\" data-col=\"3\" data-row=\"0\" data-valign=\"center\" data-halign=\"center\" data-type=\"image\" data-ratio=\"1.3333333333333\"> <img class=\"pb-image skip-lazy\" src=\"data:image\/png;base64,iVBORw0KGgoAAAANSUhEUgAAAAEAAAABCAYAAAAfFcSJAAAADUlEQVR42mNkYPhfDwAChwGA60e6kgAAAABJRU5ErkJggg==\" data-pb-source=\"https:\/\/novo.dec-kroatio.hr\/wp-content\/uploads\/2023\/01\/20210802_155946-Medium.jpg\" alt=\"\"> <noscript><img src=\"https:\/\/novo.dec-kroatio.hr\/wp-content\/uploads\/2023\/01\/20210802_155946-Medium.jpg\" alt=\"\"><\/noscript> <a class=\"pb-link\" data-magnific=\"gallery-8\" data-caption=\"\" rel=\"\" target=\"\" href=\"https:\/\/novo.dec-kroatio.hr\/eo\/wp-content\/plugins\/photoblocks-grid-gallery\/includes\/..\/public\/pbm.php\/?zc=4&max=1600&src=https:\/\/novo.dec-kroatio.hr\/wp-content\/uploads\/2023\/01\/20210802_155946-Medium.jpg\"> <\/a> <\/div> <div class=\"pb-block pb-landscape pb-width pb-type-image\" style=\"\" data-colspan=\"1\" data-rowspan=\"1\" data-col=\"0\" data-row=\"1\" data-valign=\"center\" data-halign=\"center\" data-type=\"image\" data-ratio=\"1.3333333333333\"> <img class=\"pb-image skip-lazy\" src=\"data:image\/png;base64,iVBORw0KGgoAAAANSUhEUgAAAAEAAAABCAYAAAAfFcSJAAAADUlEQVR42mNkYPhfDwAChwGA60e6kgAAAABJRU5ErkJggg==\" data-pb-source=\"https:\/\/novo.dec-kroatio.hr\/wp-content\/uploads\/2023\/01\/20210802_155910-Medium.jpg\" alt=\"\"> <noscript><img src=\"https:\/\/novo.dec-kroatio.hr\/wp-content\/uploads\/2023\/01\/20210802_155910-Medium.jpg\" alt=\"\"><\/noscript> <a class=\"pb-link\" data-magnific=\"gallery-8\" data-caption=\"\" rel=\"\" target=\"\" href=\"https:\/\/novo.dec-kroatio.hr\/eo\/wp-content\/plugins\/photoblocks-grid-gallery\/includes\/..\/public\/pbm.php\/?zc=4&max=1600&src=https:\/\/novo.dec-kroatio.hr\/wp-content\/uploads\/2023\/01\/20210802_155910-Medium.jpg\"> <\/a> <\/div> <div class=\"pb-block pb-landscape pb-width pb-type-image\" style=\"\" data-colspan=\"1\" data-rowspan=\"1\" data-col=\"1\" data-row=\"1\" data-valign=\"center\" data-halign=\"center\" data-type=\"image\" data-ratio=\"1.3333333333333\"> <img class=\"pb-image skip-lazy\" src=\"data:image\/png;base64,iVBORw0KGgoAAAANSUhEUgAAAAEAAAABCAYAAAAfFcSJAAAADUlEQVR42mNkYPhfDwAChwGA60e6kgAAAABJRU5ErkJggg==\" data-pb-source=\"https:\/\/novo.dec-kroatio.hr\/wp-content\/uploads\/2023\/01\/20210802_160210-Medium.jpg\" alt=\"\"> <noscript><img src=\"https:\/\/novo.dec-kroatio.hr\/wp-content\/uploads\/2023\/01\/20210802_160210-Medium.jpg\" alt=\"\"><\/noscript> <a class=\"pb-link\" data-magnific=\"gallery-8\" data-caption=\"\" rel=\"\" target=\"\" href=\"https:\/\/novo.dec-kroatio.hr\/eo\/wp-content\/plugins\/photoblocks-grid-gallery\/includes\/..\/public\/pbm.php\/?zc=4&max=1600&src=https:\/\/novo.dec-kroatio.hr\/wp-content\/uploads\/2023\/01\/20210802_160210-Medium.jpg\"> <\/a> <\/div> <div class=\"pb-block pb-landscape pb-width pb-type-image\" style=\"\" data-colspan=\"1\" data-rowspan=\"1\" data-col=\"2\" data-row=\"1\" data-valign=\"center\" data-halign=\"center\" data-type=\"image\" data-ratio=\"1.3333333333333\"> <img class=\"pb-image skip-lazy\" src=\"data:image\/png;base64,iVBORw0KGgoAAAANSUhEUgAAAAEAAAABCAYAAAAfFcSJAAAADUlEQVR42mNkYPhfDwAChwGA60e6kgAAAABJRU5ErkJggg==\" data-pb-source=\"https:\/\/novo.dec-kroatio.hr\/wp-content\/uploads\/2023\/01\/20210802_155512-Medium.jpg\" alt=\"\"> <noscript><img src=\"https:\/\/novo.dec-kroatio.hr\/wp-content\/uploads\/2023\/01\/20210802_155512-Medium.jpg\" alt=\"\"><\/noscript> <a class=\"pb-link\" data-magnific=\"gallery-8\" data-caption=\"\" rel=\"\" target=\"\" href=\"https:\/\/novo.dec-kroatio.hr\/eo\/wp-content\/plugins\/photoblocks-grid-gallery\/includes\/..\/public\/pbm.php\/?zc=4&max=1600&src=https:\/\/novo.dec-kroatio.hr\/wp-content\/uploads\/2023\/01\/20210802_155512-Medium.jpg\"> <\/a> <\/div> <div class=\"pb-block pb-landscape pb-width pb-type-image\" style=\"\" data-colspan=\"1\" data-rowspan=\"1\" data-col=\"3\" data-row=\"1\" data-valign=\"center\" data-halign=\"center\" data-type=\"image\" data-ratio=\"1.3333333333333\"> <img class=\"pb-image skip-lazy\" src=\"data:image\/png;base64,iVBORw0KGgoAAAANSUhEUgAAAAEAAAABCAYAAAAfFcSJAAAADUlEQVR42mNkYPhfDwAChwGA60e6kgAAAABJRU5ErkJggg==\" data-pb-source=\"https:\/\/novo.dec-kroatio.hr\/wp-content\/uploads\/2023\/01\/20210802_160108-Medium.jpg\" alt=\"\"> <noscript><img src=\"https:\/\/novo.dec-kroatio.hr\/wp-content\/uploads\/2023\/01\/20210802_160108-Medium.jpg\" alt=\"\"><\/noscript> <a class=\"pb-link\" data-magnific=\"gallery-8\" data-caption=\"\" rel=\"\" target=\"\" href=\"https:\/\/novo.dec-kroatio.hr\/eo\/wp-content\/plugins\/photoblocks-grid-gallery\/includes\/..\/public\/pbm.php\/?zc=4&max=1600&src=https:\/\/novo.dec-kroatio.hr\/wp-content\/uploads\/2023\/01\/20210802_160108-Medium.jpg\"> <\/a> <\/div> <div class=\"pb-block pb-landscape pb-width pb-type-image\" style=\"\" data-colspan=\"1\" data-rowspan=\"1\" data-col=\"0\" data-row=\"2\" data-valign=\"center\" data-halign=\"center\" data-type=\"image\" data-ratio=\"1.3333333333333\"> <img class=\"pb-image skip-lazy\" src=\"data:image\/png;base64,iVBORw0KGgoAAAANSUhEUgAAAAEAAAABCAYAAAAfFcSJAAAADUlEQVR42mNkYPhfDwAChwGA60e6kgAAAABJRU5ErkJggg==\" data-pb-source=\"https:\/\/novo.dec-kroatio.hr\/wp-content\/uploads\/2023\/01\/20210802_160527-Medium.jpg\" alt=\"\"> <noscript><img src=\"https:\/\/novo.dec-kroatio.hr\/wp-content\/uploads\/2023\/01\/20210802_160527-Medium.jpg\" alt=\"\"><\/noscript> <a class=\"pb-link\" data-magnific=\"gallery-8\" data-caption=\"\" rel=\"\" target=\"\" href=\"https:\/\/novo.dec-kroatio.hr\/eo\/wp-content\/plugins\/photoblocks-grid-gallery\/includes\/..\/public\/pbm.php\/?zc=4&max=1600&src=https:\/\/novo.dec-kroatio.hr\/wp-content\/uploads\/2023\/01\/20210802_160527-Medium.jpg\"> <\/a> <\/div> <div class=\"pb-block pb-landscape pb-width pb-type-image\" style=\"\" data-colspan=\"1\" data-rowspan=\"1\" data-col=\"1\" data-row=\"2\" data-valign=\"center\" data-halign=\"center\" data-type=\"image\" data-ratio=\"1.3333333333333\"> <img class=\"pb-image skip-lazy\" src=\"data:image\/png;base64,iVBORw0KGgoAAAANSUhEUgAAAAEAAAABCAYAAAAfFcSJAAAADUlEQVR42mNkYPhfDwAChwGA60e6kgAAAABJRU5ErkJggg==\" data-pb-source=\"https:\/\/novo.dec-kroatio.hr\/wp-content\/uploads\/2023\/01\/20210802_160144-Medium.jpg\" alt=\"\"> <noscript><img src=\"https:\/\/novo.dec-kroatio.hr\/wp-content\/uploads\/2023\/01\/20210802_160144-Medium.jpg\" alt=\"\"><\/noscript> <a class=\"pb-link\" data-magnific=\"gallery-8\" data-caption=\"\" rel=\"\" target=\"\" href=\"https:\/\/novo.dec-kroatio.hr\/eo\/wp-content\/plugins\/photoblocks-grid-gallery\/includes\/..\/public\/pbm.php\/?zc=4&max=1600&src=https:\/\/novo.dec-kroatio.hr\/wp-content\/uploads\/2023\/01\/20210802_160144-Medium.jpg\"> <\/a> <\/div> <div class=\"pb-block pb-landscape pb-width pb-type-image\" style=\"\" data-colspan=\"1\" data-rowspan=\"1\" data-col=\"2\" data-row=\"2\" data-valign=\"center\" data-halign=\"center\" data-type=\"image\" data-ratio=\"1.3333333333333\"> <img class=\"pb-image skip-lazy\" src=\"data:image\/png;base64,iVBORw0KGgoAAAANSUhEUgAAAAEAAAABCAYAAAAfFcSJAAAADUlEQVR42mNkYPhfDwAChwGA60e6kgAAAABJRU5ErkJggg==\" data-pb-source=\"https:\/\/novo.dec-kroatio.hr\/wp-content\/uploads\/2023\/01\/20210815_141102-Medium.jpg\" alt=\"\"> <noscript><img src=\"https:\/\/novo.dec-kroatio.hr\/wp-content\/uploads\/2023\/01\/20210815_141102-Medium.jpg\" alt=\"\"><\/noscript> <a class=\"pb-link\" data-magnific=\"gallery-8\" data-caption=\"\" rel=\"\" target=\"\" href=\"https:\/\/novo.dec-kroatio.hr\/eo\/wp-content\/plugins\/photoblocks-grid-gallery\/includes\/..\/public\/pbm.php\/?zc=4&max=1600&src=https:\/\/novo.dec-kroatio.hr\/wp-content\/uploads\/2023\/01\/20210815_141102-Medium.jpg\"> <\/a> <\/div> <div class=\"pb-block pb-landscape pb-width pb-type-image\" style=\"\" data-colspan=\"1\" data-rowspan=\"1\" data-col=\"3\" data-row=\"2\" data-valign=\"center\" data-halign=\"center\" data-type=\"image\" data-ratio=\"2.7534722222222\"> <img class=\"pb-image skip-lazy\" src=\"data:image\/png;base64,iVBORw0KGgoAAAANSUhEUgAAAAEAAAABCAYAAAAfFcSJAAAADUlEQVR42mNkYPhfDwAChwGA60e6kgAAAABJRU5ErkJggg==\" data-pb-source=\"https:\/\/novo.dec-kroatio.hr\/wp-content\/uploads\/2023\/02\/Hotel_Picok-1024x372.jpg\" alt=\"\"> <noscript><img src=\"https:\/\/novo.dec-kroatio.hr\/wp-content\/uploads\/2023\/02\/Hotel_Picok.jpg\" alt=\"\"><\/noscript> <a class=\"pb-link\" data-magnific=\"gallery-8\" data-caption=\"\" rel=\"\" target=\"\" href=\"https:\/\/novo.dec-kroatio.hr\/eo\/wp-content\/plugins\/photoblocks-grid-gallery\/includes\/..\/public\/pbm.php\/?zc=4&max=1600&src=https:\/\/novo.dec-kroatio.hr\/wp-content\/uploads\/2023\/02\/Hotel_Picok-1024x372.jpg\"> <\/a> <\/div> <div class=\"pb-block pb-landscape pb-width pb-type-image\" style=\"\" data-colspan=\"1\" data-rowspan=\"1\" data-col=\"0\" data-row=\"3\" data-valign=\"center\" data-halign=\"center\" data-type=\"image\" data-ratio=\"1.3333333333333\"> <img class=\"pb-image skip-lazy\" src=\"data:image\/png;base64,iVBORw0KGgoAAAANSUhEUgAAAAEAAAABCAYAAAAfFcSJAAAADUlEQVR42mNkYPhfDwAChwGA60e6kgAAAABJRU5ErkJggg==\" data-pb-source=\"https:\/\/novo.dec-kroatio.hr\/wp-content\/uploads\/2023\/02\/LD_Peski-1024x768.jpg\" alt=\"\"> <noscript><img src=\"https:\/\/novo.dec-kroatio.hr\/wp-content\/uploads\/2023\/02\/LD_Peski.jpg\" alt=\"\"><\/noscript> <a class=\"pb-link\" data-magnific=\"gallery-8\" data-caption=\"\" rel=\"\" target=\"\" href=\"https:\/\/novo.dec-kroatio.hr\/eo\/wp-content\/plugins\/photoblocks-grid-gallery\/includes\/..\/public\/pbm.php\/?zc=4&max=1600&src=https:\/\/novo.dec-kroatio.hr\/wp-content\/uploads\/2023\/02\/LD_Peski-1024x768.jpg\"> <\/a> <\/div> <\/div><\/div><div id=\"photoblocks-fancybox-8\"><\/div><script>jQuery(function () { var p = new PhotoBlocks({ selector: \"#photoblocks-8\", columns: 4, padding: 10, resizer: \"\", image_quality: 80, disable_below: 320, imageFactor: 1.5, on: { before: function () { }, after: function () { }, refresh: function () { } }, mobile_layout: [], lazy: false, debug: false }); jQuery(\"#photoblocks-8\").magnificPopup({ delegate: \".pb-block:not(.pb-filtered) [data-magnific]\", type: \"image\", gallery: { enabled: true, preload: [0,2] }, image: { titleSrc: 'data-caption' }, mainClass: \"mfp-8\" }); });<\/script><\/span><\/p>","protected":false},"excerpt":{"rendered":"","protected":false},"author":1,"featured_media":0,"parent":0,"menu_order":0,"comment_status":"closed","ping_status":"closed","template":"","meta":[],"_links":{"self":[{"href":"https:\/\/novo.dec-kroatio.hr\/eo\/wp-json\/wp\/v2\/pages\/793"}],"collection":[{"href":"https:\/\/novo.dec-kroatio.hr\/eo\/wp-json\/wp\/v2\/pages"}],"about":[{"href":"https:\/\/novo.dec-kroatio.hr\/eo\/wp-json\/wp\/v2\/types\/page"}],"author":[{"embeddable":true,"href":"https:\/\/novo.dec-kroatio.hr\/eo\/wp-json\/wp\/v2\/users\/1"}],"replies":[{"embeddable":true,"href":"https:\/\/novo.dec-kroatio.hr\/eo\/wp-json\/wp\/v2\/comments?post=793"}],"version-history":[{"count":12,"href":"https:\/\/novo.dec-kroatio.hr\/eo\/wp-json\/wp\/v2\/pages\/793\/revisions"}],"predecessor-version":[{"id":915,"href":"https:\/\/novo.dec-kroatio.hr\/eo\/wp-json\/wp\/v2\/pages\/793\/revisions\/915"}],"wp:attachment":[{"href":"https:\/\/novo.dec-kroatio.hr\/eo\/wp-json\/wp\/v2\/media?parent=793"}],"curies":[{"name":"wp","href":"https:\/\/api.w.org\/{rel}","templated":true}]}}