{"id":326,"date":"2021-04-03T12:12:58","date_gmt":"2021-04-03T12:12:58","guid":{"rendered":"https:\/\/novo.dec-kroatio.hr\/home\/"},"modified":"2022-02-08T16:37:47","modified_gmt":"2022-02-08T16:37:47","slug":"home_clone","status":"publish","type":"page","link":"https:\/\/novo.dec-kroatio.hr\/eo\/","title":{"rendered":"Komenco"},"content":{"rendered":"{&#8220;title&#8221;:&#8221;&#8221;,&#8221;number&#8221;:&#8221;5&#8243;,&#8221;show_date&#8221;:&#8221;1&#8243;}\n\n\n\n\n\n\n\r\n<p>Konservado de la Esperanta herada\u0135o por estontaj generacioj kaj konstruado de favora socia medio kaj pozitiva publika opinio pri Esperanto en Kroatio.<\/p>\r\n\n\n\n\r\n<p>Per konstanta laboro je konservado de arkiva\u0135oj atingi la pozicion de gvida Esperanto-arkivo en la suda kaj sudorienta E\u016dropo kaj fari\u011di rekonata kaj dezirinda partnero de la Esperantaj arkivaj institucioj en la tutgloba nivelo.<\/p>\r\n\n\n\n\r\n<p>La \u201etradicio de Esperanto en Kroatio\u201d akiris la statuson ne nemateria kultura hava\u0135o n-ro Z-7298 per la dokumento de la Administrejo pri protekto de kulturaj hava\u0135oj de la 11-a de februaro 2019, kaj Dokumenta Esperanto-Centro estas unu el la portantoj de tiu kultura hava\u0135o.<\/p>\r\n\n\n\n\n\n\n\n\n\n\r\n<h3>Lernu esperanton<\/h3>\r\n\n\r\n<p>Esperanton vi povas lerni en grupaj kursoj en Esperantaj societoj, individue en\nvia hejmo a\u016d rete.\u00a0<\/p>\r\n<p>&nbsp;<\/p>\r\n<p><strong><u><a href=\"https:\/\/novo.dec-kroatio.hr\/eo\/trgovina\/\">Lernolibron<\/a><\/u><\/strong> <strong><u><a href=\"https:\/\/novo.dec-kroatio.hr\/hr\/trgovina\/\" target=\"_self\"><\/a><\/u><\/strong> de Esperanto por individua lernado vi povas mendi en\nnia libroservo. Dokumenta Esperanto-Centro de tempo al tempo organiza grupajn\nkursojn anka\u016d en sia sidejo, pri kio bonvolu sekvi informojn en la rubriko \u201eNova\u0135oj\u201d.\nJe via peto, Dokumenta Esperanto-Centro povas organizi grupan lernadon de\nEsperanto anka\u016d en aliaj urboj en Kroatio, se formi\u011das sufi\u0109e granda grupo da\nlernantoj. Retan kurson por kroatoj la\u016d la Zagreba metodo, vi povas trovi \u0109i <strong><u><a href=\"https:\/\/learn.esperanto.com\/hr\/\" target=\"_self\"><\/a><\/u><\/strong>. <strong><u><a href=\"https:\/\/learn.esperanto.com\/hr\/\">\u0109i-tie<\/a><\/u><\/strong>.\u00a0<\/p>\r\n<p>&nbsp;<\/p>\r\n<p class=\" translation-block\">Sukcesan lernadon de Esperanto pere de iu alia lingvo ofertas la lingva portalo <strong><u><a href=\"https:\/\/www.duolingo.com\" target=\"_self\">Duolingo<\/a><\/u><\/strong>.<\/p>\r\n\n\n\n\n\n\n\n\n\n\r\n<h4>Universala Esperanto-Asocio<\/h4>\r\n\n\n\n\r\n<h4>Kroata Esperanto-Ligo<\/h4>\r\n\n\n\n\r\n<h4>Bjelovara esperantista societo<\/h4>","protected":false},"excerpt":{"rendered":"","protected":false},"author":1,"featured_media":0,"parent":0,"menu_order":0,"comment_status":"closed","ping_status":"closed","template":"","meta":[],"_links":{"self":[{"href":"https:\/\/novo.dec-kroatio.hr\/eo\/wp-json\/wp\/v2\/pages\/326"}],"collection":[{"href":"https:\/\/novo.dec-kroatio.hr\/eo\/wp-json\/wp\/v2\/pages"}],"about":[{"href":"https:\/\/novo.dec-kroatio.hr\/eo\/wp-json\/wp\/v2\/types\/page"}],"author":[{"embeddable":true,"href":"https:\/\/novo.dec-kroatio.hr\/eo\/wp-json\/wp\/v2\/users\/1"}],"replies":[{"embeddable":true,"href":"https:\/\/novo.dec-kroatio.hr\/eo\/wp-json\/wp\/v2\/comments?post=326"}],"version-history":[{"count":11,"href":"https:\/\/novo.dec-kroatio.hr\/eo\/wp-json\/wp\/v2\/pages\/326\/revisions"}],"predecessor-version":[{"id":492,"href":"https:\/\/novo.dec-kroatio.hr\/eo\/wp-json\/wp\/v2\/pages\/326\/revisions\/492"}],"wp:attachment":[{"href":"https:\/\/novo.dec-kroatio.hr\/eo\/wp-json\/wp\/v2\/media?parent=326"}],"curies":[{"name":"wp","href":"https:\/\/api.w.org\/{rel}","templated":true}]}}