{"id":252,"date":"2021-04-03T12:12:58","date_gmt":"2021-04-03T12:12:58","guid":{"rendered":"https:\/\/novo.dec-kroatio.hr\/about\/"},"modified":"2021-04-23T10:58:22","modified_gmt":"2021-04-23T10:58:22","slug":"podrzite-nas","status":"publish","type":"page","link":"https:\/\/novo.dec-kroatio.hr\/eo\/podrzite-nas\/","title":{"rendered":"Subtenu nin"},"content":{"rendered":"<h2>Subtenu nin\u00a0<\/h2>\r\n\r\n\r\n\r\n<p class=\" translation-block\">Ekde oktobro 2017 \u011dis septembro 2019 per viaj donacoj ni konstruigis la sidejon de Dokumenta Esperanto-Centro. Dum 2020 ni instalis sistemon de centra hejtado, kaj en 2021 ni intencas ekipi nian Centron per bezonataj arkivaj \u015drankoj por ta\u016dga deponado de la arkiva\u0135oj. Se vi deziras helpi al ni en niaj klopodoj, viajn donacojn vi povas \u011diri al nia plurvaluta konto \u0109e Privredna banka Zagreb:<\/p>\r\n<p><strong>IBAN: HR0723400091111000952<\/strong><br \/><strong>BIC\/SWIFT: PBZGHR2X<\/strong><\/p>\r\n<p>&nbsp;<\/p>\r\n<p>Anticipan dankon al \u0109iuj donacontoj!<\/p>\r\n<p>&nbsp;<\/p>\r\n<p>&nbsp;<\/p>\r\n\r\n\r\n\r\n\r\n\r\n\r\n\r\n\r\n\r\n<p>&nbsp;<\/p>","protected":false},"excerpt":{"rendered":"<p>&nbsp;<\/p>","protected":false},"author":1,"featured_media":0,"parent":0,"menu_order":0,"comment_status":"closed","ping_status":"closed","template":"","meta":[],"_links":{"self":[{"href":"https:\/\/novo.dec-kroatio.hr\/eo\/wp-json\/wp\/v2\/pages\/252"}],"collection":[{"href":"https:\/\/novo.dec-kroatio.hr\/eo\/wp-json\/wp\/v2\/pages"}],"about":[{"href":"https:\/\/novo.dec-kroatio.hr\/eo\/wp-json\/wp\/v2\/types\/page"}],"author":[{"embeddable":true,"href":"https:\/\/novo.dec-kroatio.hr\/eo\/wp-json\/wp\/v2\/users\/1"}],"replies":[{"embeddable":true,"href":"https:\/\/novo.dec-kroatio.hr\/eo\/wp-json\/wp\/v2\/comments?post=252"}],"version-history":[{"count":4,"href":"https:\/\/novo.dec-kroatio.hr\/eo\/wp-json\/wp\/v2\/pages\/252\/revisions"}],"predecessor-version":[{"id":314,"href":"https:\/\/novo.dec-kroatio.hr\/eo\/wp-json\/wp\/v2\/pages\/252\/revisions\/314"}],"wp:attachment":[{"href":"https:\/\/novo.dec-kroatio.hr\/eo\/wp-json\/wp\/v2\/media?parent=252"}],"curies":[{"name":"wp","href":"https:\/\/api.w.org\/{rel}","templated":true}]}}