{"id":225,"date":"2021-04-03T12:12:58","date_gmt":"2021-04-03T12:12:58","guid":{"rendered":"https:\/\/novo.dec-kroatio.hr\/about\/"},"modified":"2021-04-09T08:14:11","modified_gmt":"2021-04-09T08:14:11","slug":"uvjeti-koristenja","status":"publish","type":"page","link":"https:\/\/novo.dec-kroatio.hr\/eo\/uvjeti-koristenja\/","title":{"rendered":"Kondi\u0109oj por uzado"},"content":{"rendered":"<h2>Kondi\u0109oj por uzado\u00a0<\/h2>\r\n\r\n\r\n\r\n<p>1. La arkivajn materialojn de DEC povas uzi \u0109iu persono a\u016d institucio el Kroatio kaj  eksterlando.<\/p>\r\n<p>&nbsp;<\/p>\r\n<p>2. \u0108iu uzanto en la komenco pagas jaran membro-kompenson de 100,00 kunaoj a\u016d 15,00 e\u016droj.\u00a0<\/p>\r\n<p>&nbsp;<\/p>\r\n<p>3. Uzadon de la materialoj de DEC oni petas retletere a\u016d per plenigita <span style=\"text-decoration: underline;\"><strong><a href=\"http:\/\/novo.dec-kroatio.hr\/eo\/wp-content\/uploads\/2021\/04\/dokumenti-jp\/Zahtjev-Peto.pdf\/\"><a href=\"http:\/\/novo.dec-kroatio.hr\/wp-content\/uploads\/2021\/04\/dokumenti-jp\/Zahtjev-Peto.pdf\"><u><strong>formularo<\/strong><\/u><\/a><\/strong><\/span>.<\/p>\r\n<p>&nbsp;<\/p>\r\n<p>4. La materialoj estas uzeblaj nur en la sidejo de DEC (\u0110ur\u0111evac, Bana Jela\u010di\u0107a 138A).<\/p>\r\n<p>&nbsp;<\/p>\r\n<p>5. Pruntado de la materialoj el la arkiva kolekto estas permesata nur en specialaj kazoj, pri kio decidas la Administra komitato de DEC,\u00a0<\/p>\r\n<p>&nbsp;<\/p>\r\n<p>6. Ekster la sidejo de DEC oni povas uzi nur la materialojn el la prunta kolekto, en kiu trovi\u011das duobla\u0135oj a\u016d kopiitaj ekzempleroj.<\/p>\r\n<p>&nbsp;<\/p>\r\n<p>7. Por pruntepreno de materialoj el la prunta kolekto, uzanto pagas garantia\u0135on, kiun oni repagas al li post redono de la pruntita materialo.\u00a0<\/p>\r\n<p>&nbsp;<\/p>\r\n<p>8. Uzanto povas a\u0109eti duobla\u0135ojn de libroj kaj perioda\u0135oj, kiujn DEC posedas.<\/p>\r\n<p>&nbsp;<\/p>\r\n<p>9. Pagante la kostojn, uzanto povas postuli, ke difinitan materialon je lia nomo esploru la arkivisto de DEC.<\/p>\r\n<p>&nbsp;<\/p>\r\n<p>10. DEC retenas la rajton rifuzi peton por esplori kaj publike uzi la materialojn, kiuj estas koniderataj konfidencaj a\u016d por kiuj ekzitas decido a\u016d interkonsento pri limigo de ties uzado.\u00a0<\/p>\r\n<p>&nbsp;<\/p>\r\n<p>11. Uzanto en skribaj, presitaj kaj elektronikaj tekstoj, ekestintaj per uzado de la materialoj de DEC, devas mencii la fonton, kaj al DEC sendi ekzempleron de la originala eldono, \u011dian kopion a\u016d ligilon al la publikigita teksto.<\/p>\r\n<p>&nbsp;<\/p>\r\n<p>12. Al plurtagaj esplorantoj en la sidejo de DEC, DEC povas organizi tranoktadon.<\/p>\r\n<p>&nbsp;<\/p>\r\n<p>13. Se uzanto malobeas la kondi\u0109ojn por uzado, al li estos malebligita plua uzado de la materialoj.<\/p>\r\n<p>&nbsp;<\/p>\r\n<p>14. Pri kazoj por uzado de materialoj nepriskribitaj en \u0109i tiuj kondi\u0109oj, decidas la Administra komitato de DEC.<\/p>\r\n<p>&nbsp;<\/p>\r\n\r\n\r\n\r\n\r\n\r\n\r\n\r\n\r\n\r\n<p>&nbsp;<\/p>","protected":false},"excerpt":{"rendered":"<p>&nbsp;<\/p>","protected":false},"author":1,"featured_media":0,"parent":0,"menu_order":0,"comment_status":"closed","ping_status":"closed","template":"","meta":[],"_links":{"self":[{"href":"https:\/\/novo.dec-kroatio.hr\/eo\/wp-json\/wp\/v2\/pages\/225"}],"collection":[{"href":"https:\/\/novo.dec-kroatio.hr\/eo\/wp-json\/wp\/v2\/pages"}],"about":[{"href":"https:\/\/novo.dec-kroatio.hr\/eo\/wp-json\/wp\/v2\/types\/page"}],"author":[{"embeddable":true,"href":"https:\/\/novo.dec-kroatio.hr\/eo\/wp-json\/wp\/v2\/users\/1"}],"replies":[{"embeddable":true,"href":"https:\/\/novo.dec-kroatio.hr\/eo\/wp-json\/wp\/v2\/comments?post=225"}],"version-history":[{"count":4,"href":"https:\/\/novo.dec-kroatio.hr\/eo\/wp-json\/wp\/v2\/pages\/225\/revisions"}],"predecessor-version":[{"id":232,"href":"https:\/\/novo.dec-kroatio.hr\/eo\/wp-json\/wp\/v2\/pages\/225\/revisions\/232"}],"wp:attachment":[{"href":"https:\/\/novo.dec-kroatio.hr\/eo\/wp-json\/wp\/v2\/media?parent=225"}],"curies":[{"name":"wp","href":"https:\/\/api.w.org\/{rel}","templated":true}]}}