{"id":2025,"date":"2024-12-06T12:00:58","date_gmt":"2024-12-06T12:00:58","guid":{"rendered":"https:\/\/novo.dec-kroatio.hr\/about\/"},"modified":"2024-12-07T18:14:20","modified_gmt":"2024-12-07T18:14:20","slug":"kongresni-izlet-sb-jankovac","status":"publish","type":"page","link":"https:\/\/novo.dec-kroatio.hr\/eo\/kongresni-izlet-sb-jankovac\/","title":{"rendered":"Kongresa ekskurso"},"content":{"rendered":"<h2>Kongresa ekskurso<\/h2>\n\n<p><span style=\"white-space: normal;\"><span style=\"white-space:pre\">\t<\/span>Tuttaga kongresa ekskurso okazos diman\u0109e, la 18-an de majo 2025 kaj gvidos nin al Naturparko Jankovac: <a href=\"https:\/\/www.pp-papuk.hr\/park-suma-jankovac\/\"><strong xmlns=\"http:\/\/www.w3.org\/1999\/xhtml\">https:\/\/www.pp-papuk.hr\/park-suma-jankovac\/<\/strong><\/a><strong><\/strong><\/span><\/p><span style=\"white-space: normal;\"><br><\/span><p><span style=\"white-space: normal;\"><span style=\"white-space:pre\">\t<\/span>La Naturparko Jankovac trovi\u011das sur la monto Papuk. \u011ci estas montara valo ku\u015danta je alteco de 475 metroj. \u011ci regalas la vizitantojn per agrablaj fre\u015deco kaj beleco kaj estas unu el la plej popularaj ekskursejoj de montgrimpantoj kaj natur\u015datantoj en Kroatio Pro siaj naturaj karakteriza\u0135oj, en la jaro 1955 Jankovac estis proklamita protektita park-arbaro. Al Jankovac, kiu de Slavonski Brod distancas 260 kilometrojn (!), ni voja\u011dos per buso, kaj la voja\u011do dauros \u0109irka\u016d 2,5 horojn.&nbsp;<\/span><\/p><span style=\"white-space: normal;\"><br><\/span><p><span style=\"white-space: normal;\"><span style=\"white-space:pre\">\t<\/span>La prezo de la ekskurso (45 e\u016droj) inkluzivas transporton, \u0109i\u0109eronon, tagman\u011don en la Montara domo Jankovac kaj enirbiletojn por la Naturparko. Pliajn informojn pri la ekskurso vi trovos en la Kongresa libro.<\/span><\/p>","protected":false},"excerpt":{"rendered":"","protected":false},"author":1,"featured_media":0,"parent":0,"menu_order":0,"comment_status":"closed","ping_status":"closed","template":"","meta":[],"_links":{"self":[{"href":"https:\/\/novo.dec-kroatio.hr\/eo\/wp-json\/wp\/v2\/pages\/2025"}],"collection":[{"href":"https:\/\/novo.dec-kroatio.hr\/eo\/wp-json\/wp\/v2\/pages"}],"about":[{"href":"https:\/\/novo.dec-kroatio.hr\/eo\/wp-json\/wp\/v2\/types\/page"}],"author":[{"embeddable":true,"href":"https:\/\/novo.dec-kroatio.hr\/eo\/wp-json\/wp\/v2\/users\/1"}],"replies":[{"embeddable":true,"href":"https:\/\/novo.dec-kroatio.hr\/eo\/wp-json\/wp\/v2\/comments?post=2025"}],"version-history":[{"count":3,"href":"https:\/\/novo.dec-kroatio.hr\/eo\/wp-json\/wp\/v2\/pages\/2025\/revisions"}],"predecessor-version":[{"id":2029,"href":"https:\/\/novo.dec-kroatio.hr\/eo\/wp-json\/wp\/v2\/pages\/2025\/revisions\/2029"}],"wp:attachment":[{"href":"https:\/\/novo.dec-kroatio.hr\/eo\/wp-json\/wp\/v2\/media?parent=2025"}],"curies":[{"name":"wp","href":"https:\/\/api.w.org\/{rel}","templated":true}]}}