{"id":2007,"date":"2024-12-06T12:00:58","date_gmt":"2024-12-06T12:00:58","guid":{"rendered":"https:\/\/novo.dec-kroatio.hr\/about\/"},"modified":"2024-12-07T18:21:20","modified_gmt":"2024-12-07T18:21:20","slug":"vise-detalja-kongres-slavonski-brod-2025","status":"publish","type":"page","link":"https:\/\/novo.dec-kroatio.hr\/eo\/vise-detalja-kongres-slavonski-brod-2025\/","title":{"rendered":"Pliaj detaloj"},"content":{"rendered":"<h2><b>Pliaj detaloj<\/b><\/h2>\r\n\n<p><a href=\"mailto:dec.kroatio@gmail.com\" target=\"mailto:dec.kroatio@gmail.com\" rel=\"noopener\"><\/a><\/p><p>Slavonski Brod estas industria, kultura kaj administra centro de la Departemento Brod-Posavina en la orienta parto de Kroatio. Kun \u0109irka\u016d 53.000 lo\u011dantoj, post Osijek \u011di estas la dua plej granda urbo en la regiono de Slavonio kaj la sesa en Kroatio. Dum la romia epoko \u011di nomi\u011dis Marsonia, kaj inter 1244 kaj 1945 \u011di estis konata kiel Brod na Savi. Tiun nomon \u011di \u015duldas al la rivero Sava, sur kies bordo \u011di ku\u015das, kaj kiu estas natura limo inter Kroatio kaj Bosnio kaj Hercegovino. Aliflanke de la rivero Sava, en Bosnio kaj Hercegovino, trovi\u011das Brod (anta\u016da Bosanski Brod). En Slavonski Brod estas funkcianta metala, agrikutlura kaj ligna industrioj.<\/p><br><p><span style=\"white-space: normal;\"><span style=\"white-space:pre\">\t<\/span>En la pasinteco Slavonski Brod estis unu el la plej gravaj centroj de Esperanto en Kroatio kaj en la eksa Jugoslavio. Dum jardekoj en \u011di funkciis forta Esperanto-societo, kaj tre signifan instigon al Esperanto donis la presisto kaj esperantisto Vilim Buk (1891-1962), kiu ekde 1932 eldonadis vaste koantan Esperanto-gazeton \u201eLa Suda Stelo\u201d (<a href=\"https:\/\/library.foi.hr\/zbirka\/dechr\"><strong>https:\/\/library.foi.hr\/zbirka\/dechr<\/strong><\/a>).<\/span><\/p><br><p><strong style=\"font-size: 18px;\">KIEL ALVENI AL SLAVONSKI BROD?<\/strong><\/p><br><p><span style=\"white-space: normal;\"><span style=\"white-space:pre\">\t<\/span>El la balkanaj landoj plej facile oni venas al Slavonski Brod tra Beogrado, kaj el la okcident- kaj meze\u016dropaj landoj tra Zagrebo. Kaj Zagrebo kaj Beogrado havas internaciajn flughavenojn, kiuj estas bone ligitaj al multaj landoj. El Beogrado trafikas buslinioj al Osijek, de kie al Slavonski Brod eblas veni per trajnoj kaj busoj. El Zagrebo \u0109iutage trafikas multaj busoj kaj trajnoj al Slavonski Brod. Tra Slavonski Brod pasas la \u0109efa a\u016dto\u015doseo kiu ligas Zagrebon kaj Beogradon, do al Slavonski Brod facilas veni anka\u016d per a\u016dtomobiloj, kaj \u0109ar en la proksimeco de Slavonski Brod funkcias limtrapasejo inter Kroatio kaj Bosnio kaj Hercegovino, tra Slavonski Brod trafikas multaj internaciaj buslinioj.<\/span><\/p><p><span style=\"white-space: normal;\"><br><\/span><span style=\"white-space: pre; white-space: normal;\">\t\t<\/span><span style=\"font-size: 18px;\"><strong>A\u016cSPICIANTO DE LA KONGRESO<\/strong><\/span><\/p><p><strong><\/strong><\/p><p><span style=\"white-space: normal;\"><span style=\"white-space:pre\">\t<\/span>La 13-a kongreso de kroataj esperantistoj okazos sub la a\u016dspicio de Urbo Slavonski Brod.<\/span><\/p><span style=\"white-space: normal;\"><br><\/span><p><span style=\"font-size: 18px;\"><strong>LOKOJ KIE OKAZADOS KONGRESAJ PROGRAMOJ<\/strong><\/span><\/p><span style=\"font-size: 18px;\"><strong><\/strong><\/span><span style=\"font-size: 18px;\"><strong><\/strong><\/span><span style=\"font-size: 18px;\"><strong><\/strong><\/span><p><strong><\/strong><\/p><br><p><span style=\"white-space: normal;\"><span style=\"white-space:pre\">\t<\/span>La solena programo de la kongreso okazos la 17-an de majo 2025 inter la 8h00 kaj 14h00 en la Muzika lernejo de Slavonski Brod, Vukovarska strato 1.<\/span><\/p><p><span style=\"white-space: normal;\"><span style=\"white-space:pre\">\t<\/span>La ceteraj programoj (jarkunveno de Kroata Esperanto-Ligo, libroprezentoj, interkona vespero, programoj el la projekto Erasmus+ ktp.) okazados en pluraj lokoj en la urbo, pri kio oni estos detale informitaj per la Kongresa libro.<\/span><\/p>","protected":false},"excerpt":{"rendered":"","protected":false},"author":1,"featured_media":0,"parent":0,"menu_order":0,"comment_status":"closed","ping_status":"closed","template":"","meta":[],"_links":{"self":[{"href":"https:\/\/novo.dec-kroatio.hr\/eo\/wp-json\/wp\/v2\/pages\/2007"}],"collection":[{"href":"https:\/\/novo.dec-kroatio.hr\/eo\/wp-json\/wp\/v2\/pages"}],"about":[{"href":"https:\/\/novo.dec-kroatio.hr\/eo\/wp-json\/wp\/v2\/types\/page"}],"author":[{"embeddable":true,"href":"https:\/\/novo.dec-kroatio.hr\/eo\/wp-json\/wp\/v2\/users\/1"}],"replies":[{"embeddable":true,"href":"https:\/\/novo.dec-kroatio.hr\/eo\/wp-json\/wp\/v2\/comments?post=2007"}],"version-history":[{"count":6,"href":"https:\/\/novo.dec-kroatio.hr\/eo\/wp-json\/wp\/v2\/pages\/2007\/revisions"}],"predecessor-version":[{"id":2016,"href":"https:\/\/novo.dec-kroatio.hr\/eo\/wp-json\/wp\/v2\/pages\/2007\/revisions\/2016"}],"wp:attachment":[{"href":"https:\/\/novo.dec-kroatio.hr\/eo\/wp-json\/wp\/v2\/media?parent=2007"}],"curies":[{"name":"wp","href":"https:\/\/api.w.org\/{rel}","templated":true}]}}