{"id":1975,"date":"2024-12-06T12:00:58","date_gmt":"2024-12-06T12:00:58","guid":{"rendered":"https:\/\/novo.dec-kroatio.hr\/about\/"},"modified":"2024-12-07T18:07:31","modified_gmt":"2024-12-07T18:07:31","slug":"smjestaj-i-prehrana-slavonski-brod-2025","status":"publish","type":"page","link":"https:\/\/novo.dec-kroatio.hr\/eo\/smjestaj-i-prehrana-slavonski-brod-2025\/","title":{"rendered":"Lo\u011dado kaj man\u011dado"},"content":{"rendered":"<h2><b>Lo\u011dado kaj man\u011dado<\/b><\/h2>\r\n\n<p style=\"text-align: justify;\"><span style=\"white-space: normal;\"><span style=\"white-space:pre\">\t<\/span>Por la kongresanoj ni decidis rezervi lo\u011dadon en la <a href=\"https:\/\/www.hostelmalipariz.hr\/hr\/\"><strong xmlns=\"http:\/\/www.w3.org\/1999\/xhtml\" style=\"color: rgb(31, 73, 125);\">Hostelo Mali Pariz<\/strong><\/a><strong><\/strong> (Strato Eugen Kumi\u010di\u0107 32), kiu situas ekster la urbocentro je promendistanco de 30 minutoj. La\u016d la kvalito de siaj \u0109ambroj \u011di efektive estas 3-stela hotelo, kiu ofertas pli favoran prezon de lo\u011dado ol plejparto de la urbocentraj hoteloj, kiuj kutime estas 4-stelaj (Central, Savus, Garten). \u0108ar en Slavonski Brod ne funkcias publika transporto, oni ofte uzas taksiojn. \u0108iuj taksiaj kompanioj havas la saman prezon de 4 e\u016droj por unu enurba veturado, do konsilindas, ke niaj kongresanoj uzu taksiojn grupe (3-4 homoj), \u0109ar tiam la prezo de veturado por \u0109iu persono atingas kutiman prezon de publika transporto (1,00-1,50 e\u016droj).<\/span><\/p><br><p style=\"text-align: center; \"><strong style=\"font-size: 18px;\">PREZOJ DE LO\u011cADO en la Hostelo Mali Pariz:<\/strong><\/p><br><p><span style=\"white-space: normal;\"><span style=\"white-space:pre\">\t<\/span>1-lita \u0109ambro: 60 EUR por unu persono\/unu tago<\/span><\/p><p><span style=\"white-space: normal;\"><span style=\"white-space:pre\">\t<\/span>2-lita \u0109ambro: 40 EUR por unu persono\/unu tago<\/span><\/p><p><span style=\"white-space: normal;\"><span style=\"white-space:pre\">\t<\/span>3-lita \u0109ambro: 30 EUR por unu persono\/unu tago<\/span><\/p><br><p><span style=\"white-space: normal;\"><span style=\"white-space:pre\">\t<\/span>En la ofertita prezo estas inkuzivita turisma imposto (1,33 e\u016droj por \u0109iu tago), sed ne estas inkluzivitaj man\u011doj.&nbsp;<\/span><\/p><span style=\"white-space: normal;\"><br><\/span><p><span style=\"white-space: normal;\"><span style=\"white-space:pre\">\t<\/span>Se vi volas lo\u011di en la Hostelo Mali Pariz, bonvolu tuj mendi la lo\u011dadon en difinita kategorio, \u0109ar nombro da litoj estas limigita. Nepre ali\u011du, rezervu kaj pagu lo\u011dadon anta\u016d la 31-a de decembro 2024. Post tiu dato eblos mendi lo\u011dadon samloke nur se restos liberaj litoj.<\/span><\/p><span style=\"white-space: normal;\"><br><\/span><p style=\"text-align: center; \"><span style=\"white-space: normal;\"><span style=\"white-space:pre\">\t<\/span>Bonvolu plenigi la <a href=\"https:\/\/novo.dec-kroatio.hr\/eo\/pristupnica-slavonski-brod\/\"><strong xmlns=\"http:\/\/www.w3.org\/1999\/xhtml\">kongresan ali\u011dilon<\/strong><\/a><strong><\/strong> kaj <a href=\"https:\/\/novo.dec-kroatio.hr\/eo\/narudzbenica-za-smjestaj-2025\/\"><strong xmlns=\"http:\/\/www.w3.org\/1999\/xhtml\">mendilon por la lo\u011dado<\/strong><\/a><strong><\/strong>.<\/span><\/p><span style=\"font-weight: 700;\"><br><\/span><p style=\"text-align: center; \"><span style=\"white-space: normal;\"><strong>Post ilia forsendo, bonvolu pagi la sumon de viaj kostoj al la bankkonto de Dokumenta Esperanto-Centro: HR0723400091111000952, \u0109ar viaj ali\u011do kaj mendo validos nur post ricevita pago.<\/strong><\/span><\/p><p><span style=\"white-space: normal;\"><strong><br><p style=\"text-align: center;\"><strong style=\"font-size: 18px; background-color: transparent;\">MAN\u011cADO<\/strong><\/p><\/strong><\/span><\/p><p style=\"text-align: center;\"><strong><\/strong><\/p><br><p><span style=\"white-space: normal;\"><span style=\"white-space:pre\">\t<\/span>La kongresa organizanto ne organizos man\u011dojn por la kongresanoj, krom se ili estas aparte anoncitaj (kiel ekz. vesperman\u011do dum la Interkona vespero a\u016d tagman\u011do dum la kongresa ekskurso). Man\u011dojn \u0109iu kongresano povas  aparte mendi en la Hostelo Mali Pariz post sia alveno je prezo de 8,00 e\u016droj por matenman\u011do kaj 14,00 e\u016droj por tagman\u011do a\u016d vesperman\u011do. Pro la distanco inter la Hostelo kaj la kongresejo, konsilindas esplori man\u011deblecojn en la urbocentro, kie funkcias pluraj tradiciaj restoracioj, sed anka\u016d rapidman\u011dejoj kaj man\u011dokioskoj.<\/span><\/p><span style=\"white-space: normal;\"><br><\/span><p><span style=\"white-space: normal;\"><span style=\"white-space:pre\">\t<\/span>Pliajn informojn pri taksioj kaj restoracioj la kongresa organizanto disponigos al la kongresanoj en la kongresa libro.<\/span><\/p>","protected":false},"excerpt":{"rendered":"","protected":false},"author":1,"featured_media":0,"parent":0,"menu_order":0,"comment_status":"closed","ping_status":"closed","template":"","meta":[],"_links":{"self":[{"href":"https:\/\/novo.dec-kroatio.hr\/eo\/wp-json\/wp\/v2\/pages\/1975"}],"collection":[{"href":"https:\/\/novo.dec-kroatio.hr\/eo\/wp-json\/wp\/v2\/pages"}],"about":[{"href":"https:\/\/novo.dec-kroatio.hr\/eo\/wp-json\/wp\/v2\/types\/page"}],"author":[{"embeddable":true,"href":"https:\/\/novo.dec-kroatio.hr\/eo\/wp-json\/wp\/v2\/users\/1"}],"replies":[{"embeddable":true,"href":"https:\/\/novo.dec-kroatio.hr\/eo\/wp-json\/wp\/v2\/comments?post=1975"}],"version-history":[{"count":3,"href":"https:\/\/novo.dec-kroatio.hr\/eo\/wp-json\/wp\/v2\/pages\/1975\/revisions"}],"predecessor-version":[{"id":2024,"href":"https:\/\/novo.dec-kroatio.hr\/eo\/wp-json\/wp\/v2\/pages\/1975\/revisions\/2024"}],"wp:attachment":[{"href":"https:\/\/novo.dec-kroatio.hr\/eo\/wp-json\/wp\/v2\/media?parent=1975"}],"curies":[{"name":"wp","href":"https:\/\/api.w.org\/{rel}","templated":true}]}}