{"id":1923,"date":"2024-10-01T07:04:58","date_gmt":"2024-10-01T07:04:58","guid":{"rendered":"https:\/\/novo.dec-kroatio.hr\/about\/"},"modified":"2024-10-01T13:32:14","modified_gmt":"2024-10-01T13:32:14","slug":"o-jadranskom-ljetovanju-prvic-2025","status":"publish","type":"page","link":"https:\/\/novo.dec-kroatio.hr\/eo\/o-jadranskom-ljetovanju-prvic-2025\/","title":{"rendered":"O jadranskom ljetovanju"},"content":{"rendered":"<h2><b>Pri la Adriatika Feriado<\/b><\/h2>\n<p><a href=\"mailto:dec.kroatio@gmail.com\" target=\"mailto:dec.kroatio@gmail.com\" rel=\"noopener\"><\/a><\/p><p style=\"text-align: center;\"><strong>2-a ADRIATIKA FERIADO<\/strong><\/p><br><p><span><span>\t<\/span>La unua Adriatika Feriado okazis en Prvi\u0107 Luka (Kroatio) en 2013. \u011ci estis malgranda unusemajna internacia aran\u011do kun trideko da ali\u011dintoj, organizita de Dokumenta Esperanto-Centro. La esperantistoj revenis al Prvi\u0107 Luka en 2024 pro la 12-a kongreso de kroataj esperantistoj. \u0108ar la restado en Prvi\u0107 Luka amba\u016dfoje tre pla\u0109is al la partoprenintoj, Dokumenta Esperanto-Centro decidis organizi esperantistan feriadon samloke.<\/span><\/p><p><span><span>\t<\/span>Ni anoncas okazigon de la 2-a Adriatika Feriado inter la 21-a kaj 28-a de junio 2025 en la Ripozejo Po\u017eega en Prvi\u0107 Luka. Konsideru, ke la nombro da disponeblaj lokoj estas limigita (ni rezervis nur 50 lokojn en 2- kaj 3-litaj \u0109ambroj!), do bonvolu anta\u016d la fino de 2024 ali\u011di kaj rezervi vian restadon! \u011cis la sama dato eblas mendi anka\u016d lo\u011dadon en unulitaj \u0109ambroj! Postaj mendoj estos akceptataj nur se en la Ripozejo restos liberaj lokoj!<\/span><\/p><p><strong><br><\/strong><\/p><p style=\"text-align: center; \"><strong>LA LOKO<\/strong><\/p><p><span><span>\t<\/span>Prvi\u0107 Luka estas malgranda kaj kvieta vila\u011do kun proksimume 400 lo\u011dantoj. \u011ci situas sur la insulo Prvi\u0107 en la arkipelago de \u0160ibenik en Dalmatio, tre proksime al la iama Esperanto-kampadejo en Primo\u015dteno. \u011ci estas loko por sen\u011dena ripozo, ankora\u016d neplagita de amasa turismo. Sur la insulo estas malpermesita a\u016dtomobila trafiko, kaj la maro estas kristale pura. Tre proksimas Naciaj Parkoj Kornati kaj Krka, al kiuj eblas ekskursi!<\/span><\/p><p><strong><br><\/strong><\/p><p style=\"text-align: center; \"><strong>LA RIPOZEJO<\/strong><\/p><p><span><span>\t<\/span>La Ripozejo fakte estas hostelo posedata de Urbo Po\u017eega. Tamen, la esperantistoj trovis \u011din tre ta\u016dga por siaj aran\u011doj pro la situo kaj akcepteblaj prezoj. La hostelo ku\u015das tuj apud la maro. \u011ci posedas \u0109efe 2-, 3- kaj 4-litajn \u0109ambrojn, modeste ekipitajn, sed tamen agrablajn por lo\u011dado. \u0108iu \u0109ambro havas propran du\u015dejon, necesejon kaj fridujon. La domo ne estas klimatizita, sed dum junio, kiam okazos nia aran\u011do, ankora\u016d ne estas tro varme, kaj la maro estas jam sufi\u0109e agrabla por na\u011dado. Kelkajn fotojn pri la vila\u011do kaj la Ripozejo vi povas vidi <a href=\"https:\/\/novo.dec-kroatio.hr\/eo\/fotografije-prvic-jadransko-ljetovanje-2025\/\"><strong xmlns=\"http:\/\/www.w3.org\/1999\/xhtml\">\u0109i-tie<\/strong><\/a><strong><\/strong>.<\/span><\/p><span><br><\/span><span>\t<\/span><p style=\"text-align: center; \"><strong>RESTORACIO<\/strong><\/p><p><span>\t<\/span>La Ripozejo havas propran restoracion, kiu servas nur anticipe planitajn man\u011dojn. Ne eblas fari specialajn mendojn, nek konsumi vegetaranan a\u016d veganan man\u011da\u0135on. La prezo de la aran\u011do inkluzivas duonpensionon, respektive matenman\u011don kaj tagman\u011don, dum pri veperman\u011doj la partoprenantoj devas mem zorgi. Eblas alporti proprajn man\u011da\u0135ojn a\u016d a\u0109eti ilin en la loka vendejo. Konsideru tamen, ke surinsulaj prezoj kelkfoje povas esti sufi\u0109e altaj!&nbsp; <strong><a href=\"https:\/\/novo.dec-kroatio.hr\/eo\/fotografije-prvic-jadransko-ljetovanje-2025\/\">Tipa tagman\u011do servata en la Ripozejo<\/a><\/strong>.<\/p><br><p style=\"text-align: center; \"><strong>ALI\u011cO<\/strong><\/p><p><span>\t<\/span>Ali\u011du plenigante <a href=\"https:\/\/novo.dec-kroatio.hr\/eo\/pristupnica-drugo-jadransko-ljetovanje\/\"><strong xmlns=\"http:\/\/www.w3.org\/1999\/xhtml\">retan ali\u011dilon<\/strong><\/a><strong><\/strong>, a\u016d skribu al la organizanto. Validas nur ali\u011doj kun samtempa pago de ali\u011dkotizo + anta\u016dpago por la lo\u011dado kaj man\u011dado de 100 e\u016droj popersone. Pagojn oni faru al la banka konto de la organizanto: HR0723400091111000952 (Dokumentacijski esperantski centar). La definitivaj prezoj de la lo\u011dado kaj man\u011dado estos konataj nur komence de januaro 2025. Ili estos iom pli altaj ol dum 2024, sed ni garantias, ke malmultloke \u0109e Adriatiko vi povos ferii tiapreze! Dalmatio apartenas al la plej agrablaj lokoj por somera feriado en E\u016dropo! Do eluzu la eblecon por ferii en la Esperanta etoso \u0109e la suda maro! Por havi imagon pri la kostoj, <a href=\"https:\/\/novo.dec-kroatio.hr\/wp-content\/uploads\/2024\/10\/prezoj_2024.pdf\"><strong xmlns=\"http:\/\/www.w3.org\/1999\/xhtml\">\u0109i-tie<\/strong><\/a><strong> <\/strong>vi povas vidi la kongresajn prezojn de 2024!<\/p><span><br><\/span><p><span><strong><span>\t<\/span>Ali\u011dkotizoj ne estas transdoneblaj al aliaj personoj! La pagoj por la lo\u011dado kaj man\u011dado ne estas repageblaj, sed \u011dis la 30-a de marto 2025 estas cedeblaj al aliaj personoj per skriba konsento de la paginto!&nbsp;<\/strong><\/span><\/p><br><p><strong>KONTAKTOJ DE LA ORGANIZANTO:<\/strong><\/p><p><strong>Po\u015dta adreso: DEC, Bana Jela\u010di\u0107a 138A, HR-48350 \u0110ur\u0111evac, Kroatio<\/strong><\/p><p><strong>Retadreso: <a href=\"mailto:dec.kroatio@gmail.com\">dec.kroatio@gmail.com<\/a><\/strong><\/p><p><strong>Telefono: <a href=\"tel:+38598248574\">+385 98 248 574<\/a><\/strong><\/p>","protected":false},"excerpt":{"rendered":"","protected":false},"author":1,"featured_media":0,"parent":0,"menu_order":0,"comment_status":"closed","ping_status":"closed","template":"","meta":[],"_links":{"self":[{"href":"https:\/\/novo.dec-kroatio.hr\/eo\/wp-json\/wp\/v2\/pages\/1923"}],"collection":[{"href":"https:\/\/novo.dec-kroatio.hr\/eo\/wp-json\/wp\/v2\/pages"}],"about":[{"href":"https:\/\/novo.dec-kroatio.hr\/eo\/wp-json\/wp\/v2\/types\/page"}],"author":[{"embeddable":true,"href":"https:\/\/novo.dec-kroatio.hr\/eo\/wp-json\/wp\/v2\/users\/1"}],"replies":[{"embeddable":true,"href":"https:\/\/novo.dec-kroatio.hr\/eo\/wp-json\/wp\/v2\/comments?post=1923"}],"version-history":[{"count":5,"href":"https:\/\/novo.dec-kroatio.hr\/eo\/wp-json\/wp\/v2\/pages\/1923\/revisions"}],"predecessor-version":[{"id":1933,"href":"https:\/\/novo.dec-kroatio.hr\/eo\/wp-json\/wp\/v2\/pages\/1923\/revisions\/1933"}],"wp:attachment":[{"href":"https:\/\/novo.dec-kroatio.hr\/eo\/wp-json\/wp\/v2\/media?parent=1923"}],"curies":[{"name":"wp","href":"https:\/\/api.w.org\/{rel}","templated":true}]}}