{"id":1672,"date":"2023-01-14T12:00:58","date_gmt":"2023-01-14T12:00:58","guid":{"rendered":"https:\/\/novo.dec-kroatio.hr\/about\/"},"modified":"2024-07-02T10:18:30","modified_gmt":"2024-07-02T10:18:30","slug":"popis-sudionika-2025","status":"publish","type":"page","link":"https:\/\/novo.dec-kroatio.hr\/eo\/popis-sudionika-2025\/","title":{"rendered":"Popis sudionika 2025."},"content":{"rendered":"<h2>Listo de ali\u011dintoj\u00a0<\/h2>\r\n\n<p>&nbsp;<\/p>\n\n<table id=\"tablepress-5\" class=\"tablepress tablepress-id-5\">\n<thead>\n<tr class=\"row-1 odd\">\n\t<th class=\"column-1\">Kongresnumero<\/th><th class=\"column-2\">Persona nomo<\/th><th class=\"column-3\">Familia nomo<\/th><th class=\"column-4\">Urbo<\/th><th class=\"column-5\">Lando<\/th><th class=\"column-6\"><\/th>\n<\/tr>\n<\/thead>\n<tbody class=\"row-hover\">\n<tr class=\"row-2 even\">\n\t<td class=\"column-1\">1.<\/td><td class=\"column-2\">Klara Maria<\/td><td class=\"column-3\">Szab\u00f3<\/td><td class=\"column-4\">Budapest<\/td><td class=\"column-5\">Hungario<\/td><td class=\"column-6\"><\/td>\n<\/tr>\n<tr class=\"row-3 odd\">\n\t<td class=\"column-1\">2.<\/td><td class=\"column-2\">Anna <\/td><td class=\"column-3\">Besenyei<\/td><td class=\"column-4\">Budapest<\/td><td class=\"column-5\">Hungario<\/td><td class=\"column-6\"><\/td>\n<\/tr>\n<tr class=\"row-4 even\">\n\t<td class=\"column-1\">3.<\/td><td class=\"column-2\">Mila<\/td><td class=\"column-3\">Be\u010dka<\/td><td class=\"column-4\">Velika Gorica<\/td><td class=\"column-5\">Kroatio<\/td><td class=\"column-6\"><\/td>\n<\/tr>\n<tr class=\"row-5 odd\">\n\t<td class=\"column-1\">4.<\/td><td class=\"column-2\">Nata\u0161a<\/td><td class=\"column-3\">Dorosuli\u0107<\/td><td class=\"column-4\">Zagreb<\/td><td class=\"column-5\">Kroatio<\/td><td class=\"column-6\"><\/td>\n<\/tr>\n<tr class=\"row-6 even\">\n\t<td class=\"column-1\">5.<\/td><td class=\"column-2\">Marija <\/td><td class=\"column-3\">Jerkovi\u0107<\/td><td class=\"column-4\">Zagreb<\/td><td class=\"column-5\">Kroatio<\/td><td class=\"column-6\"><\/td>\n<\/tr>\n<tr class=\"row-7 odd\">\n\t<td class=\"column-1\">6.<\/td><td class=\"column-2\">Josip<\/td><td class=\"column-3\">Pleadin<\/td><td class=\"column-4\">\u0110ur\u0111evac<\/td><td class=\"column-5\">Kroatio<\/td><td class=\"column-6\"><\/td>\n<\/tr>\n<tr class=\"row-8 even\">\n\t<td class=\"column-1\">7.<\/td><td class=\"column-2\">Ana<\/td><td class=\"column-3\">Alebi\u0107-Jureti\u0107<\/td><td class=\"column-4\">Rijeka<\/td><td class=\"column-5\">Kroatio<\/td><td class=\"column-6\"><\/td>\n<\/tr>\n<tr class=\"row-9 odd\">\n\t<td class=\"column-1\">8.<\/td><td class=\"column-2\">Roberto<\/td><td class=\"column-3\">Maglica<\/td><td class=\"column-4\">Buje<\/td><td class=\"column-5\">Kroatio<\/td><td class=\"column-6\"><\/td>\n<\/tr>\n<tr class=\"row-10 even\">\n\t<td class=\"column-1\">9.<\/td><td class=\"column-2\">Davorin<\/td><td class=\"column-3\">Jura\u010d<\/td><td class=\"column-4\">Prevalje<\/td><td class=\"column-5\">Slovenio<\/td><td class=\"column-6\"><\/td>\n<\/tr>\n<tr class=\"row-11 odd\">\n\t<td class=\"column-1\">10.<\/td><td class=\"column-2\">Tomislav <\/td><td class=\"column-3\">Radi\u0107<\/td><td class=\"column-4\">Zagreb<\/td><td class=\"column-5\">Kroatio<\/td><td class=\"column-6\"><\/td>\n<\/tr>\n<tr class=\"row-12 even\">\n\t<td class=\"column-1\">11.<\/td><td class=\"column-2\">Spomenka <\/td><td class=\"column-3\">\u0160timec<\/td><td class=\"column-4\">Hra\u0161\u0107ina<\/td><td class=\"column-5\">Kroatio<\/td><td class=\"column-6\"><\/td>\n<\/tr>\n<tr class=\"row-13 odd\">\n\t<td class=\"column-1\">12.<\/td><td class=\"column-2\">Ro\u017ea <\/td><td class=\"column-3\">Brleti\u0107-Vi\u0161nji\u0107<\/td><td class=\"column-4\">Zagreb<\/td><td class=\"column-5\">Kroatio<\/td><td class=\"column-6\"><\/td>\n<\/tr>\n<tr class=\"row-14 even\">\n\t<td class=\"column-1\">13.<\/td><td class=\"column-2\">\u017deljko <\/td><td class=\"column-3\">Saks<\/td><td class=\"column-4\">Bjelovar<\/td><td class=\"column-5\">Kroatio<\/td><td class=\"column-6\"><\/td>\n<\/tr>\n<tr class=\"row-15 odd\">\n\t<td class=\"column-1\">14.<\/td><td class=\"column-2\">Zdravko <\/td><td class=\"column-3\">Sele\u0161<\/td><td class=\"column-4\">\u0110ur\u0111evac<\/td><td class=\"column-5\">Kroatio<\/td><td class=\"column-6\"><\/td>\n<\/tr>\n<tr class=\"row-16 even\">\n\t<td class=\"column-1\">15.<\/td><td class=\"column-2\">Ivanka <\/td><td class=\"column-3\">Sele\u0161<\/td><td class=\"column-4\">\u0110ur\u0111evac<\/td><td class=\"column-5\">Kroatio<\/td><td class=\"column-6\"><\/td>\n<\/tr>\n<tr class=\"row-17 odd\">\n\t<td class=\"column-1\">16.<\/td><td class=\"column-2\">Sini\u0161a <\/td><td class=\"column-3\">Dvornik<\/td><td class=\"column-4\">Zagreb<\/td><td class=\"column-5\">Kroatio<\/td><td class=\"column-6\"><\/td>\n<\/tr>\n<tr class=\"row-18 even\">\n\t<td class=\"column-1\">17.<\/td><td class=\"column-2\">Vlado <\/td><td class=\"column-3\">Kamenski<\/td><td class=\"column-4\">Zagreb<\/td><td class=\"column-5\">Kroatio<\/td><td class=\"column-6\"><\/td>\n<\/tr>\n<tr class=\"row-19 odd\">\n\t<td class=\"column-1\">18.<\/td><td class=\"column-2\">Istv\u00e1n<\/td><td class=\"column-3\">Szabolcs<\/td><td class=\"column-4\">Budapest<\/td><td class=\"column-5\">Hungario<\/td><td class=\"column-6\"><\/td>\n<\/tr>\n<tr class=\"row-20 even\">\n\t<td class=\"column-1\">19.<\/td><td class=\"column-2\">Zlatoje<\/td><td class=\"column-3\">Martinov<\/td><td class=\"column-4\">Novi Beograd<\/td><td class=\"column-5\">Serbio<\/td><td class=\"column-6\"><\/td>\n<\/tr>\n<tr class=\"row-21 odd\">\n\t<td class=\"column-1\">20.<\/td><td class=\"column-2\">Zdravko<\/td><td class=\"column-3\">Budi\u0161a<\/td><td class=\"column-4\">Ka\u0161tel Luk\u0161i\u0107<\/td><td class=\"column-5\">Kroatio<\/td><td class=\"column-6\"><\/td>\n<\/tr>\n<tr class=\"row-22 even\">\n\t<td class=\"column-1\">21.<\/td><td class=\"column-2\">Darija<\/td><td class=\"column-3\">Budi\u0161a<\/td><td class=\"column-4\">Ka\u0161tel Luk\u0161i\u0107<\/td><td class=\"column-5\">Kroatio<\/td><td class=\"column-6\"><\/td>\n<\/tr>\n<tr class=\"row-23 odd\">\n\t<td class=\"column-1\">22.<\/td><td class=\"column-2\">Ivan<\/td><td class=\"column-3\">Perkovi\u0107<\/td><td class=\"column-4\">Split<\/td><td class=\"column-5\">Kroatio<\/td><td class=\"column-6\"><\/td>\n<\/tr>\n<tr class=\"row-24 even\">\n\t<td class=\"column-1\">23.<\/td><td class=\"column-2\">Ru\u017ea<\/td><td class=\"column-3\">Perkovi\u0107<\/td><td class=\"column-4\">Split<\/td><td class=\"column-5\">Kroatio<\/td><td class=\"column-6\"><\/td>\n<\/tr>\n<tr class=\"row-25 odd\">\n\t<td class=\"column-1\">24.<\/td><td class=\"column-2\">An\u0111elko<\/td><td class=\"column-3\">Drnasin<\/td><td class=\"column-4\">Ka\u0161tel Stari<\/td><td class=\"column-5\">Kroatio<\/td><td class=\"column-6\"><\/td>\n<\/tr>\n<tr class=\"row-26 even\">\n\t<td class=\"column-1\">25.<\/td><td class=\"column-2\">Kristina<\/td><td class=\"column-3\">Drnasin<\/td><td class=\"column-4\">Ka\u0161tel Stari<\/td><td class=\"column-5\">Kroatio<\/td><td class=\"column-6\"><\/td>\n<\/tr>\n<tr class=\"row-27 odd\">\n\t<td class=\"column-1\">26.<\/td><td class=\"column-2\">Lidija<\/td><td class=\"column-3\">Leskur<\/td><td class=\"column-4\">Split<\/td><td class=\"column-5\">Kroatio<\/td><td class=\"column-6\"><\/td>\n<\/tr>\n<tr class=\"row-28 even\">\n\t<td class=\"column-1\">27.<\/td><td class=\"column-2\">Luca<\/td><td class=\"column-3\">Cetini\u0107<\/td><td class=\"column-4\">Split<\/td><td class=\"column-5\">Kroatio<\/td><td class=\"column-6\"><\/td>\n<\/tr>\n<tr class=\"row-29 odd\">\n\t<td class=\"column-1\">28.<\/td><td class=\"column-2\">Jure<\/td><td class=\"column-3\">Brkan<\/td><td class=\"column-4\">Trogir<\/td><td class=\"column-5\">Kroatio<\/td><td class=\"column-6\"><\/td>\n<\/tr>\n<tr class=\"row-30 even\">\n\t<td class=\"column-1\">29.<\/td><td class=\"column-2\">Ozren<\/td><td class=\"column-3\">Bakoti\u0107<\/td><td class=\"column-4\">Split<\/td><td class=\"column-5\">Kroatio<\/td><td class=\"column-6\"><\/td>\n<\/tr>\n<tr class=\"row-31 odd\">\n\t<td class=\"column-1\">30.<\/td><td class=\"column-2\">Nenad<\/td><td class=\"column-3\">Margeti\u0107<\/td><td class=\"column-4\">Bjelovar<\/td><td class=\"column-5\">Kroatio<\/td><td class=\"column-6\"><\/td>\n<\/tr>\n<tr class=\"row-32 even\">\n\t<td class=\"column-1\">31.<\/td><td class=\"column-2\">Ankica<\/td><td class=\"column-3\">Jagnji\u0107<\/td><td class=\"column-4\">Zagreb<\/td><td class=\"column-5\">Kroatio<\/td><td class=\"column-6\"><\/td>\n<\/tr>\n<tr class=\"row-33 odd\">\n\t<td class=\"column-1\">32.<\/td><td class=\"column-2\">Grozdana<\/td><td class=\"column-3\">Grubi\u0161i\u0107-Popovi\u0107<\/td><td class=\"column-4\">Bjelovar<\/td><td class=\"column-5\">Kroatio<\/td><td class=\"column-6\"><\/td>\n<\/tr>\n<tr class=\"row-34 even\">\n\t<td class=\"column-1\">33.<\/td><td class=\"column-2\">Vlada<\/td><td class=\"column-3\">Popovi\u0107<\/td><td class=\"column-4\">Bjelovar<\/td><td class=\"column-5\">Kroatio<\/td><td class=\"column-6\"><\/td>\n<\/tr>\n<tr class=\"row-35 odd\">\n\t<td class=\"column-1\">34.<\/td><td class=\"column-2\">Ljerka <\/td><td class=\"column-3\">Stilinovi\u0107<\/td><td class=\"column-4\">Bjelovar<\/td><td class=\"column-5\">Kroatio<\/td><td class=\"column-6\"><\/td>\n<\/tr>\n<tr class=\"row-36 even\">\n\t<td class=\"column-1\">35.<\/td><td class=\"column-2\">Zlatko <\/td><td class=\"column-3\">Hin\u0161t<\/td><td class=\"column-4\">Zagreb<\/td><td class=\"column-5\">Kroatio<\/td><td class=\"column-6\"><\/td>\n<\/tr>\n<tr class=\"row-37 odd\">\n\t<td class=\"column-1\">36.<\/td><td class=\"column-2\">Ksenija <\/td><td class=\"column-3\">Mili\u0107-\u0160trkalj<\/td><td class=\"column-4\">Zagreb<\/td><td class=\"column-5\">Kroatio<\/td><td class=\"column-6\"><\/td>\n<\/tr>\n<tr class=\"row-38 even\">\n\t<td class=\"column-1\">37.<\/td><td class=\"column-2\">Sa\u0161a <\/td><td class=\"column-3\">Pilipovi\u0107<\/td><td class=\"column-4\">Kragujevac<\/td><td class=\"column-5\">Serbio<\/td><td class=\"column-6\"><\/td>\n<\/tr>\n<tr class=\"row-39 odd\">\n\t<td class=\"column-1\">38.<\/td><td class=\"column-2\">Anto <\/td><td class=\"column-3\">Mlinar<\/td><td class=\"column-4\">Zagreb<\/td><td class=\"column-5\">Kroatio<\/td><td class=\"column-6\"><\/td>\n<\/tr>\n<tr class=\"row-40 even\">\n\t<td class=\"column-1\">39.<\/td><td class=\"column-2\">Nada<\/td><td class=\"column-3\">Pleadin<\/td><td class=\"column-4\">\u0110ur\u0111evac<\/td><td class=\"column-5\">Kroatio<\/td><td class=\"column-6\"><\/td>\n<\/tr>\n<tr class=\"row-41 odd\">\n\t<td class=\"column-1\">40.<\/td><td class=\"column-2\">Gabriela<\/td><td class=\"column-3\">Ga\u0161parac<\/td><td class=\"column-4\">\u0110ur\u0111evac<\/td><td class=\"column-5\">Kroatio<\/td><td class=\"column-6\"><\/td>\n<\/tr>\n<tr class=\"row-42 even\">\n\t<td class=\"column-1\">41.<\/td><td class=\"column-2\">Snje\u017eana<\/td><td class=\"column-3\">Ga\u0161parac<\/td><td class=\"column-4\">\u0110ur\u0111evac<\/td><td class=\"column-5\">Kroatio<\/td><td class=\"column-6\"><\/td>\n<\/tr>\n<tr class=\"row-43 odd\">\n\t<td class=\"column-1\">42.<\/td><td class=\"column-2\">Sergej<\/td><td class=\"column-3\">Gavrilovi\u0107<\/td><td class=\"column-4\">\u0110ur\u0111evac<\/td><td class=\"column-5\">Kroatio<\/td><td class=\"column-6\"><\/td>\n<\/tr>\n<tr class=\"row-44 even\">\n\t<td class=\"column-1\">43.<\/td><td class=\"column-2\"> Ivan Konrad<\/td><td class=\"column-3\">Gavrilovi\u0107<\/td><td class=\"column-4\">\u0110ur\u0111evac<\/td><td class=\"column-5\">Kroatio<\/td><td class=\"column-6\"><\/td>\n<\/tr>\n<tr class=\"row-45 odd\">\n\t<td class=\"column-1\">44.<\/td><td class=\"column-2\">Marija <\/td><td class=\"column-3\">Kvaki\u0107<\/td><td class=\"column-4\">Nova Gradi\u0161ka<\/td><td class=\"column-5\">Kroatio<\/td><td class=\"column-6\"><\/td>\n<\/tr>\n<tr class=\"row-46 even\">\n\t<td class=\"column-1\">45.<\/td><td class=\"column-2\">Neven <\/td><td class=\"column-3\">Kova\u010di\u0107<\/td><td class=\"column-4\">Zagreb<\/td><td class=\"column-5\">Kroatio<\/td><td class=\"column-6\"><\/td>\n<\/tr>\n<tr class=\"row-47 odd\">\n\t<td class=\"column-1\">46.<\/td><td class=\"column-2\">Damir <\/td><td class=\"column-3\">Malko\u010d<\/td><td class=\"column-4\">Osijek\u00a0<\/td><td class=\"column-5\">Kroatio<\/td><td class=\"column-6\"><\/td>\n<\/tr>\n<tr class=\"row-48 even\">\n\t<td class=\"column-1\">47.<\/td><td class=\"column-2\"><\/td><td class=\"column-3\"><\/td><td class=\"column-4\"><\/td><td class=\"column-5\"><\/td><td class=\"column-6\"><\/td>\n<\/tr>\n<tr class=\"row-49 odd\">\n\t<td class=\"column-1\">48.<\/td><td class=\"column-2\"><\/td><td class=\"column-3\"><\/td><td class=\"column-4\"><\/td><td class=\"column-5\"><\/td><td class=\"column-6\"><\/td>\n<\/tr>\n<tr class=\"row-50 even\">\n\t<td class=\"column-1\">49.<\/td><td class=\"column-2\"><\/td><td class=\"column-3\"><\/td><td class=\"column-4\"><\/td><td class=\"column-5\"><\/td><td class=\"column-6\"><\/td>\n<\/tr>\n<tr class=\"row-51 odd\">\n\t<td class=\"column-1\">50.<\/td><td class=\"column-2\"><\/td><td class=\"column-3\"><\/td><td class=\"column-4\"><\/td><td class=\"column-5\"><\/td><td class=\"column-6\"><\/td>\n<\/tr>\n<tr class=\"row-52 even\">\n\t<td class=\"column-1\">51.<\/td><td class=\"column-2\"><\/td><td class=\"column-3\"><\/td><td class=\"column-4\"><\/td><td class=\"column-5\"><\/td><td class=\"column-6\"><\/td>\n<\/tr>\n<tr class=\"row-53 odd\">\n\t<td class=\"column-1\">52.<\/td><td class=\"column-2\"><\/td><td class=\"column-3\"><\/td><td class=\"column-4\"><\/td><td class=\"column-5\"><\/td><td class=\"column-6\"><\/td>\n<\/tr>\n<tr class=\"row-54 even\">\n\t<td class=\"column-1\">53.<\/td><td class=\"column-2\"><\/td><td class=\"column-3\"><\/td><td class=\"column-4\"><\/td><td class=\"column-5\"><\/td><td class=\"column-6\"><\/td>\n<\/tr>\n<tr class=\"row-55 odd\">\n\t<td class=\"column-1\">54.<\/td><td class=\"column-2\"><\/td><td class=\"column-3\"><\/td><td class=\"column-4\"><\/td><td class=\"column-5\"><\/td><td class=\"column-6\"><\/td>\n<\/tr>\n<tr class=\"row-56 even\">\n\t<td class=\"column-1\">55.<\/td><td class=\"column-2\"><\/td><td class=\"column-3\"><\/td><td class=\"column-4\"><\/td><td class=\"column-5\"><\/td><td class=\"column-6\"><\/td>\n<\/tr>\n<tr class=\"row-57 odd\">\n\t<td class=\"column-1\">56.<\/td><td class=\"column-2\"><\/td><td class=\"column-3\"><\/td><td class=\"column-4\"><\/td><td class=\"column-5\"><\/td><td class=\"column-6\"><\/td>\n<\/tr>\n<tr class=\"row-58 even\">\n\t<td class=\"column-1\">57.<\/td><td class=\"column-2\"><\/td><td class=\"column-3\"><\/td><td class=\"column-4\"><\/td><td class=\"column-5\"><\/td><td class=\"column-6\"><\/td>\n<\/tr>\n<tr class=\"row-59 odd\">\n\t<td class=\"column-1\">58.<\/td><td class=\"column-2\"><\/td><td class=\"column-3\"><\/td><td class=\"column-4\"><\/td><td class=\"column-5\"><\/td><td class=\"column-6\"><\/td>\n<\/tr>\n<tr class=\"row-60 even\">\n\t<td class=\"column-1\">59.<\/td><td class=\"column-2\"><\/td><td class=\"column-3\"><\/td><td class=\"column-4\"><\/td><td class=\"column-5\"><\/td><td class=\"column-6\"><\/td>\n<\/tr>\n<tr class=\"row-61 odd\">\n\t<td class=\"column-1\">60.<\/td><td class=\"column-2\"><\/td><td class=\"column-3\"><\/td><td class=\"column-4\"><\/td><td class=\"column-5\"><\/td><td class=\"column-6\"><\/td>\n<\/tr>\n<tr class=\"row-62 even\">\n\t<td class=\"column-1\">61.<\/td><td class=\"column-2\"><\/td><td class=\"column-3\"><\/td><td class=\"column-4\"><\/td><td class=\"column-5\"><\/td><td class=\"column-6\"><\/td>\n<\/tr>\n<tr class=\"row-63 odd\">\n\t<td class=\"column-1\">62.<\/td><td class=\"column-2\"><\/td><td class=\"column-3\"><\/td><td class=\"column-4\"><\/td><td class=\"column-5\"><\/td><td class=\"column-6\"><\/td>\n<\/tr>\n<tr class=\"row-64 even\">\n\t<td class=\"column-1\">63.<\/td><td class=\"column-2\"><\/td><td class=\"column-3\"><\/td><td class=\"column-4\"><\/td><td class=\"column-5\"><\/td><td class=\"column-6\"><\/td>\n<\/tr>\n<tr class=\"row-65 odd\">\n\t<td class=\"column-1\">64.<\/td><td class=\"column-2\"><\/td><td class=\"column-3\"><\/td><td class=\"column-4\"><\/td><td class=\"column-5\"><\/td><td class=\"column-6\"><\/td>\n<\/tr>\n<tr class=\"row-66 even\">\n\t<td class=\"column-1\">65.<\/td><td class=\"column-2\"><\/td><td class=\"column-3\"><\/td><td class=\"column-4\"><\/td><td class=\"column-5\"><\/td><td class=\"column-6\"><\/td>\n<\/tr>\n<tr class=\"row-67 odd\">\n\t<td class=\"column-1\">66.<\/td><td class=\"column-2\"><\/td><td class=\"column-3\"><\/td><td class=\"column-4\"><\/td><td class=\"column-5\"><\/td><td class=\"column-6\"><\/td>\n<\/tr>\n<tr class=\"row-68 even\">\n\t<td class=\"column-1\">67.<\/td><td class=\"column-2\"><\/td><td class=\"column-3\"><\/td><td class=\"column-4\"><\/td><td class=\"column-5\"><\/td><td class=\"column-6\"><\/td>\n<\/tr>\n<tr class=\"row-69 odd\">\n\t<td class=\"column-1\">68.<\/td><td class=\"column-2\"><\/td><td class=\"column-3\"><\/td><td class=\"column-4\"><\/td><td class=\"column-5\"><\/td><td class=\"column-6\"><\/td>\n<\/tr>\n<tr class=\"row-70 even\">\n\t<td class=\"column-1\">69.<\/td><td class=\"column-2\"><\/td><td class=\"column-3\"><\/td><td class=\"column-4\"><\/td><td class=\"column-5\"><\/td><td class=\"column-6\"><\/td>\n<\/tr>\n<tr class=\"row-71 odd\">\n\t<td class=\"column-1\">70.<\/td><td class=\"column-2\"><\/td><td class=\"column-3\"><\/td><td class=\"column-4\"><\/td><td class=\"column-5\"><\/td><td class=\"column-6\"><\/td>\n<\/tr>\n<tr class=\"row-72 even\">\n\t<td class=\"column-1\">71.<\/td><td class=\"column-2\"><\/td><td class=\"column-3\"><\/td><td class=\"column-4\"><\/td><td class=\"column-5\"><\/td><td class=\"column-6\"><\/td>\n<\/tr>\n<tr class=\"row-73 odd\">\n\t<td class=\"column-1\">72.<\/td><td class=\"column-2\"><\/td><td class=\"column-3\"><\/td><td class=\"column-4\"><\/td><td class=\"column-5\"><\/td><td class=\"column-6\"><\/td>\n<\/tr>\n<tr class=\"row-74 even\">\n\t<td class=\"column-1\">73.<\/td><td class=\"column-2\"><\/td><td class=\"column-3\"><\/td><td class=\"column-4\"><\/td><td class=\"column-5\"><\/td><td class=\"column-6\"><\/td>\n<\/tr>\n<tr class=\"row-75 odd\">\n\t<td class=\"column-1\">74.<\/td><td class=\"column-2\"><\/td><td class=\"column-3\"><\/td><td class=\"column-4\"><\/td><td class=\"column-5\"><\/td><td class=\"column-6\"><\/td>\n<\/tr>\n<tr class=\"row-76 even\">\n\t<td class=\"column-1\">75.<\/td><td class=\"column-2\"><\/td><td class=\"column-3\"><\/td><td class=\"column-4\"><\/td><td class=\"column-5\"><\/td><td class=\"column-6\"><\/td>\n<\/tr>\n<tr class=\"row-77 odd\">\n\t<td class=\"column-1\">76.<\/td><td class=\"column-2\"><\/td><td class=\"column-3\"><\/td><td class=\"column-4\"><\/td><td class=\"column-5\"><\/td><td class=\"column-6\"><\/td>\n<\/tr>\n<tr class=\"row-78 even\">\n\t<td class=\"column-1\">77.<\/td><td class=\"column-2\"><\/td><td class=\"column-3\"><\/td><td class=\"column-4\"><\/td><td class=\"column-5\"><\/td><td class=\"column-6\"><\/td>\n<\/tr>\n<tr class=\"row-79 odd\">\n\t<td class=\"column-1\">78.<\/td><td class=\"column-2\"><\/td><td class=\"column-3\"><\/td><td class=\"column-4\"><\/td><td class=\"column-5\"><\/td><td class=\"column-6\"><\/td>\n<\/tr>\n<tr class=\"row-80 even\">\n\t<td class=\"column-1\">79.<\/td><td class=\"column-2\"><\/td><td class=\"column-3\"><\/td><td class=\"column-4\"><\/td><td class=\"column-5\"><\/td><td class=\"column-6\"><\/td>\n<\/tr>\n<tr class=\"row-81 odd\">\n\t<td class=\"column-1\">80.<\/td><td class=\"column-2\"><\/td><td class=\"column-3\"><\/td><td class=\"column-4\"><\/td><td class=\"column-5\"><\/td><td class=\"column-6\"><\/td>\n<\/tr>\n<tr class=\"row-82 even\">\n\t<td class=\"column-1\">81.<\/td><td class=\"column-2\"><\/td><td class=\"column-3\"><\/td><td class=\"column-4\"><\/td><td class=\"column-5\"><\/td><td class=\"column-6\"><\/td>\n<\/tr>\n<tr class=\"row-83 odd\">\n\t<td class=\"column-1\">82.<\/td><td class=\"column-2\"><\/td><td class=\"column-3\"><\/td><td class=\"column-4\"><\/td><td class=\"column-5\"><\/td><td class=\"column-6\"><\/td>\n<\/tr>\n<tr class=\"row-84 even\">\n\t<td class=\"column-1\">83.<\/td><td class=\"column-2\"><\/td><td class=\"column-3\"><\/td><td class=\"column-4\"><\/td><td class=\"column-5\"><\/td><td class=\"column-6\"><\/td>\n<\/tr>\n<tr class=\"row-85 odd\">\n\t<td class=\"column-1\">84.<\/td><td class=\"column-2\"><\/td><td class=\"column-3\"><\/td><td class=\"column-4\"><\/td><td class=\"column-5\"><\/td><td class=\"column-6\"><\/td>\n<\/tr>\n<tr class=\"row-86 even\">\n\t<td class=\"column-1\">85.<\/td><td class=\"column-2\"><\/td><td class=\"column-3\"><\/td><td class=\"column-4\"><\/td><td class=\"column-5\"><\/td><td class=\"column-6\"><\/td>\n<\/tr>\n<tr class=\"row-87 odd\">\n\t<td class=\"column-1\"><\/td><td class=\"column-2\"><\/td><td class=\"column-3\"><\/td><td class=\"column-4\"><\/td><td class=\"column-5\"><\/td><td class=\"column-6\"><\/td>\n<\/tr>\n<tr class=\"row-88 even\">\n\t<td class=\"column-1\"><\/td><td class=\"column-2\"><\/td><td class=\"column-3\"><\/td><td class=\"column-4\"><\/td><td class=\"column-5\"><\/td><td class=\"column-6\"><\/td>\n<\/tr>\n<tr class=\"row-89 odd\">\n\t<td class=\"column-1\"><\/td><td class=\"column-2\"><\/td><td class=\"column-3\"><\/td><td class=\"column-4\"><\/td><td class=\"column-5\"><\/td><td class=\"column-6\"><\/td>\n<\/tr>\n<tr class=\"row-90 even\">\n\t<td class=\"column-1\"><\/td><td class=\"column-2\"><\/td><td class=\"column-3\"><\/td><td class=\"column-4\"><\/td><td class=\"column-5\"><\/td><td class=\"column-6\"><\/td>\n<\/tr>\n<tr class=\"row-91 odd\">\n\t<td class=\"column-1\"><\/td><td class=\"column-2\"><\/td><td class=\"column-3\"><\/td><td class=\"column-4\"><\/td><td class=\"column-5\"><\/td><td class=\"column-6\"><\/td>\n<\/tr>\n<tr class=\"row-92 even\">\n\t<td class=\"column-1\"><\/td><td class=\"column-2\"><\/td><td class=\"column-3\"><\/td><td class=\"column-4\"><\/td><td class=\"column-5\"><\/td><td class=\"column-6\"><\/td>\n<\/tr>\n<tr class=\"row-93 odd\">\n\t<td class=\"column-1\"><\/td><td class=\"column-2\"><\/td><td class=\"column-3\"><\/td><td class=\"column-4\"><\/td><td class=\"column-5\"><\/td><td class=\"column-6\"><\/td>\n<\/tr>\n<tr class=\"row-94 even\">\n\t<td class=\"column-1\"><\/td><td class=\"column-2\"><\/td><td class=\"column-3\"><\/td><td class=\"column-4\"><\/td><td class=\"column-5\"><\/td><td class=\"column-6\"><\/td>\n<\/tr>\n<tr class=\"row-95 odd\">\n\t<td class=\"column-1\"><\/td><td class=\"column-2\"><\/td><td class=\"column-3\"><\/td><td class=\"column-4\"><\/td><td class=\"column-5\"><\/td><td class=\"column-6\"><\/td>\n<\/tr>\n<tr class=\"row-96 even\">\n\t<td class=\"column-1\"><\/td><td class=\"column-2\"><\/td><td class=\"column-3\"><\/td><td class=\"column-4\"><\/td><td class=\"column-5\"><\/td><td class=\"column-6\"><\/td>\n<\/tr>\n<tr class=\"row-97 odd\">\n\t<td class=\"column-1\"><\/td><td class=\"column-2\"><\/td><td class=\"column-3\"><\/td><td class=\"column-4\"><\/td><td class=\"column-5\"><\/td><td class=\"column-6\"><\/td>\n<\/tr>\n<tr class=\"row-98 even\">\n\t<td class=\"column-1\"><\/td><td class=\"column-2\"><\/td><td class=\"column-3\"><\/td><td class=\"column-4\"><\/td><td class=\"column-5\"><\/td><td class=\"column-6\"><\/td>\n<\/tr>\n<tr class=\"row-99 odd\">\n\t<td class=\"column-1\"><\/td><td class=\"column-2\"><\/td><td class=\"column-3\"><\/td><td class=\"column-4\"><\/td><td class=\"column-5\"><\/td><td class=\"column-6\"><\/td>\n<\/tr>\n<tr class=\"row-100 even\">\n\t<td class=\"column-1\"><\/td><td class=\"column-2\"><\/td><td class=\"column-3\"><\/td><td class=\"column-4\"><\/td><td class=\"column-5\"><\/td><td class=\"column-6\"><\/td>\n<\/tr>\n<tr class=\"row-101 odd\">\n\t<td class=\"column-1\"><\/td><td class=\"column-2\"><\/td><td class=\"column-3\"><\/td><td class=\"column-4\"><\/td><td class=\"column-5\"><\/td><td class=\"column-6\"><\/td>\n<\/tr>\n<\/tbody>\n<\/table>\n<!-- #tablepress-5 from cache -->\n<p>&nbsp;<\/p>","protected":false},"excerpt":{"rendered":"","protected":false},"author":1,"featured_media":0,"parent":0,"menu_order":0,"comment_status":"closed","ping_status":"closed","template":"","meta":[],"_links":{"self":[{"href":"https:\/\/novo.dec-kroatio.hr\/eo\/wp-json\/wp\/v2\/pages\/1672"}],"collection":[{"href":"https:\/\/novo.dec-kroatio.hr\/eo\/wp-json\/wp\/v2\/pages"}],"about":[{"href":"https:\/\/novo.dec-kroatio.hr\/eo\/wp-json\/wp\/v2\/types\/page"}],"author":[{"embeddable":true,"href":"https:\/\/novo.dec-kroatio.hr\/eo\/wp-json\/wp\/v2\/users\/1"}],"replies":[{"embeddable":true,"href":"https:\/\/novo.dec-kroatio.hr\/eo\/wp-json\/wp\/v2\/comments?post=1672"}],"version-history":[{"count":2,"href":"https:\/\/novo.dec-kroatio.hr\/eo\/wp-json\/wp\/v2\/pages\/1672\/revisions"}],"predecessor-version":[{"id":1674,"href":"https:\/\/novo.dec-kroatio.hr\/eo\/wp-json\/wp\/v2\/pages\/1672\/revisions\/1674"}],"wp:attachment":[{"href":"https:\/\/novo.dec-kroatio.hr\/eo\/wp-json\/wp\/v2\/media?parent=1672"}],"curies":[{"name":"wp","href":"https:\/\/api.w.org\/{rel}","templated":true}]}}