{"id":1342,"date":"2024-06-03T12:00:58","date_gmt":"2024-06-03T12:00:58","guid":{"rendered":"https:\/\/novo.dec-kroatio.hr\/about\/"},"modified":"2025-01-24T18:19:08","modified_gmt":"2025-01-24T18:19:08","slug":"europski-horizonti-za-rast","status":"publish","type":"page","link":"https:\/\/novo.dec-kroatio.hr\/eo\/europski-horizonti-za-rast\/","title":{"rendered":"Europski horizonti za rast"},"content":{"rendered":"<h2>Erasmus+ projekto: E\u016dropaj horizontoj por kreski<\/h2>\n<p><span style=\"white-space: normal;\"><span style=\"white-space:pre\">\t<\/span>La Agentejo por movi\u011doj kaj programoj de E\u016dropa Unio (AMPEU) el Zagrebo, la 17-an de majo 2023 informis Dokumentan Esperanto-Centron el \u0110ur\u0111evac pri la rezultoj de la konkurso por programoj Erasmus+ por la jaro 2023 en la kategorio \u015closilaj aktivecoj 1 en la kampo de edukado de plenkreskuloj, la\u016d kiuj la projekto de Dokumenta Esperanto-Centro n-ro 2023-1-HR01-KA122-ADU-000141190, titolita \u201eE\u016dropaj horizontoj por kreski\u201d estas aprobita, kaj al \u011di estis atribuita la sumo de 13.145,00 e\u016droj.<\/span><\/p><span style=\"white-space: normal;\"><br><\/span><p><span style=\"white-space: normal;\"><span style=\"white-space:pre\">\t<\/span>Dum la projekto reali\u011dos 7 eksterlandaj movi\u011doj, en kiuj prtoprenos po unu reprezentanto de DEC, kaj seminario de invitota eksterlanda fakulo, okazonta en Kroatio. La celo de la projekto estas plifortigi kaj perfektigi la spertojn de la membraro kaj personaro de DEC por instigi ilian personan evuon, ri\u0109igon de internaciaj ligoj, enretigon de partorpenantoj kaj plialtigon de la kvalito de volontulaj aktivecoj.<\/span><\/p><br><p><span style=\"white-space: normal;\"><span style=\"white-space:pre\">\t<\/span>Dum julio kaj a\u016dgusto 2023, enkadre de la projekto, Grozdana Grubi\u0161i\u0107-Popovi\u0107 partoprenis la seminarion <strong><a href=\"https:\/\/novo.dec-kroatio.hr\/wp-content\/uploads\/2024\/06\/enmigrado_kunfluo_de_homaj_valoroj.pdf\">\u201eEnmigrado - kunfluo de homaj valoroj\u201d<\/a><\/strong>, dedi\u0109itan al konfronti\u011do kun defioj lige al migrado-fluoj kaj al integrigo kaj inkuzivigo de migrantoj en E\u016dropo. La seminario okazis en la Teknologia universitato en Torino (Italio) dum la 108-a Universala Kongreso de Esperanto inter la 29-a de julio kaj 5-a de a\u016dgusto. Pritraktitaj estis la temoj de subteno al migrantoj, klimat\u015dan\u011doj, militoj kaj mizero kiel rezultoj de migrada krizo, neceso de migrado, kartografio de internaciaj migradoj, migrado kaj integrado, spertoj de migrantoj el DR Kongo, migrado de judoj, rolo de Esperanto en helpado al migrantoj ktp.<\/span><\/p><br><p><span style=\"white-space: normal;\"><span style=\"white-space:pre\">\t<\/span>La 11-an kaj 12-an de oktobro 2023 Josip Pleadin partorpenis en la laboro de <a href=\"https:\/\/novo.dec-kroatio.hr\/wp-content\/uploads\/2024\/06\/programo-de-la-internacia-seminario-pri-sociaj-retoj-kaj-homa-konduto.pdf\"><strong xmlns=\"http:\/\/www.w3.org\/1999\/xhtml\">\u201eInternacia seminario pri sociaj retoj kaj homa konduto\u201d<\/strong><\/a><strong><\/strong>, kiu okazis en la Filologia fakultato de la Universitato en Sevilo (Hispanio). La seminarion organizis scienca asocio Civiencia dum la 81-a kongreso de hispanaj esprantistoj, kaj estis pritraktita dekkvino da sciencaj temoj, precipe ligitaj al lingvoinstruado, influo de sociaj retoj, virtualaj lernokomunumoj, potencialoj de ChatCPT, reala\u0135oj de artefarita intelekto ktp. <a href=\"https:\/\/novo.dec-kroatio.hr\/eo\/europski-horizonti-za-rast-foto\/\"><strong xmlns=\"http:\/\/www.w3.org\/1999\/xhtml\">Fotoj.<\/strong><\/a><strong><\/strong><\/span><\/p><br><p><strong><a href=\"https:\/\/bitoteko.esperanto.es\/xmlui\/handle\/11013\/7192\">https:\/\/bitoteko.esperanto.es\/xmlui\/handle\/11013\/7192<\/a><\/strong><\/p><p><strong><a href=\"https:\/\/bitoteko.esperanto.es\/xmlui\/handle\/11013\/7190\">https:\/\/bitoteko.esperanto.es\/xmlui\/handle\/11013\/7190<\/a><\/strong><\/p><p><strong><a href=\"https:\/\/bitoteko.esperanto.es\/xmlui\/handle\/11013\/7195\">https:\/\/bitoteko.esperanto.es\/xmlui\/handle\/11013\/7195<\/a><\/strong><\/p><p><strong><a href=\"https:\/\/bitoteko.esperanto.es\/xmlui\/handle\/11013\/7193\">https:\/\/bitoteko.esperanto.es\/xmlui\/handle\/11013\/7193<\/a><\/strong><\/p><p><strong><a href=\"https:\/\/bitoteko.esperanto.es\/xmlui\/handle\/11013\/7196\">https:\/\/bitoteko.esperanto.es\/xmlui\/handle\/11013\/7196<\/a><\/strong><\/p><p><strong><a href=\"https:\/\/bitoteko.esperanto.es\/xmlui\/handle\/11013\/7189\">https:\/\/bitoteko.esperanto.es\/xmlui\/handle\/11013\/7189<\/a><\/strong><\/p><p><strong><a href=\"https:\/\/bitoteko.esperanto.es\/xmlui\/handle\/11013\/7187\">https:\/\/bitoteko.esperanto.es\/xmlui\/handle\/11013\/7187<\/a><\/strong><\/p><p><strong><a href=\"https:\/\/bitoteko.esperanto.es\/xmlui\/handle\/11013\/7197\">https:\/\/bitoteko.esperanto.es\/xmlui\/handle\/11013\/7197<\/a><\/strong><\/p><p><strong><a href=\"https:\/\/bitoteko.esperanto.es\/xmlui\/handle\/11013\/7183\">https:\/\/bitoteko.esperanto.es\/xmlui\/handle\/11013\/7183<\/a><\/strong><\/p><p><strong><a href=\"https:\/\/bitoteko.esperanto.es\/xmlui\/handle\/11013\/7191\">https:\/\/bitoteko.esperanto.es\/xmlui\/handle\/11013\/7191<\/a><\/strong><\/p><p><strong><a href=\"https:\/\/bitoteko.esperanto.es\/xmlui\/handle\/11013\/7184\">https:\/\/bitoteko.esperanto.es\/xmlui\/handle\/11013\/7184<\/a><\/strong><\/p><p><strong><a href=\"https:\/\/bitoteko.esperanto.es\/xmlui\/handle\/11013\/7188\">https:\/\/bitoteko.esperanto.es\/xmlui\/handle\/11013\/7188<\/a><\/strong><\/p><p><strong><a href=\"https:\/\/bitoteko.esperanto.es\/xmlui\/handle\/11013\/7185\">https:\/\/bitoteko.esperanto.es\/xmlui\/handle\/11013\/7185<\/a><\/strong><\/p><p><strong><a href=\"https:\/\/bitoteko.esperanto.es\/xmlui\/handle\/11013\/7194\">https:\/\/bitoteko.esperanto.es\/xmlui\/handle\/11013\/7194<\/a><\/strong><\/p><p><a href=\"https:\/\/bitoteko.esperanto.es\/xmlui\/handle\/11013\/7186\"><strong>https:\/\/bitoteko.esperanto.es\/xmlui\/handle\/11013\/7186<\/strong><\/a><\/p><br><p><span style=\"font-size: 12px; white-space: pre;\">\t<\/span>En la tria movi\u011do enkadre de la projekto partoprenis Roberto Maglica, kiu ekde la 6-a\n\u011dis la 14-a de julio 2024 restadis en la internacia seminario &quot;Maratona kursaro&quot; en la\nfranca kastelo Gr\u00e9sillon en la regiono de la rivero Loaro. La celo de la seminario estis\nleksika pliri\u0109igo kun aparta akcento sur la interkultura komunikado kaj komeptento.\nLa seminarion gvidis universitata profesorino Ilona Koutny, gvidantino de la\npostdiploma interlingvitika studo en la Unvevrsitato Adam Mickiewicz en Poznano\n(Pollando). Nia partnera organiza\u0135o estis Maison Culturelle de l\u2019esp\u00e9ranto el urbo\nBaug\u00e9 en Anjou.&nbsp;<\/p><br><p><span style=\"font-size: 12px; white-space: pre;\">\t<\/span>La kvara movi\u011do okazis dum la 90-a itala kongreso de Esperanto en\nMontecatini Terme, dum kiu oni diskutis pri la temo &quot;Esperanto por lingva kaj\ninterkultura kompetento&quot;, kaj la prelegantoj estis profesoro Duncan Charters el la\nKolegio Principia en Ilinojo kaj Ilona Koutny el la Universitato Adam Mickiewicz en\nPoznano. La seminario da\u016dris inter la 24-a kaj 31-a de a\u016dgusto 2024.&nbsp;<\/p><br><p><span style=\"font-size: 12px; white-space: pre;\">\t<\/span>La kvina movi\u011do okazis sub la titolo &quot;Interkulture kaj inkluzive&quot; en la Lernejo\npor blinduloj kaj malbonvidantoj Veljko Ramadanovi\u0107 en Zemun (Serbio). Temis pri\ninternacia seminario pri interkultura kompetento kaj uzado de Esperanto en \u011dia\n\nperado kaj pri edukado de instruistoj. La seminario da\u016dris 30 lernohorojn kaj okazis\ndum ses tagoj inter la 17-a kaj 24-a de a\u016dgusto 2024. Nia partoprenanto estis Nata\u0161a\nDorosuli\u0107, kaj la akiritaj kompetentoj aparte rilatas al laboro kun blinduloj kaj\nmalbonvidantoj.&nbsp;<\/p><br><p><span style=\"font-size: 12px; white-space: pre;\">\t<\/span>En la sesa movi\u011do, okazinta dum la 82-a hispana kongreso de Esperanto en la\nurbeto Cheste apud Valencio, partoprenis Zdravko Sele\u0161. Temis pri internacia\nseminario pri interkultura kompetento, kaj \u0109irka\u016d 25 prelegoj, laborejoj kaj atelieroj\nokazis en la Laboruniversitato de Cheste inter la 5-a kaj 8-a de oktobro 2024.&nbsp;<\/p><br><p>&nbsp; &nbsp; &nbsp;La sepa movi\u011do estis KAEST (Konferenco pri apliko de Eperanto en scienco\nkaj tekniko) en la slovaka urbo \u017dilina, en kiu inter la 7-a kaj 10-a de oktobro 2024\npartoprenis Marija Jerkovi\u0107, kiu akiris spertojn pri praktika uzado de artefarita\nintelekto, pensantaj ma\u015dinoj kaj virtuala realo. Konkrete, temis pri tio, kiel oportune\nuzi la artefaritan intelekton, la aplika\u0135on Copilot kaj virtualan realon kiel niajn\n\u0109iutaga\u0135ojn.&nbsp;<\/p><br><p><span style=\"font-size: 12px; white-space: pre;\">\t<\/span>La lasta movi\u011do, respektive invito de eksterlanda fakulo, okazis en \u0110ur\u0111evac\ninter la 21-a kaj 24-a de novembro 2024. Temis pri fina movi\u011do por \u0109iuj\npartoprenintoj en la sep anta\u016daj movi\u011doj kaj por kunlaborantoj el Bjelovara\nEsperantista Societo kaj Unui\u011do de Prelegantoj de Esperanto el Zagrebo, cele al\ndisvastigo de la projektaj rezultoj. La invitita fakulo estis L\u00e1szl\u00f3 Szilv\u00e1si el\nBudape\u015dto (Hungario), kiu kun la partoprenintoj laboris pri la temo de artefarita\nintelekto, sociaj retoj, sociaj ludoj kaj ilia uzado en la edukado. Aldone prelegis\nZdravko Sele\u0161 pri la problemoj kaj defioj en la klasika edukado kaj pri manieroj de\nilia solvado per uzado de ciferecaj teknologioj.<\/p>","protected":false},"excerpt":{"rendered":"","protected":false},"author":1,"featured_media":0,"parent":0,"menu_order":0,"comment_status":"closed","ping_status":"closed","template":"","meta":[],"_links":{"self":[{"href":"https:\/\/novo.dec-kroatio.hr\/eo\/wp-json\/wp\/v2\/pages\/1342"}],"collection":[{"href":"https:\/\/novo.dec-kroatio.hr\/eo\/wp-json\/wp\/v2\/pages"}],"about":[{"href":"https:\/\/novo.dec-kroatio.hr\/eo\/wp-json\/wp\/v2\/types\/page"}],"author":[{"embeddable":true,"href":"https:\/\/novo.dec-kroatio.hr\/eo\/wp-json\/wp\/v2\/users\/1"}],"replies":[{"embeddable":true,"href":"https:\/\/novo.dec-kroatio.hr\/eo\/wp-json\/wp\/v2\/comments?post=1342"}],"version-history":[{"count":12,"href":"https:\/\/novo.dec-kroatio.hr\/eo\/wp-json\/wp\/v2\/pages\/1342\/revisions"}],"predecessor-version":[{"id":2048,"href":"https:\/\/novo.dec-kroatio.hr\/eo\/wp-json\/wp\/v2\/pages\/1342\/revisions\/2048"}],"wp:attachment":[{"href":"https:\/\/novo.dec-kroatio.hr\/eo\/wp-json\/wp\/v2\/media?parent=1342"}],"curies":[{"name":"wp","href":"https:\/\/api.w.org\/{rel}","templated":true}]}}