{"id":1303,"date":"2024-03-24T08:40:58","date_gmt":"2024-03-24T08:40:58","guid":{"rendered":"https:\/\/novo.dec-kroatio.hr\/about\/"},"modified":"2024-05-13T05:46:22","modified_gmt":"2024-05-13T05:46:22","slug":"kongresni-izleti-2024","status":"publish","type":"page","link":"https:\/\/novo.dec-kroatio.hr\/eo\/kongresni-izleti-2024\/","title":{"rendered":"Kongresaj ekskursoj"},"content":{"rendered":"<h2>Kongresaj ekskursoj<\/h2>\n<p><b>Kongres hrvatskih esperantista, Prvi\u0107 Luka (Otok Prvi\u0107) 21.06 &#8211; 28.06.2024.<\/b><\/p>\n<p class=\"BasicParagraph\">Karaj kongresanoj, bonvolu tuj, sed laste \u011dis la 20-a de majo 2024 elekti ekskursojn kaj pagi kiel garantion 50% de sumoj por viaj preferataj ekskursojn! La reston vi pagos al la kongresa kasisto surloke!\nMendu la ekskursojn \u0109e: dec.kroatio@gmail.com kaj pagu al la konto de Dokumenta Esperanto-Centro (Dokumentacijski esperantski centar) n-ro: HR0723400091111000952.<\/p><br><p class=\"BasicParagraph\"><strong>E1 - NACIA PARKO KORNATI (la 23-a de junio); Prezo: 100,00 EUR<\/strong><\/p><p class=\"BasicParagraph\">Konsideru, ke Kornati estas protektita insularo, kaj la ekskurso konsistas \u0109efe el plurhora \u015dipa veturado kaj \u011duado de la insulara kaj mara pejza\u011doj, sen eliri sur la bordon. Ni ankri\u011dos en iu golfo por na\u011di kaj sunumi, sed ni ne povos surbordi\u011di! La ekskurso ta\u016dgas nur por bonaj na\u011dantoj a\u016d por tiuj kiuj kapablas trovi interesajn aktiva\u0135ojn sur\u015dipe, \u0109ar la maro estas profunda, sen malprofunda\u0135oj kaj strandoj! La Nacia parko Kornati konsistas el 89 insuloj, insuletoj kaj rifoj. \u011ci estas proklamita nacia parko en 1980. Kompleta areo de la parko okupas 220 kvadratkilometrojn, el kio nur unu kvarono estas tero kaj la cetero estas maraj ekosistemoj. \u0108i tiu ekskurso estas nekutima kaj neforgesebla traviva\u0135o. \nLa prezo inkluzivas \u015dipan veturadon, enirbileton kaj tagman\u011don sur la \u015dipo.<\/p><p class=\"BasicParagraph\">Cijena uklju\u010duje plovidbu brodom, ulaznice i ru\u010dak na brodu.<\/p><br><p class=\"BasicParagraph\"><strong>E2 &#8211; NACIONALNI PARK KRKA (22. lipnja); Cijena: 95,00 EUR<\/strong><\/p><p class=\"BasicParagraph\">La Nacia parko Krka sian nomon ricevis la\u016d la samnoma rivero. \u011ci situas en meza Dalmatio, kelkajn kilometrojn nordoriente de la urbo \u0160ibenik. La parko okupas la regionon apud la rivero Krka kaj havas areon de 109 kvadratkilometroj, el kiuj unu kvaronon okupas akvo. Nia ekskurso gvidos nin \u015dipe al Skradinski buk, la plej bela loko de la parko kun imponaj akvofaloj kaj kaskdoj. De tie ni piede vizitos vidinda\u0135ojn de la parko.<\/p><p class=\"BasicParagraph\">La prezo inkluzivas \u015dipan veturadon, enirbiletojn kaj tagman\u011don sur la \u015dipo.<\/p><br><p class=\"BasicParagraph\"><strong>E3 - INSULARO DE \u0160IBENIK (Zlarin, Kaprije, Obonjan, la 25-a de junio); Prezo: 75,00 EUR<\/strong><\/p><p class=\"BasicParagraph\">Temas pri tre interesa \u015dipa ekskurso tra la arkipelago de \u0160ibenik. Kiujn insulojn ni vizitos, dependas de la vetero dum nia ekskursa tago. La prezo inkluzivas \u015dipveturadon, haltadon \u0109e diversaj insuloj, sunumadon sur pla\u011doj kaj na\u011dadon en la maro. Inkluzivita estas anka\u016d tagman\u011do sur la \u015dipo a\u016d en iu golfo.<\/p><br><p class=\"BasicParagraph\"><strong>E4 &#8211; PRIMO\u0160TEN (28. lipnja); Cijena: Besplatno za putnike u zajedni\u010dkom kongresnom autobusu, a za ostale: 10,00 EUR.<\/strong><\/p><p class=\"BasicParagraph\">La celo de \u0109i tiu ekskurso estas la urbeto Primo\u0161ten, situanta kvardekon da kilometroj for de \u0160ibenik. Inter esperantistoj \u011di estis iam tre populara kaj fama pro la Esperanto-kampadejo, kiu estis fondita en la jaro 1961. Dum nia ekskurso ni rememoros pri tiu historio. La ekskurso okazos buse, kaj la urbeton ni vizitos piede.<\/p><p class=\"BasicParagraph\">La prezo inkluzivas nur busan veturadon!<\/p><br><br><p class=\"BasicParagraph\">La planitaj tagman\u011doj estas deviga parto de \u0109iu ekskurso, inkluzivitaj en la pagataj sumoj. Por \u0109iuj \u015dipaj ekskursoj oni rajtas kunporti anka\u016d aldonajn proprajn man\u011da\u0135ojn kaj trinka\u0135on, sed anka\u016d sur la \u015dipo a\u0109eteblas diversaj trinka\u0135oj.<\/p><br><p class=\"BasicParagraph\">\u0108iuj prezoj estas kalkulitaj je minimume 30 personoj. \u0108iuj uzotaj \u015dipoj estos rezervitaj nur por nia esperantista grupo. Por povi garantii la ekskursajn voja\u011dojn, bonvolu tuj rezervi vian lokon en elektitaj ekskursoj. La organizanto rajtas nuligi ekskurson por kiu ali\u011dis malpli ol 30 personoj. Kaze de nuligo de la ekskurso, la pagintoj rericevos kompletan pagitan sumon. Se iu paginto rezignos pri la ekskurso, tiu rajtas cedi sian lokon al alia persono, sed ne rajtas rericevi la monon.<\/p>","protected":false},"excerpt":{"rendered":"","protected":false},"author":1,"featured_media":0,"parent":0,"menu_order":0,"comment_status":"closed","ping_status":"closed","template":"","meta":[],"_links":{"self":[{"href":"https:\/\/novo.dec-kroatio.hr\/eo\/wp-json\/wp\/v2\/pages\/1303"}],"collection":[{"href":"https:\/\/novo.dec-kroatio.hr\/eo\/wp-json\/wp\/v2\/pages"}],"about":[{"href":"https:\/\/novo.dec-kroatio.hr\/eo\/wp-json\/wp\/v2\/types\/page"}],"author":[{"embeddable":true,"href":"https:\/\/novo.dec-kroatio.hr\/eo\/wp-json\/wp\/v2\/users\/1"}],"replies":[{"embeddable":true,"href":"https:\/\/novo.dec-kroatio.hr\/eo\/wp-json\/wp\/v2\/comments?post=1303"}],"version-history":[{"count":2,"href":"https:\/\/novo.dec-kroatio.hr\/eo\/wp-json\/wp\/v2\/pages\/1303\/revisions"}],"predecessor-version":[{"id":1305,"href":"https:\/\/novo.dec-kroatio.hr\/eo\/wp-json\/wp\/v2\/pages\/1303\/revisions\/1305"}],"wp:attachment":[{"href":"https:\/\/novo.dec-kroatio.hr\/eo\/wp-json\/wp\/v2\/media?parent=1303"}],"curies":[{"name":"wp","href":"https:\/\/api.w.org\/{rel}","templated":true}]}}