{"id":1251,"date":"2023-01-14T12:00:58","date_gmt":"2023-01-14T12:00:58","guid":{"rendered":"https:\/\/novo.dec-kroatio.hr\/about\/"},"modified":"2023-12-28T15:58:40","modified_gmt":"2023-12-28T15:58:40","slug":"narudzbenica-za-smjestaj-2024","status":"publish","type":"page","link":"https:\/\/novo.dec-kroatio.hr\/eo\/narudzbenica-za-smjestaj-2024\/","title":{"rendered":"Narud\u017ebenica za smje\u0161taj &#8211; 2024"},"content":{"rendered":"<h2>MENDILO \/ NARUD\u017dBENICA<\/h2>\n<div class=\"wpcf7 no-js\" id=\"wpcf7-f1250-o1\" lang=\"hr\" dir=\"ltr\">\n<div class=\"screen-reader-response\"><p role=\"status\" aria-live=\"polite\" aria-atomic=\"true\"><\/p> <ul><\/ul><\/div>\n<form action=\"\/eo\/wp-json\/wp\/v2\/pages\/1251#wpcf7-f1250-o1\" method=\"post\" class=\"wpcf7-form init\" aria-label=\"Kontakt obrazac\" enctype=\"multipart\/form-data\" novalidate=\"novalidate\" data-status=\"init\" data-trp-original-action=\"\/eo\/wp-json\/wp\/v2\/pages\/1251#wpcf7-f1250-o1\">\n<div style=\"display: none;\">\n<input type=\"hidden\" name=\"_wpcf7\" value=\"1250\" \/>\n<input type=\"hidden\" name=\"_wpcf7_version\" value=\"5.7.2\" \/>\n<input type=\"hidden\" name=\"_wpcf7_locale\" value=\"hr\" \/>\n<input type=\"hidden\" name=\"_wpcf7_unit_tag\" value=\"wpcf7-f1250-o1\" \/>\n<input type=\"hidden\" name=\"_wpcf7_container_post\" value=\"0\" \/>\n<input type=\"hidden\" name=\"_wpcf7_posted_data_hash\" value=\"\" \/>\n<\/div>\n<p><label> Kongresa numero \/ Kongresni broj: <\/label><br \/>\n<span class=\"wpcf7-form-control-wrap\" data-name=\"kongresni-broj\"><input size=\"40\" class=\"wpcf7-form-control wpcf7-text wpcf7-validates-as-required\" aria-required=\"true\" aria-invalid=\"false\" value=\"\" type=\"text\" name=\"kongresni-broj\" \/><\/span><br \/>\n<br \/>\n<label> Familia nomo \/ Prezime:<\/label><br \/>\n<span class=\"wpcf7-form-control-wrap\" data-name=\"familia-nomo\"><input size=\"40\" class=\"wpcf7-form-control wpcf7-text wpcf7-validates-as-required\" aria-required=\"true\" aria-invalid=\"false\" value=\"\" type=\"text\" name=\"familia-nomo\" \/><\/span><br \/>\n<br \/>\n<label> Persona nomo \/ Ime:<\/label><br \/>\n<span class=\"wpcf7-form-control-wrap\" data-name=\"persona-nomo\"><input size=\"40\" class=\"wpcf7-form-control wpcf7-text wpcf7-validates-as-required\" aria-required=\"true\" aria-invalid=\"false\" value=\"\" type=\"text\" name=\"persona-nomo\" \/><\/span><br \/>\n<br \/>\n<label> Retadreso \/ Elektroni\u010dka adresa:<\/label><br \/>\n<span class=\"wpcf7-form-control-wrap\" data-name=\"retadreso\"><input size=\"40\" class=\"wpcf7-form-control wpcf7-text wpcf7-validates-as-required\" aria-required=\"true\" aria-invalid=\"false\" value=\"\" type=\"text\" name=\"retadreso\" \/><\/span><br \/>\n<br \/>\n<label> Mi mendas lo\u011dadon (kun inkluzivitaj du man\u011doj) \/ Naru\u010dujem smje\u0161taj (s uklju\u010dena dva<br \/>\nobroka):<\/label><br \/>\n<span class=\"wpcf7-form-control-wrap\" data-name=\"menu-603\"><select class=\"wpcf7-form-control wpcf7-select\" aria-invalid=\"false\" name=\"menu-603\"><option value=\"Unulita \u0109ambro \/ Jednokrevetna soba\">Unulita \u0109ambro \/ Jednokrevetna soba<\/option><option value=\"Du- a\u016d 3-lita \u0109ambro \/ Dvo- ili trokrevetna soba\">Du- a\u016d 3-lita \u0109ambro \/ Dvo- ili trokrevetna soba<\/option><option value=\"Infano \u011dis 12-jara \/ Dijete do 12 godina starosti\">Infano \u011dis 12-jara \/ Dijete do 12 godina starosti<\/option><option value=\"Plurlita \u0109ambro \/ Vi\u0161ekrevetna soba\">Plurlita \u0109ambro \/ Vi\u0161ekrevetna soba<\/option><\/select><\/span><br \/>\n<br \/>\n<label> Mi pagas la sumon de \/ Pla\u0107am iznos od:<\/label><span class=\"wpcf7-form-control-wrap\" data-name=\"text-505\"><input size=\"40\" class=\"wpcf7-form-control wpcf7-text wpcf7-validates-as-required\" aria-required=\"true\" aria-invalid=\"false\" value=\"\" type=\"text\" name=\"text-505\" \/><\/span><label> e\u016droj \/ eura<\/label><br \/>\n<br \/>\n<label> Mi pagas donacon al la kongresa kaso \/ Pla\u0107am donaciju kongresnoj kasi:<\/label><span class=\"wpcf7-form-control-wrap\" data-name=\"iznos-donacije-kasi\"><input size=\"40\" class=\"wpcf7-form-control wpcf7-text wpcf7-validates-as-required\" aria-required=\"true\" aria-invalid=\"false\" value=\"\" type=\"text\" name=\"iznos-donacije-kasi\" \/><\/span><label>e\u016droj \/ eura <\/label><br \/>\n<br \/>\n<label> SUME \/ UKUPNO:<\/label><span class=\"wpcf7-form-control-wrap\" data-name=\"iznos-ukupno\"><input size=\"40\" class=\"wpcf7-form-control wpcf7-text wpcf7-validates-as-required\" aria-required=\"true\" aria-invalid=\"false\" value=\"\" type=\"text\" name=\"iznos-ukupno\" \/><\/span><label> e\u016droj \/ eura<\/label><br \/>\n<br \/>\n<label> Mi petas informon pri kongresaj ekskursoj \/ Molim informaciju o kongresnim izletima:<\/label><br \/>\n<span class=\"wpcf7-form-control-wrap\" data-name=\"menu-604\"><select class=\"wpcf7-form-control wpcf7-select\" aria-invalid=\"false\" multiple=\"multiple\" name=\"menu-604[]\"><option value=\"a) Nacia parko Kornati \/ Nacionalni park Kornati\">a) Nacia parko Kornati \/ Nacionalni park Kornati<\/option><option value=\"b) Nacia parko Akvofaloj de Kraka \/ Nacionalni park Slapovi Krke\">b) Nacia parko Akvofaloj de Kraka \/ Nacionalni park Slapovi Krke<\/option><option value=\"c) Primo\u015dteno \/ Primo\u0161ten\">c) Primo\u015dteno \/ Primo\u0161ten<\/option><option value=\"d) Split \/ Split\">d) Split \/ Split<\/option><\/select><\/span><br \/>\n<br \/>\n<label> Dato de mendo \/ Datum narud\u017ebe:<\/label><br \/>\n<span class=\"wpcf7-form-control-wrap\" data-name=\"date-358\"><input class=\"wpcf7-form-control wpcf7-date wpcf7-validates-as-required wpcf7-validates-as-date\" aria-required=\"true\" aria-invalid=\"false\" value=\"\" type=\"date\" name=\"date-358\" \/><\/span><span class=\"wpcf7-form-control-wrap\" data-name=\"datum-narudzbe\"><input class=\"wpcf7-form-control wpcf7-date wpcf7-validates-as-date\" min=\"2023-12-28\" max=\"2024-06-21\" aria-invalid=\"false\" value=\"\" type=\"date\" name=\"datum-narudzbe\" \/><\/span><br \/>\n<br \/>\n<label> Noto \/ Napomena:<\/label><br \/>\n<span class=\"wpcf7-form-control-wrap\" data-name=\"napomene\"><textarea cols=\"40\" rows=\"10\" class=\"wpcf7-form-control wpcf7-textarea\" aria-invalid=\"false\" name=\"napomene\"><\/textarea><\/span><br \/>\n<br \/>\n<label> Dosiero \/ Datoteka<br \/>\n<span class=\"wpcf7-form-control-wrap\" data-name=\"dosiero\"><input size=\"40\" class=\"wpcf7-form-control wpcf7-file\" accept=\"audio\/*,video\/*,image\/*\" aria-invalid=\"false\" type=\"file\" name=\"dosiero\" \/><\/span> <\/label><br \/>\n<input class=\"wpcf7-form-control has-spinner wpcf7-submit\" type=\"submit\" value=\"Sendi\" \/>\n<\/p><div class=\"wpcf7-response-output\" aria-hidden=\"true\"><\/div><input type=\"hidden\" name=\"trp-form-language\" value=\"eo\"\/><\/form><\/div>","protected":false},"excerpt":{"rendered":"","protected":false},"author":1,"featured_media":0,"parent":0,"menu_order":0,"comment_status":"closed","ping_status":"closed","template":"","meta":[],"_links":{"self":[{"href":"https:\/\/novo.dec-kroatio.hr\/eo\/wp-json\/wp\/v2\/pages\/1251"}],"collection":[{"href":"https:\/\/novo.dec-kroatio.hr\/eo\/wp-json\/wp\/v2\/pages"}],"about":[{"href":"https:\/\/novo.dec-kroatio.hr\/eo\/wp-json\/wp\/v2\/types\/page"}],"author":[{"embeddable":true,"href":"https:\/\/novo.dec-kroatio.hr\/eo\/wp-json\/wp\/v2\/users\/1"}],"replies":[{"embeddable":true,"href":"https:\/\/novo.dec-kroatio.hr\/eo\/wp-json\/wp\/v2\/comments?post=1251"}],"version-history":[{"count":4,"href":"https:\/\/novo.dec-kroatio.hr\/eo\/wp-json\/wp\/v2\/pages\/1251\/revisions"}],"predecessor-version":[{"id":1257,"href":"https:\/\/novo.dec-kroatio.hr\/eo\/wp-json\/wp\/v2\/pages\/1251\/revisions\/1257"}],"wp:attachment":[{"href":"https:\/\/novo.dec-kroatio.hr\/eo\/wp-json\/wp\/v2\/media?parent=1251"}],"curies":[{"name":"wp","href":"https:\/\/api.w.org\/{rel}","templated":true}]}}