{"id":38,"date":"2021-04-03T12:12:58","date_gmt":"2021-04-03T12:12:58","guid":{"rendered":"https:\/\/novo.dec-kroatio.hr\/about\/"},"modified":"2022-01-24T08:06:34","modified_gmt":"2022-01-24T08:06:34","slug":"o-nama","status":"publish","type":"page","link":"http:\/\/novo.dec-kroatio.hr\/eo\/o-nama\/","title":{"rendered":"Pri ni"},"content":{"rendered":"<h2>Pri ni\u00a0<\/h2>\r\n\r\n\r\n\r\n<p class=\" translation-block\">Dokumenta Esperanto-Centro (DEC) el \u0110ur\u0111evac, estas la nacia Esperanto-arkivo<br>de kroatiaj esperantistoj kaj unu el la plej grandaj Esperanto-kolektoj en la teritorio de sudorienta E\u016dropo. <br>La arkivo ekformi\u011dis en la komenco de la 1980-aj jaroj kiel privata kolekto de Esperanta\u0135oj de<br>Josip Pleadin, kaj oficili\u011dis per fondo de la civitana societo nomita Dokumenta Esperanto-Centro<br>(DEC) la 13-an de junio 2010.<\/p>\r\n<p>&nbsp;<\/p>\r\n<p class=\" translation-block\">Kiel prioritataj taskoj de DEC, en la artikolo 8 de \u011dia <a href=\"http:\/\/novo.dec-kroatio.hr\/wp-content\/uploads\/2021\/04\/dokumenti-jp\/Statuto-de-DEC.pdf\"><u><strong>Statuto<\/strong><\/u> trovi\u011das \u201easocii\u011do de esperantistoj kaj<br>simpatiantoj de Esperanto en la projektoj de kolektado, arkivado, konservado, protektado, valorigo, <br>dokumentado, prilaboro kaj uzado de libroj, gazetoj, fotoj, dokumentoj kaj aliaj presitaj,<br>skribitaj, fotitaj, filmitaj, sonaj kaj elektronikaj materialoj en kaj pri la Internacia Lingvo Esperanto,<br>savado de tiaj materialoj el pereo kaj klopodado protekti ilin flanke de urbaj, regionaj a\u016d<br>\u015dtataj institucioj kiel nacian kulturan hereda\u0135on\u201d.<\/p>\r\n<p>&nbsp;<\/p>\r\n<p>Rje\u0161enjem Uprave za za\u0161titu kulturne ba\u0161tine od 11. velja\u010de 2019. godine, KLASA: UP\/I-<br \/>612-08\/18-06\/0150, URBROJ: 532-04-01-03-02\/2-19-2, \u201etradicija esperanta u Hrvatskoj\u201d stekla je<br \/>svojstvo nematerijalnog kulturnog dobra te upisana u Registar kulturnih dobara Republike Hrvatske<br \/>&#8211; Listu za\u0161ti\u0107enih kulturnih dobara pod brojem Z &#8211; 7298. U predmetnom Rje\u0161enju Dokumentacijski<br \/>esperantski centar iz \u0110ur\u0111evca izrijekom se navodi kao jedan od nositelja navedenog kulturnog<br \/>dobra te je postao najzna\u010dajnijim \u010duvateljem esperantske arhivske gra\u0111e u Hrvatskoj, ali i gra\u0111e za<br \/>podru\u010dje biv\u0161e Jugoslavije.<\/p>\r\n<p>&nbsp;<\/p>\r\n<p class=\" translation-block\">La arkiva kolekto de DEC staras je dispono de \u0109iuj interesi\u011dantaj personoj kaj institucioj. Pri<br> la kondi\u0109oj por \u011dia uzado bonvolu legi \u0109i <a href=\"https:\/\/novo.dec-kroatio.hr\/eo\/uvjeti-koristenja\/\"><u><strong>tie<\/strong><\/u>.<\/p>\r\n<p>&nbsp;<\/p>\r\n<p><strong>Sjedi\u0161te:<\/strong> Bana Jela\u010di\u0107a 138A, HR-48350 \u0110ur\u0111evac, Hrvatska<br \/>Posjeti mogu\u0107i od ponedjeljka do subote uz prethodnu najavu.<br \/><strong>Elektroni\u010dka adresa:<\/strong> dec.kroatio@gmail.com<br \/><strong>Telefono:<\/strong> +385 48 733 297<br \/><strong>Radni jezici:<\/strong> hrvatski i esperanto<br \/><strong>OIB:<\/strong> 05256180196<br \/><strong>Poslovni ra\u010dun:<\/strong> HR0723400091111000952<\/p>\r\n\r\n\r\n\r\n\r\n\r\n\r\n\r\n\r\n\r\n\r\n\r\n<p>&nbsp;<\/p>","protected":false},"excerpt":{"rendered":"<p>&nbsp;<\/p>","protected":false},"author":1,"featured_media":0,"parent":0,"menu_order":0,"comment_status":"closed","ping_status":"closed","template":"","meta":[],"_links":{"self":[{"href":"http:\/\/novo.dec-kroatio.hr\/eo\/wp-json\/wp\/v2\/pages\/38"}],"collection":[{"href":"http:\/\/novo.dec-kroatio.hr\/eo\/wp-json\/wp\/v2\/pages"}],"about":[{"href":"http:\/\/novo.dec-kroatio.hr\/eo\/wp-json\/wp\/v2\/types\/page"}],"author":[{"embeddable":true,"href":"http:\/\/novo.dec-kroatio.hr\/eo\/wp-json\/wp\/v2\/users\/1"}],"replies":[{"embeddable":true,"href":"http:\/\/novo.dec-kroatio.hr\/eo\/wp-json\/wp\/v2\/comments?post=38"}],"version-history":[{"count":22,"href":"http:\/\/novo.dec-kroatio.hr\/eo\/wp-json\/wp\/v2\/pages\/38\/revisions"}],"predecessor-version":[{"id":490,"href":"http:\/\/novo.dec-kroatio.hr\/eo\/wp-json\/wp\/v2\/pages\/38\/revisions\/490"}],"wp:attachment":[{"href":"http:\/\/novo.dec-kroatio.hr\/eo\/wp-json\/wp\/v2\/media?parent=38"}],"curies":[{"name":"wp","href":"https:\/\/api.w.org\/{rel}","templated":true}]}}