{"id":244,"date":"2021-04-03T12:12:58","date_gmt":"2021-04-03T12:12:58","guid":{"rendered":"https:\/\/novo.dec-kroatio.hr\/about\/"},"modified":"2021-04-27T08:56:37","modified_gmt":"2021-04-27T08:56:37","slug":"katalozi","status":"publish","type":"page","link":"http:\/\/novo.dec-kroatio.hr\/eo\/katalozi\/","title":{"rendered":"Katalogoj"},"content":{"rendered":"<h2>Katalogoj\u00a0<\/h2>\r\n\r\n\r\n\r\n<p>Dokumenta Esperanto-Centro (DEC) estas plurspeca kolektajo, en kiu oni\nkonservas diversspecajn objektojn de la Esperanta kulturo, de libroj, gazetoj, fotoj,\nsonaj kaj filmaj registrajhoj, ghis diversaj chiutagaj objektoj, sed ankau specialaj\ndosieroj pri homoj kaj eventoj el la Epseranta historio.<\/p>\r\n<p>&nbsp;<\/p>\r\n<p>Serio L enhavas librojn: L-0001.<\/p>\r\n<p>Serio G enhavas gazetojn: G-0001.<\/p>\r\n<p>Serio O enhavas objektojn: O-0001.<\/p>\r\n<p>Serio F enhavas fotojn: F-0001.<\/p>\r\n<p>Serio D enhavas dosierojn: D-0001.<\/p>\r\n<p>Serio A enhavas gazetartikolojn: A-0001.<\/p>\r\n<p>Serio S enhavas sonajn kaj filmajn registra\u0135ojn (sona\u0135oj): S-0001.<\/p>\r\n<p>&nbsp;<\/p>\r\n<p>Ekzistas anka\u016d diversaj subserioj a\u016d specialaj dosieroj (ekzemple: filatela\u0135oj,\nkolekta\u0135oj de diplomoj ktp.).<\/p>\r\n<p>&nbsp;<\/p>\r\n<p>Numero post la signo de la serio estas la kataloga numero sub kiu konkreta\nobjekto estas registrita. Por \u0109iu serio ekzistas aparta katalogo, uzebla en elektronika\nkaj papera formoj. Post kompleta katalogado de la arkiva\u0135oj, \u0109iuj katalogoj estos\npublike disponigitaj en nia reta pa\u011daro.<\/p>\r\n<p>&nbsp;<\/p>\r\n<p>&nbsp;<\/p>\r\n\r\n\r\n\r\n\r\n\r\n\r\n\r\n\r\n\r\n<p>&nbsp;<\/p>","protected":false},"excerpt":{"rendered":"<p>&nbsp;<\/p>","protected":false},"author":1,"featured_media":0,"parent":0,"menu_order":0,"comment_status":"closed","ping_status":"closed","template":"","meta":[],"_links":{"self":[{"href":"http:\/\/novo.dec-kroatio.hr\/eo\/wp-json\/wp\/v2\/pages\/244"}],"collection":[{"href":"http:\/\/novo.dec-kroatio.hr\/eo\/wp-json\/wp\/v2\/pages"}],"about":[{"href":"http:\/\/novo.dec-kroatio.hr\/eo\/wp-json\/wp\/v2\/types\/page"}],"author":[{"embeddable":true,"href":"http:\/\/novo.dec-kroatio.hr\/eo\/wp-json\/wp\/v2\/users\/1"}],"replies":[{"embeddable":true,"href":"http:\/\/novo.dec-kroatio.hr\/eo\/wp-json\/wp\/v2\/comments?post=244"}],"version-history":[{"count":4,"href":"http:\/\/novo.dec-kroatio.hr\/eo\/wp-json\/wp\/v2\/pages\/244\/revisions"}],"predecessor-version":[{"id":324,"href":"http:\/\/novo.dec-kroatio.hr\/eo\/wp-json\/wp\/v2\/pages\/244\/revisions\/324"}],"wp:attachment":[{"href":"http:\/\/novo.dec-kroatio.hr\/eo\/wp-json\/wp\/v2\/media?parent=244"}],"curies":[{"name":"wp","href":"https:\/\/api.w.org\/{rel}","templated":true}]}}